{"id":3583,"date":"2026-04-29T08:04:22","date_gmt":"2026-04-29T08:04:22","guid":{"rendered":"https:\/\/facowood.com\/?post_type=product&#038;p=3583"},"modified":"2026-04-29T08:04:22","modified_gmt":"2026-04-29T08:04:22","slug":"keo-silicone-fflex-a500","status":"publish","type":"product","link":"https:\/\/facowood.com\/en\/product\/keo-silicone-fflex-a500\/","title":{"rendered":"KEO SILICONE FFLEX A500"},"content":{"rendered":"<h4 data-start=\"65\" data-end=\"328\"><strong data-start=\"65\" data-end=\"86\">1. M\u00f4 t\u1ea3 s\u1ea3n ph\u1ea9m<\/strong><\/h4>\n<p data-start=\"65\" data-end=\"328\">\u00a0 \u00a0 Keo Silicone A500 l\u00e0 d\u00f2ng keo trung t\u00ednh chuy\u00ean d\u00f9ng trong x\u00e2y d\u1ef1ng v\u00e0 n\u1ed9i \u2013 ngo\u1ea1i th\u1ea5t. S\u1ea3n ph\u1ea9m c\u00f3 kh\u1ea3 n\u0103ng b\u00e1m d\u00ednh cao, \u0111\u00e0n h\u1ed3i t\u1ed1t, th\u00edch h\u1ee3p cho tr\u00e1m tr\u00e9t v\u00e0 k\u1ebft d\u00ednh nhi\u1ec1u lo\u1ea1i v\u1eadt li\u1ec7u nh\u01b0 k\u00ednh, nh\u00f4m, g\u1ed7, \u0111\u00e1\u2026 m\u00e0 kh\u00f4ng g\u00e2y \u0103n m\u00f2n.<\/p>\n<h4 data-start=\"330\" data-end=\"588\"><strong data-start=\"330\" data-end=\"353\">2. \u0110\u1eb7c \u0111i\u1ec3m n\u1ed5i b\u00e2\u0323t\u00a0<\/strong><\/h4>\n<ul>\n<li>Keo trung t\u00ednh \u2013 an to\u00e0n cho nhi\u1ec1u b\u1ec1 m\u1eb7t<\/li>\n<li>\u0110\u1ed9 b\u00e1m d\u00ednh cao \u2013 li\u00ean k\u1ebft ch\u1eafc ch\u1eafn<\/li>\n<li>\u0110\u00e0n h\u1ed3i t\u1ed1t \u2013 h\u1ea1n ch\u1ebf n\u1ee9t g\u00e3y theo th\u1eddi gian<\/li>\n<li>Ch\u00f4\u0301ng n\u01b0\u1edbc, ch\u1ecbu nhi\u1ec7t, th\u00edch nghi th\u1eddi ti\u1ebft kh\u1eafc nghi\u1ec7t<\/li>\n<\/ul>\n<h4 data-start=\"590\" data-end=\"607\"><strong data-start=\"590\" data-end=\"605\">3. \u1ee8ng d\u1ee5ng<\/strong><\/h4>\n<ul data-start=\"608\" data-end=\"773\">\n<li data-section-id=\"1s2pr38\" data-start=\"608\" data-end=\"645\">Tr\u00e1m khe c\u1eeda nh\u00f4m k\u00ednh, v\u00e1ch k\u00ednh<\/li>\n<li data-section-id=\"1wzbgdp\" data-start=\"646\" data-end=\"691\">K\u1ebft d\u00ednh v\u1eadt li\u1ec7u: k\u00ednh, kim lo\u1ea1i, g\u1ed7, \u0111\u00e1<\/li>\n<li data-section-id=\"sx30jb\" data-start=\"692\" data-end=\"731\">Ch\u1ed1ng th\u1ea5m khu v\u1ef1c nh\u00e0 v\u1ec7 sinh, b\u1ebfp<\/li>\n<li data-section-id=\"17na5a4\" data-start=\"732\" data-end=\"773\">S\u1eed d\u1ee5ng cho c\u1ea3 n\u1ed9i th\u1ea5t v\u00e0 ngo\u1ea1i th\u1ea5t<\/li>\n<\/ul>\n<h4 data-start=\"775\" data-end=\"813\"><strong data-start=\"775\" data-end=\"811\">4. Th\u00f4ng s\u1ed1 k\u1ef9 thu\u1eadt\u00a0<\/strong><\/h4>\n<ul data-start=\"814\" data-end=\"1029\">\n<li data-section-id=\"hga2md\" data-start=\"814\" data-end=\"847\">Lo\u1ea1i keo: Silicone trung t\u00ednh<\/li>\n<li data-section-id=\"zccnnu\" data-start=\"848\" data-end=\"868\">Dung t\u00edch: 300ml<\/li>\n<li data-section-id=\"1ij23cp\" data-start=\"869\" data-end=\"906\">Th\u1eddi gian kh\u00f4 b\u1ec1 m\u1eb7t: ~10\u201320 ph\u00fat<\/li>\n<li data-section-id=\"1vxrz3o\" data-start=\"907\" data-end=\"948\">Th\u1eddi gian \u0111\u00f3ng r\u1eafn ho\u00e0n to\u00e0n: ~24 gi\u1edd<\/li>\n<li data-section-id=\"vddlvm\" data-start=\"949\" data-end=\"995\">M\u00e0u s\u1eafc: Va\u0300ng g\u00f4\u0303\/ Tr\u0103\u0301ng trong<\/li>\n<\/ul>\n<h4 data-start=\"1031\" data-end=\"1057\"><strong data-start=\"1031\" data-end=\"1055\">5. H\u01b0\u1edbng d\u1eabn s\u1eed d\u1ee5ng<\/strong><\/h4>\n<ul data-start=\"1058\" data-end=\"1276\">\n<li data-section-id=\"1ylorz1\" data-start=\"1058\" data-end=\"1097\">L\u00e0m s\u1ea1ch v\u00e0 kh\u00f4 b\u1ec1 m\u1eb7t c\u1ea7n thi c\u00f4ng<\/li>\n<li data-section-id=\"zs84om\" data-start=\"1098\" data-end=\"1146\">C\u1eaft \u0111\u1ea7u v\u00f2i keo theo k\u00edch th\u01b0\u1edbc khe c\u1ea7n tr\u00e1m<\/li>\n<li data-section-id=\"1g1by5i\" data-start=\"1147\" data-end=\"1185\">D\u00f9ng s\u00fang b\u1eafn keo, b\u01a1m \u0111\u1ec1u v\u00e0o khe<\/li>\n<li data-section-id=\"14d2fc5\" data-start=\"1186\" data-end=\"1225\">Mi\u1ebft keo \u0111\u1ec3 b\u1ec1 m\u1eb7t m\u1ecbn, t\u0103ng \u0111\u1ed9 b\u00e1m<\/li>\n<li data-section-id=\"vj71kk\" data-start=\"1226\" data-end=\"1276\">\u0110\u1ec3 kh\u00f4 t\u1ef1 nhi\u00ean, tr\u00e1nh ti\u1ebfp x\u00fac n\u01b0\u1edbc trong 24h<\/li>\n<\/ul>\n<h4 data-start=\"1278\" data-end=\"1466\"><strong data-start=\"1278\" data-end=\"1292\">6. \u01afu \u0111i\u1ec3m<\/strong><\/h4>\n<ul>\n<li data-start=\"1278\" data-end=\"1466\">Thi c\u00f4ng d\u1ec5 d\u00e0ng, ti\u1ebft ki\u1ec7m th\u1eddi gian<\/li>\n<li data-start=\"1278\" data-end=\"1466\">B\u00e1m ch\u1eafc tr\u00ean nhi\u1ec1u v\u1eadt li\u1ec7u kh\u00e1c nhau<\/li>\n<li data-start=\"1278\" data-end=\"1466\">\u0110\u1ed9 b\u1ec1n cao, ph\u00f9 h\u1ee3p \u0111a d\u1ea1ng h\u1ea1ng m\u1ee5c t\u1eeb d\u00e2n d\u1ee5ng \u0111\u1ebfn c\u00f4ng tr\u00ecnh<\/li>\n<\/ul>","protected":false},"excerpt":{"rendered":"<p>Keo Silicone A500 l\u00e0 d\u00f2ng keo trung t\u00ednh \u0111a n\u0103ng, chuy\u00ean d\u00f9ng tr\u00e1m tr\u00e9t v\u00e0 k\u1ebft d\u00ednh trong n\u1ed9i \u2013 ngo\u1ea1i th\u1ea5t. S\u1ea3n ph\u1ea9m b\u00e1m d\u00ednh t\u1ed1t, \u0111\u00e0n h\u1ed3i cao, ch\u1ed1ng n\u01b0\u1edbc v\u00e0 ch\u1ecbu th\u1eddi ti\u1ebft, gi\u00fap li\u00ean k\u1ebft b\u1ec1n ch\u1eafc v\u00e0 th\u1ea9m m\u1ef9 l\u00e2u d\u00e0i.<\/p>","protected":false},"featured_media":3585,"comment_status":"open","ping_status":"closed","template":"","meta":[],"product_cat":[63],"product_tag":[],"class_list":["post-3583","product","type-product","status-publish","has-post-thumbnail","hentry","product_cat-keo-dan-noi-ngoai-that"],"acf":[],"yoast_head":"<!-- This site is optimized with the Yoast SEO plugin v21.5 - https:\/\/yoast.com\/wordpress\/plugins\/seo\/ -->\n<title>KEO SILICONE FFLEX A500 - Facowood<\/title>\n<meta name=\"description\" content=\"Keo Silicone A500 l\u00e0 d\u00f2ng keo trung t\u00ednh \u0111a n\u0103ng v\u01a1\u0301i kha\u0309 n\u0103\u0301ng b\u00e1m d\u00ednh t\u1ed1t, \u0111\u00e0n h\u1ed3i cao va\u0300 ch\u1ed1ng n\u01b0\u1edbc gi\u00fap li\u00ean k\u1ebft b\u1ec1n ch\u1eafc v\u00e0 th\u1ea9m m\u1ef9 l\u00e2u d\u00e0i.\" \/>\n<meta name=\"robots\" content=\"index, follow, max-snippet:-1, max-image-preview:large, max-video-preview:-1\" \/>\n<link rel=\"canonical\" href=\"https:\/\/facowood.com\/en\/product\/keo-silicone-fflex-a500\/\" \/>\n<meta property=\"og:locale\" content=\"en_GB\" \/>\n<meta property=\"og:type\" content=\"article\" \/>\n<meta property=\"og:title\" content=\"KEO SILICONE FFLEX A500 - Facowood\" \/>\n<meta property=\"og:description\" content=\"Keo Silicone A500 l\u00e0 d\u00f2ng keo trung t\u00ednh \u0111a n\u0103ng v\u01a1\u0301i kha\u0309 n\u0103\u0301ng b\u00e1m d\u00ednh t\u1ed1t, \u0111\u00e0n h\u1ed3i cao va\u0300 ch\u1ed1ng n\u01b0\u1edbc gi\u00fap li\u00ean k\u1ebft b\u1ec1n ch\u1eafc v\u00e0 th\u1ea9m m\u1ef9 l\u00e2u d\u00e0i.\" \/>\n<meta property=\"og:url\" content=\"https:\/\/facowood.com\/en\/product\/keo-silicone-fflex-a500\/\" \/>\n<meta property=\"og:site_name\" content=\"Facowood\" \/>\n<meta property=\"og:image\" content=\"https:\/\/facowood.com\/wp-content\/uploads\/2026\/04\/a500-scaled.jpg\" \/>\n\t<meta property=\"og:image:width\" content=\"2560\" \/>\n\t<meta property=\"og:image:height\" content=\"1920\" \/>\n\t<meta property=\"og:image:type\" content=\"image\/jpeg\" \/>\n<meta name=\"twitter:card\" content=\"summary_large_image\" \/>\n<meta name=\"twitter:label1\" content=\"Estimated reading time\" \/>\n\t<meta name=\"twitter:data1\" content=\"2 minutes\" \/>\n<script type=\"application\/ld+json\" class=\"yoast-schema-graph\">{\"@context\":\"https:\/\/schema.org\",\"@graph\":[{\"@type\":\"WebPage\",\"@id\":\"https:\/\/facowood.com\/san-pham\/keo-silicone-fflex-a500\/\",\"url\":\"https:\/\/facowood.com\/san-pham\/keo-silicone-fflex-a500\/\",\"name\":\"KEO SILICONE FFLEX A500 - Facowood\",\"isPartOf\":{\"@id\":\"https:\/\/facowood.com\/#website\"},\"datePublished\":\"2026-04-29T08:04:22+00:00\",\"dateModified\":\"2026-04-29T08:04:22+00:00\",\"description\":\"Keo Silicone A500 l\u00e0 d\u00f2ng keo trung t\u00ednh \u0111a n\u0103ng v\u01a1\u0301i kha\u0309 n\u0103\u0301ng b\u00e1m d\u00ednh t\u1ed1t, \u0111\u00e0n h\u1ed3i cao va\u0300 ch\u1ed1ng n\u01b0\u1edbc gi\u00fap li\u00ean k\u1ebft b\u1ec1n ch\u1eafc v\u00e0 th\u1ea9m m\u1ef9 l\u00e2u d\u00e0i.\",\"breadcrumb\":{\"@id\":\"https:\/\/facowood.com\/san-pham\/keo-silicone-fflex-a500\/#breadcrumb\"},\"inLanguage\":\"en-GB\",\"potentialAction\":[{\"@type\":\"ReadAction\",\"target\":[\"https:\/\/facowood.com\/san-pham\/keo-silicone-fflex-a500\/\"]}]},{\"@type\":\"BreadcrumbList\",\"@id\":\"https:\/\/facowood.com\/san-pham\/keo-silicone-fflex-a500\/#breadcrumb\",\"itemListElement\":[{\"@type\":\"ListItem\",\"position\":1,\"name\":\"Trang ch\u1ee7\",\"item\":\"https:\/\/facowood.com\/\"},{\"@type\":\"ListItem\",\"position\":2,\"name\":\"C\u1eeda h\u00e0ng\",\"item\":\"https:\/\/facowood.com\/cua-hang\/\"},{\"@type\":\"ListItem\",\"position\":3,\"name\":\"KEO SILICONE FFLEX A500\"}]},{\"@type\":\"WebSite\",\"@id\":\"https:\/\/facowood.com\/#website\",\"url\":\"https:\/\/facowood.com\/\",\"name\":\"Facowood\",\"description\":\"\",\"publisher\":{\"@id\":\"https:\/\/facowood.com\/#organization\"},\"potentialAction\":[{\"@type\":\"SearchAction\",\"target\":{\"@type\":\"EntryPoint\",\"urlTemplate\":\"https:\/\/facowood.com\/?s={search_term_string}\"},\"query-input\":\"required name=search_term_string\"}],\"inLanguage\":\"en-GB\"},{\"@type\":\"Organization\",\"@id\":\"https:\/\/facowood.com\/#organization\",\"name\":\"Facowood\",\"url\":\"https:\/\/facowood.com\/\",\"logo\":{\"@type\":\"ImageObject\",\"inLanguage\":\"en-GB\",\"@id\":\"https:\/\/facowood.com\/#\/schema\/logo\/image\/\",\"url\":\"https:\/\/facowood.com\/wp-content\/uploads\/2023\/11\/logo_svg.svg\",\"contentUrl\":\"https:\/\/facowood.com\/wp-content\/uploads\/2023\/11\/logo_svg.svg\",\"width\":134,\"height\":56,\"caption\":\"Facowood\"},\"image\":{\"@id\":\"https:\/\/facowood.com\/#\/schema\/logo\/image\/\"}}]}<\/script>\n<!-- \/ Yoast SEO plugin. -->","yoast_head_json":{"title":"KEO SILICONE FFLEX A500 - Facowood","description":"Keo Silicone A500 l\u00e0 d\u00f2ng keo trung t\u00ednh \u0111a n\u0103ng v\u01a1\u0301i kha\u0309 n\u0103\u0301ng b\u00e1m d\u00ednh t\u1ed1t, \u0111\u00e0n h\u1ed3i cao va\u0300 ch\u1ed1ng n\u01b0\u1edbc gi\u00fap li\u00ean k\u1ebft b\u1ec1n ch\u1eafc v\u00e0 th\u1ea9m m\u1ef9 l\u00e2u d\u00e0i.","robots":{"index":"index","follow":"follow","max-snippet":"max-snippet:-1","max-image-preview":"max-image-preview:large","max-video-preview":"max-video-preview:-1"},"canonical":"https:\/\/facowood.com\/en\/product\/keo-silicone-fflex-a500\/","og_locale":"en_GB","og_type":"article","og_title":"KEO SILICONE FFLEX A500 - Facowood","og_description":"Keo Silicone A500 l\u00e0 d\u00f2ng keo trung t\u00ednh \u0111a n\u0103ng v\u01a1\u0301i kha\u0309 n\u0103\u0301ng b\u00e1m d\u00ednh t\u1ed1t, \u0111\u00e0n h\u1ed3i cao va\u0300 ch\u1ed1ng n\u01b0\u1edbc gi\u00fap li\u00ean k\u1ebft b\u1ec1n ch\u1eafc v\u00e0 th\u1ea9m m\u1ef9 l\u00e2u d\u00e0i.","og_url":"https:\/\/facowood.com\/en\/product\/keo-silicone-fflex-a500\/","og_site_name":"Facowood","og_image":[{"width":2560,"height":1920,"url":"https:\/\/facowood.com\/wp-content\/uploads\/2026\/04\/a500-scaled.jpg","type":"image\/jpeg"}],"twitter_card":"summary_large_image","twitter_misc":{"Estimated reading time":"2 minutes"},"schema":{"@context":"https:\/\/schema.org","@graph":[{"@type":"WebPage","@id":"https:\/\/facowood.com\/san-pham\/keo-silicone-fflex-a500\/","url":"https:\/\/facowood.com\/san-pham\/keo-silicone-fflex-a500\/","name":"KEO SILICONE FFLEX A500 - Facowood","isPartOf":{"@id":"https:\/\/facowood.com\/#website"},"datePublished":"2026-04-29T08:04:22+00:00","dateModified":"2026-04-29T08:04:22+00:00","description":"Keo Silicone A500 l\u00e0 d\u00f2ng keo trung t\u00ednh \u0111a n\u0103ng v\u01a1\u0301i kha\u0309 n\u0103\u0301ng b\u00e1m d\u00ednh t\u1ed1t, \u0111\u00e0n h\u1ed3i cao va\u0300 ch\u1ed1ng n\u01b0\u1edbc gi\u00fap li\u00ean k\u1ebft b\u1ec1n ch\u1eafc v\u00e0 th\u1ea9m m\u1ef9 l\u00e2u d\u00e0i.","breadcrumb":{"@id":"https:\/\/facowood.com\/san-pham\/keo-silicone-fflex-a500\/#breadcrumb"},"inLanguage":"en-GB","potentialAction":[{"@type":"ReadAction","target":["https:\/\/facowood.com\/san-pham\/keo-silicone-fflex-a500\/"]}]},{"@type":"BreadcrumbList","@id":"https:\/\/facowood.com\/san-pham\/keo-silicone-fflex-a500\/#breadcrumb","itemListElement":[{"@type":"ListItem","position":1,"name":"Trang ch\u1ee7","item":"https:\/\/facowood.com\/"},{"@type":"ListItem","position":2,"name":"C\u1eeda h\u00e0ng","item":"https:\/\/facowood.com\/cua-hang\/"},{"@type":"ListItem","position":3,"name":"KEO SILICONE FFLEX A500"}]},{"@type":"WebSite","@id":"https:\/\/facowood.com\/#website","url":"https:\/\/facowood.com\/","name":"Facowood","description":"","publisher":{"@id":"https:\/\/facowood.com\/#organization"},"potentialAction":[{"@type":"SearchAction","target":{"@type":"EntryPoint","urlTemplate":"https:\/\/facowood.com\/?s={search_term_string}"},"query-input":"required name=search_term_string"}],"inLanguage":"en-GB"},{"@type":"Organization","@id":"https:\/\/facowood.com\/#organization","name":"Facowood","url":"https:\/\/facowood.com\/","logo":{"@type":"ImageObject","inLanguage":"en-GB","@id":"https:\/\/facowood.com\/#\/schema\/logo\/image\/","url":"https:\/\/facowood.com\/wp-content\/uploads\/2023\/11\/logo_svg.svg","contentUrl":"https:\/\/facowood.com\/wp-content\/uploads\/2023\/11\/logo_svg.svg","width":134,"height":56,"caption":"Facowood"},"image":{"@id":"https:\/\/facowood.com\/#\/schema\/logo\/image\/"}}]}},"_links":{"self":[{"href":"https:\/\/facowood.com\/en\/wp-json\/wp\/v2\/product\/3583","targetHints":{"allow":["GET"]}}],"collection":[{"href":"https:\/\/facowood.com\/en\/wp-json\/wp\/v2\/product"}],"about":[{"href":"https:\/\/facowood.com\/en\/wp-json\/wp\/v2\/types\/product"}],"replies":[{"embeddable":true,"href":"https:\/\/facowood.com\/en\/wp-json\/wp\/v2\/comments?post=3583"}],"wp:featuredmedia":[{"embeddable":true,"href":"https:\/\/facowood.com\/en\/wp-json\/wp\/v2\/media\/3585"}],"wp:attachment":[{"href":"https:\/\/facowood.com\/en\/wp-json\/wp\/v2\/media?parent=3583"}],"wp:term":[{"taxonomy":"product_cat","embeddable":true,"href":"https:\/\/facowood.com\/en\/wp-json\/wp\/v2\/product_cat?post=3583"},{"taxonomy":"product_tag","embeddable":true,"href":"https:\/\/facowood.com\/en\/wp-json\/wp\/v2\/product_tag?post=3583"}],"curies":[{"name":"wp","href":"https:\/\/api.w.org\/{rel}","templated":true}]}}