{"id":3567,"date":"2026-04-28T03:40:23","date_gmt":"2026-04-28T03:40:23","guid":{"rendered":"https:\/\/facowood.com\/?post_type=product&#038;p=3567"},"modified":"2026-04-29T08:07:14","modified_gmt":"2026-04-29T08:07:14","slug":"keo-silicone-fflex-a100","status":"publish","type":"product","link":"https:\/\/facowood.com\/en\/product\/keo-silicone-fflex-a100\/","title":{"rendered":"KEO SILICONE FFLEX A100"},"content":{"rendered":"<h4><strong>1. M\u00f4 t\u1ea3 s\u1ea3n ph\u1ea9m\u00a0<\/strong><\/h4>\n<p><strong data-start=\"133\" data-end=\"150\">\u00a0 Silicone A100<\/strong> l\u00e0 d\u00f2ng keo silicone \u0111a n\u0103ng 1 th\u00e0nh ph\u1ea7n, chuy\u00ean d\u00f9ng \u0111\u1ec3 tr\u00e1m khe \u2013 ch\u1ed1ng th\u1ea5m \u2013 k\u1ebft d\u00ednh nh\u1eb9, ph\u00f9 h\u1ee3p cho nhi\u1ec1u h\u1ea1ng m\u1ee5c n\u1ed9i v\u00e0 ngo\u1ea1i th\u00e2\u0301t.<\/p>\n<h4><strong>2. \u0110\u1eb7c \u0111i\u1ec3m n\u1ed5i b\u1eadt<\/strong><\/h4>\n<ul>\n<li data-section-id=\"1mpqfgm\" data-start=\"326\" data-end=\"391\">\u0110\u1ed9 \u0111\u00e0n h\u1ed3i cao: Co gi\u00e3n t\u1ed1t, kh\u00f4ng n\u1ee9t g\u00e3y theo th\u1eddi gian<\/li>\n<li data-section-id=\"ncmmhp\" data-start=\"392\" data-end=\"432\">Ch\u1ed1ng n\u01b0\u1edbc \u2013 ch\u1ed1ng th\u1ea5m hi\u1ec7u qu\u1ea3<\/li>\n<li data-section-id=\"1jlah5g\" data-start=\"433\" data-end=\"482\">B\u00e1m d\u00ednh t\u1ed1t tr\u00ean k\u00ednh, nh\u00f4m, g\u1ea1ch, nh\u1ef1a\u2026<\/li>\n<li data-section-id=\"15b99fl\" data-start=\"483\" data-end=\"543\">Ch\u1ecbu th\u1eddi ti\u1ebft: D\u00f9ng \u0111\u01b0\u1ee3c c\u1ea3 trong nh\u00e0 v\u00e0 ngo\u00e0i tr\u1eddi<\/li>\n<\/ul>\n<h4><strong>3. \u1ee8ng d\u1ee5ng<\/strong><\/h4>\n<ul>\n<li data-section-id=\"1j944tg\" data-start=\"597\" data-end=\"638\">Tr\u00e1m khe c\u1eeda nh\u00f4m k\u00ednh, v\u00e1ch k\u00ednh<\/li>\n<li data-section-id=\"ri5qgn\" data-start=\"639\" data-end=\"685\">Ch\u1ed1ng th\u1ea5m khe t\u01b0\u1eddng, m\u00e1i, nh\u00e0 v\u1ec7 sinh<\/li>\n<li data-section-id=\"1qlfy86\" data-start=\"686\" data-end=\"730\">B\u1ecbt k\u00edn khe h\u1edf trong x\u00e2y d\u1ef1ng &amp; n\u1ed9i th\u1ea5t<\/li>\n<li data-section-id=\"7ih2p3\" data-start=\"731\" data-end=\"779\">S\u1eed d\u1ee5ng cho k\u00ednh, alu, kim lo\u1ea1i, g\u1ea1ch men\u2026<\/li>\n<\/ul>\n<h4><strong>4. Th\u00f4ng s\u1ed1 s\u1ea3n ph\u1ea9m<\/strong><\/h4>\n<ul>\n<li data-section-id=\"1kov6as\" data-start=\"811\" data-end=\"860\">Lo\u1ea1i keo: Silicone trung t\u00ednh<\/li>\n<li data-section-id=\"yuwmoo\" data-start=\"861\" data-end=\"887\">Dung t\u00edch: ~300ml\/chai<\/li>\n<li data-section-id=\"1jo886q\" data-start=\"888\" data-end=\"931\">M\u00e0u s\u1eafc: Tr\u1eafng s\u01b0\u0303a<\/li>\n<li data-section-id=\"1eb4yk2\" data-start=\"932\" data-end=\"962\">\u0110\u00f3ng g\u00f3i: 24 chai\/ Th\u00f9ng<\/li>\n<\/ul>\n<h4><strong>5. H\u01b0\u1edbng d\u1eabn s\u1eed d\u1ee5ng<\/strong><\/h4>\n<ul>\n<li data-section-id=\"o4vt8v\" data-start=\"993\" data-end=\"1024\">L\u00e0m s\u1ea1ch v\u00e0 l\u00e0m kh\u00f4 b\u1ec1 m\u1eb7t<\/li>\n<li data-section-id=\"121705s\" data-start=\"1025\" data-end=\"1063\">C\u1eaft v\u00f2i, b\u01a1m keo v\u00e0o khe c\u1ea7n tr\u00e1m<\/li>\n<li data-section-id=\"13z6toz\" data-start=\"1064\" data-end=\"1104\">Mi\u1ebft keo \u0111\u1ec3 b\u1ec1 m\u1eb7t m\u1ecbn, t\u0103ng \u0111\u1ed9 k\u00edn<\/li>\n<li data-section-id=\"6ccdo0\" data-start=\"1105\" data-end=\"1135\">\u0110\u1ec3 kh\u00f4 ho\u00e0n to\u00e0n sau ~24h<\/li>\n<\/ul>\n<h4><strong>6. \u01afu \u0111i\u1ec3m khi s\u1eed d\u1ee5ng FFLEX A100<\/strong><\/h4>\n<ul>\n<li data-section-id=\"1o0m18l\" data-start=\"1289\" data-end=\"1320\">Ch\u1ed1ng th\u1ea5m t\u1ed1t \u2013 \u0111\u1ed9 b\u1ec1n cao<\/li>\n<li data-section-id=\"16e7k7s\" data-start=\"1321\" data-end=\"1356\">Thi c\u00f4ng d\u1ec5 \u2013 ti\u1ebft ki\u1ec7m chi ph\u00ed<\/li>\n<li data-section-id=\"sq08yo\" data-start=\"1357\" data-end=\"1394\">\u1ee8ng d\u1ee5ng linh ho\u1ea1t nhi\u1ec1u h\u1ea1ng m\u1ee5c<\/li>\n<\/ul>","protected":false},"excerpt":{"rendered":"<p>Keo silicone A100 l\u00e0 d\u00f2ng keo d\u00e1n \u0111a n\u0103ng chuy\u00ean d\u00f9ng trong thi c\u00f4ng n\u1ed9i th\u1ea5t, mang l\u1ea1i \u0111\u1ed9 b\u00e1m d\u00ednh cao v\u00e0 \u0111\u1ed9 b\u1ec1n \u1ed5n \u0111\u1ecbnh tr\u00ean nhi\u1ec1u lo\u1ea1i v\u1eadt li\u1ec7u.<\/p>","protected":false},"featured_media":3572,"comment_status":"open","ping_status":"closed","template":"","meta":[],"product_cat":[63],"product_tag":[],"class_list":["post-3567","product","type-product","status-publish","has-post-thumbnail","hentry","product_cat-keo-dan-noi-ngoai-that"],"acf":[],"yoast_head":"<!-- This site is optimized with the Yoast SEO plugin v21.5 - https:\/\/yoast.com\/wordpress\/plugins\/seo\/ -->\n<title>KEO SILICONE FFLEX A100 - Facowood<\/title>\n<meta name=\"description\" content=\"Keo silicone A100 l\u00e0 d\u00f2ng keo d\u00e1n \u0111a n\u0103ng chuy\u00ean d\u00f9ng trong thi c\u00f4ng n\u1ed9i th\u1ea5t, mang l\u1ea1i \u0111\u1ed9 b\u00e1m d\u00ednh cao v\u00e0 \u0111\u1ed9 b\u1ec1n \u1ed5n \u0111\u1ecbnh tr\u00ean nhi\u1ec1u lo\u1ea1i v\u1eadt li\u1ec7u.\" \/>\n<meta name=\"robots\" content=\"index, follow, max-snippet:-1, max-image-preview:large, max-video-preview:-1\" \/>\n<link rel=\"canonical\" href=\"https:\/\/facowood.com\/en\/product\/keo-silicone-fflex-a100\/\" \/>\n<meta property=\"og:locale\" content=\"en_GB\" \/>\n<meta property=\"og:type\" content=\"article\" \/>\n<meta property=\"og:title\" content=\"KEO SILICONE FFLEX A100 - Facowood\" \/>\n<meta property=\"og:description\" content=\"Keo silicone A100 l\u00e0 d\u00f2ng keo d\u00e1n \u0111a n\u0103ng chuy\u00ean d\u00f9ng trong thi c\u00f4ng n\u1ed9i th\u1ea5t, mang l\u1ea1i \u0111\u1ed9 b\u00e1m d\u00ednh cao v\u00e0 \u0111\u1ed9 b\u1ec1n \u1ed5n \u0111\u1ecbnh tr\u00ean nhi\u1ec1u lo\u1ea1i v\u1eadt li\u1ec7u.\" \/>\n<meta property=\"og:url\" content=\"https:\/\/facowood.com\/en\/product\/keo-silicone-fflex-a100\/\" \/>\n<meta property=\"og:site_name\" content=\"Facowood\" \/>\n<meta property=\"article:modified_time\" content=\"2026-04-29T08:07:14+00:00\" \/>\n<meta property=\"og:image\" content=\"https:\/\/facowood.com\/wp-content\/uploads\/2026\/04\/a100-4.jpg\" \/>\n\t<meta property=\"og:image:width\" content=\"1920\" \/>\n\t<meta property=\"og:image:height\" content=\"2560\" \/>\n\t<meta property=\"og:image:type\" content=\"image\/jpeg\" \/>\n<meta name=\"twitter:card\" content=\"summary_large_image\" \/>\n<meta name=\"twitter:label1\" content=\"Estimated reading time\" \/>\n\t<meta name=\"twitter:data1\" content=\"2 minutes\" \/>\n<script type=\"application\/ld+json\" class=\"yoast-schema-graph\">{\"@context\":\"https:\/\/schema.org\",\"@graph\":[{\"@type\":\"WebPage\",\"@id\":\"https:\/\/facowood.com\/san-pham\/keo-silicone-fflex-a100\/\",\"url\":\"https:\/\/facowood.com\/san-pham\/keo-silicone-fflex-a100\/\",\"name\":\"KEO SILICONE FFLEX A100 - Facowood\",\"isPartOf\":{\"@id\":\"https:\/\/facowood.com\/#website\"},\"datePublished\":\"2026-04-28T03:40:23+00:00\",\"dateModified\":\"2026-04-29T08:07:14+00:00\",\"description\":\"Keo silicone A100 l\u00e0 d\u00f2ng keo d\u00e1n \u0111a n\u0103ng chuy\u00ean d\u00f9ng trong thi c\u00f4ng n\u1ed9i th\u1ea5t, mang l\u1ea1i \u0111\u1ed9 b\u00e1m d\u00ednh cao v\u00e0 \u0111\u1ed9 b\u1ec1n \u1ed5n \u0111\u1ecbnh tr\u00ean nhi\u1ec1u lo\u1ea1i v\u1eadt li\u1ec7u.\",\"breadcrumb\":{\"@id\":\"https:\/\/facowood.com\/san-pham\/keo-silicone-fflex-a100\/#breadcrumb\"},\"inLanguage\":\"en-GB\",\"potentialAction\":[{\"@type\":\"ReadAction\",\"target\":[\"https:\/\/facowood.com\/san-pham\/keo-silicone-fflex-a100\/\"]}]},{\"@type\":\"BreadcrumbList\",\"@id\":\"https:\/\/facowood.com\/san-pham\/keo-silicone-fflex-a100\/#breadcrumb\",\"itemListElement\":[{\"@type\":\"ListItem\",\"position\":1,\"name\":\"Trang ch\u1ee7\",\"item\":\"https:\/\/facowood.com\/\"},{\"@type\":\"ListItem\",\"position\":2,\"name\":\"C\u1eeda h\u00e0ng\",\"item\":\"https:\/\/facowood.com\/cua-hang\/\"},{\"@type\":\"ListItem\",\"position\":3,\"name\":\"KEO SILICONE FFLEX A100\"}]},{\"@type\":\"WebSite\",\"@id\":\"https:\/\/facowood.com\/#website\",\"url\":\"https:\/\/facowood.com\/\",\"name\":\"Facowood\",\"description\":\"\",\"publisher\":{\"@id\":\"https:\/\/facowood.com\/#organization\"},\"potentialAction\":[{\"@type\":\"SearchAction\",\"target\":{\"@type\":\"EntryPoint\",\"urlTemplate\":\"https:\/\/facowood.com\/?s={search_term_string}\"},\"query-input\":\"required name=search_term_string\"}],\"inLanguage\":\"en-GB\"},{\"@type\":\"Organization\",\"@id\":\"https:\/\/facowood.com\/#organization\",\"name\":\"Facowood\",\"url\":\"https:\/\/facowood.com\/\",\"logo\":{\"@type\":\"ImageObject\",\"inLanguage\":\"en-GB\",\"@id\":\"https:\/\/facowood.com\/#\/schema\/logo\/image\/\",\"url\":\"https:\/\/facowood.com\/wp-content\/uploads\/2023\/11\/logo_svg.svg\",\"contentUrl\":\"https:\/\/facowood.com\/wp-content\/uploads\/2023\/11\/logo_svg.svg\",\"width\":134,\"height\":56,\"caption\":\"Facowood\"},\"image\":{\"@id\":\"https:\/\/facowood.com\/#\/schema\/logo\/image\/\"}}]}<\/script>\n<!-- \/ Yoast SEO plugin. -->","yoast_head_json":{"title":"KEO SILICONE FFLEX A100 - Facowood","description":"Keo silicone A100 l\u00e0 d\u00f2ng keo d\u00e1n \u0111a n\u0103ng chuy\u00ean d\u00f9ng trong thi c\u00f4ng n\u1ed9i th\u1ea5t, mang l\u1ea1i \u0111\u1ed9 b\u00e1m d\u00ednh cao v\u00e0 \u0111\u1ed9 b\u1ec1n \u1ed5n \u0111\u1ecbnh tr\u00ean nhi\u1ec1u lo\u1ea1i v\u1eadt li\u1ec7u.","robots":{"index":"index","follow":"follow","max-snippet":"max-snippet:-1","max-image-preview":"max-image-preview:large","max-video-preview":"max-video-preview:-1"},"canonical":"https:\/\/facowood.com\/en\/product\/keo-silicone-fflex-a100\/","og_locale":"en_GB","og_type":"article","og_title":"KEO SILICONE FFLEX A100 - Facowood","og_description":"Keo silicone A100 l\u00e0 d\u00f2ng keo d\u00e1n \u0111a n\u0103ng chuy\u00ean d\u00f9ng trong thi c\u00f4ng n\u1ed9i th\u1ea5t, mang l\u1ea1i \u0111\u1ed9 b\u00e1m d\u00ednh cao v\u00e0 \u0111\u1ed9 b\u1ec1n \u1ed5n \u0111\u1ecbnh tr\u00ean nhi\u1ec1u lo\u1ea1i v\u1eadt li\u1ec7u.","og_url":"https:\/\/facowood.com\/en\/product\/keo-silicone-fflex-a100\/","og_site_name":"Facowood","article_modified_time":"2026-04-29T08:07:14+00:00","og_image":[{"width":1920,"height":2560,"url":"https:\/\/facowood.com\/wp-content\/uploads\/2026\/04\/a100-4.jpg","type":"image\/jpeg"}],"twitter_card":"summary_large_image","twitter_misc":{"Estimated reading time":"2 minutes"},"schema":{"@context":"https:\/\/schema.org","@graph":[{"@type":"WebPage","@id":"https:\/\/facowood.com\/san-pham\/keo-silicone-fflex-a100\/","url":"https:\/\/facowood.com\/san-pham\/keo-silicone-fflex-a100\/","name":"KEO SILICONE FFLEX A100 - Facowood","isPartOf":{"@id":"https:\/\/facowood.com\/#website"},"datePublished":"2026-04-28T03:40:23+00:00","dateModified":"2026-04-29T08:07:14+00:00","description":"Keo silicone A100 l\u00e0 d\u00f2ng keo d\u00e1n \u0111a n\u0103ng chuy\u00ean d\u00f9ng trong thi c\u00f4ng n\u1ed9i th\u1ea5t, mang l\u1ea1i \u0111\u1ed9 b\u00e1m d\u00ednh cao v\u00e0 \u0111\u1ed9 b\u1ec1n \u1ed5n \u0111\u1ecbnh tr\u00ean nhi\u1ec1u lo\u1ea1i v\u1eadt li\u1ec7u.","breadcrumb":{"@id":"https:\/\/facowood.com\/san-pham\/keo-silicone-fflex-a100\/#breadcrumb"},"inLanguage":"en-GB","potentialAction":[{"@type":"ReadAction","target":["https:\/\/facowood.com\/san-pham\/keo-silicone-fflex-a100\/"]}]},{"@type":"BreadcrumbList","@id":"https:\/\/facowood.com\/san-pham\/keo-silicone-fflex-a100\/#breadcrumb","itemListElement":[{"@type":"ListItem","position":1,"name":"Trang ch\u1ee7","item":"https:\/\/facowood.com\/"},{"@type":"ListItem","position":2,"name":"C\u1eeda h\u00e0ng","item":"https:\/\/facowood.com\/cua-hang\/"},{"@type":"ListItem","position":3,"name":"KEO SILICONE FFLEX A100"}]},{"@type":"WebSite","@id":"https:\/\/facowood.com\/#website","url":"https:\/\/facowood.com\/","name":"Facowood","description":"","publisher":{"@id":"https:\/\/facowood.com\/#organization"},"potentialAction":[{"@type":"SearchAction","target":{"@type":"EntryPoint","urlTemplate":"https:\/\/facowood.com\/?s={search_term_string}"},"query-input":"required name=search_term_string"}],"inLanguage":"en-GB"},{"@type":"Organization","@id":"https:\/\/facowood.com\/#organization","name":"Facowood","url":"https:\/\/facowood.com\/","logo":{"@type":"ImageObject","inLanguage":"en-GB","@id":"https:\/\/facowood.com\/#\/schema\/logo\/image\/","url":"https:\/\/facowood.com\/wp-content\/uploads\/2023\/11\/logo_svg.svg","contentUrl":"https:\/\/facowood.com\/wp-content\/uploads\/2023\/11\/logo_svg.svg","width":134,"height":56,"caption":"Facowood"},"image":{"@id":"https:\/\/facowood.com\/#\/schema\/logo\/image\/"}}]}},"_links":{"self":[{"href":"https:\/\/facowood.com\/en\/wp-json\/wp\/v2\/product\/3567","targetHints":{"allow":["GET"]}}],"collection":[{"href":"https:\/\/facowood.com\/en\/wp-json\/wp\/v2\/product"}],"about":[{"href":"https:\/\/facowood.com\/en\/wp-json\/wp\/v2\/types\/product"}],"replies":[{"embeddable":true,"href":"https:\/\/facowood.com\/en\/wp-json\/wp\/v2\/comments?post=3567"}],"wp:featuredmedia":[{"embeddable":true,"href":"https:\/\/facowood.com\/en\/wp-json\/wp\/v2\/media\/3572"}],"wp:attachment":[{"href":"https:\/\/facowood.com\/en\/wp-json\/wp\/v2\/media?parent=3567"}],"wp:term":[{"taxonomy":"product_cat","embeddable":true,"href":"https:\/\/facowood.com\/en\/wp-json\/wp\/v2\/product_cat?post=3567"},{"taxonomy":"product_tag","embeddable":true,"href":"https:\/\/facowood.com\/en\/wp-json\/wp\/v2\/product_tag?post=3567"}],"curies":[{"name":"wp","href":"https:\/\/api.w.org\/{rel}","templated":true}]}}