{"id":3560,"date":"2026-04-28T03:16:53","date_gmt":"2026-04-28T03:16:53","guid":{"rendered":"https:\/\/facowood.com\/?post_type=product&#038;p=3560"},"modified":"2026-04-29T09:26:35","modified_gmt":"2026-04-29T09:26:35","slug":"keo-dan-than-tre-fflex-f-bond","status":"publish","type":"product","link":"https:\/\/facowood.com\/en\/product\/keo-dan-than-tre-fflex-f-bond\/","title":{"rendered":"KEO DA\u0301N THAN TRE FFLEX F-BOND"},"content":{"rendered":"<h4><strong>1. M\u00f4 t\u1ea3 s\u1ea3n ph\u1ea9m\u00a0<\/strong><\/h4>\n<p><strong data-start=\"163\" data-end=\"186\">\u00a0 \u00a0 Keo d\u00e1n than tre F-BOND<\/strong> l\u00e0 d\u00f2ng keo d\u00e1n \u0111a n\u0103ng cao c\u1ea5p, \u0111\u01b0\u1ee3c c\u1ea3i ti\u1ebfn v\u1edbi th\u00e0nh ph\u1ea7n than tre ho\u1ea1t t\u00ednh, gi\u00fap t\u0103ng kh\u1ea3 n\u0103ng kh\u1eed m\u00f9i v\u00e0 mang l\u1ea1i tr\u1ea3i nghi\u1ec7m thi c\u00f4ng d\u1ec5 ch\u1ecbu h\u01a1n. S\u1ea3n ph\u1ea9m ph\u00f9 h\u1ee3p cho nhi\u1ec1u h\u1ea1ng m\u1ee5c n\u1ed9i th\u1ea5t, \u0111\u1ea3m b\u1ea3o \u0111\u1ed9 b\u00e1m d\u00ednh ch\u1eafc ch\u1eafn v\u00e0 \u0111\u1ed9 b\u1ec1n l\u00e2u d\u00e0i.<\/p>\n<h4><strong>2. \u0110\u1eb7c \u0111i\u1ec3m n\u1ed5i b\u1eadt<\/strong><\/h4>\n<ul>\n<li>C\u00f4ng ngh\u1ec7 than tre ho\u1ea1t t\u00ednh: H\u1ed7 tr\u1ee3 kh\u1eed m\u00f9i, gi\u1ea3m m\u00f9i keo khi thi c\u00f4ng<\/li>\n<li data-section-id=\"1iyglm8\" data-start=\"550\" data-end=\"608\">\u0110\u1ed9 b\u00e1m d\u00ednh cao: Li\u00ean k\u1ebft ch\u1eafc tr\u00ean nhi\u1ec1u v\u1eadt li\u1ec7u<\/li>\n<li data-section-id=\"1ph67ve\" data-start=\"609\" data-end=\"648\">Kh\u00f4 nhanh \u2013 ti\u1ebft ki\u1ec7m th\u1eddi gian<\/li>\n<li data-section-id=\"7ylume\" data-start=\"649\" data-end=\"701\">Kh\u00f4ng ch\u1ea3y x\u1ec7: Thi c\u00f4ng t\u1ed1t tr\u00ean b\u1ec1 m\u1eb7t \u0111\u1ee9ng<\/li>\n<li data-section-id=\"rbyyee\" data-start=\"702\" data-end=\"740\">An to\u00e0n h\u01a1n cho kh\u00f4ng gian k\u00edn<\/li>\n<\/ul>\n<h4><strong>3. \u1ee8ng d\u1ee5ng<\/strong><\/h4>\n<ul>\n<li data-section-id=\"1vmutrp\" data-start=\"762\" data-end=\"814\">D\u00e1n t\u1ea5m \u1ed1p t\u01b0\u1eddng, lam s\u00f3ng, lam h\u1ed9p n\u1ed9i th\u1ea5t<\/li>\n<li data-section-id=\"d91i99\" data-start=\"815\" data-end=\"875\">Thi c\u00f4ng g\u1ed7 nh\u1ef1a, PVC, alu, kim lo\u1ea1i, g\u1ed7 c\u00f4ng nghi\u1ec7p<\/li>\n<li data-section-id=\"1sq1e1o\" data-start=\"876\" data-end=\"932\">L\u1eafp \u0111\u1eb7t trang tr\u00ed n\u1ed9i th\u1ea5t, b\u1ea3ng hi\u1ec7u, v\u00e1ch ng\u0103n<\/li>\n<\/ul>\n<h4><strong>\u00a04. Th\u00f4ng s\u1ed1 s\u1ea3n ph\u1ea9m<\/strong><\/h4>\n<ul>\n<li data-section-id=\"141pxh6\" data-start=\"964\" data-end=\"1008\">D\u1ea1ng keo: Keo d\u00e1n \u0111a n\u0103ng<\/li>\n<li data-section-id=\"yuwmoo\" data-start=\"1009\" data-end=\"1035\">Dung t\u00edch: ~300ml\/chai<\/li>\n<li data-section-id=\"xrg620\" data-start=\"1036\" data-end=\"1075\">M\u00e0u s\u1eafc: Tr\u0103\u0301ng trong<\/li>\n<li data-section-id=\"1eb4yk2\" data-start=\"1076\" data-end=\"1106\">\u0110\u00f3ng g\u00f3i:\u00a0 24 chai\/ Th\u00f9ng<\/li>\n<\/ul>\n<h4><strong>\u00a0 5. H\u01b0\u1edbng d\u1eabn s\u1eed d\u1ee5ng<\/strong><\/h4>\n<ul>\n<li data-section-id=\"1h1gxmh\" data-start=\"1137\" data-end=\"1174\">L\u00e0m s\u1ea1ch b\u1ec1 m\u1eb7t, \u0111\u1ea3m b\u1ea3o kh\u00f4 r\u00e1o<\/li>\n<li data-section-id=\"b04zkh\" data-start=\"1175\" data-end=\"1214\">C\u1eaft v\u00f2i, b\u01a1m keo<\/li>\n<li data-section-id=\"8glu6o\" data-start=\"1215\" data-end=\"1244\">\u00c9p ch\u1eb7t v\u1eadt li\u1ec7u c\u1ea7n d\u00e1n<\/li>\n<li data-section-id=\"173hw09\" data-start=\"1245\" data-end=\"1300\">Ch\u1edd kh\u00f4: b\u00e1m sau 5\u201315 ph\u00fat, kh\u00f4 ho\u00e0n to\u00e0n sau ~24h<\/li>\n<\/ul>\n<h4><strong>\u00a0 6. \u01afu \u0111i\u1ec3m khi s\u1eed d\u1ee5ng keo d\u00e1n than tre F-BOND\u00a0<\/strong><\/h4>\n<ul>\n<li data-section-id=\"1mvcrl\" data-start=\"1335\" data-end=\"1357\">D\u00e1n ch\u1eafc \u2013 b\u1ec1n l\u00e2u<\/li>\n<li data-section-id=\"c01ss1\" data-start=\"1358\" data-end=\"1392\">Gi\u1ea3m m\u00f9i kh\u00f3 ch\u1ecbu khi thi c\u00f4ng<\/li>\n<li data-section-id=\"cntt05\" data-start=\"1393\" data-end=\"1432\">D\u1ec5 s\u1eed d\u1ee5ng \u2013 ph\u00f9 h\u1ee3p nhi\u1ec1u v\u1eadt li\u1ec7u<\/li>\n<li data-section-id=\"1dlwh58\" data-start=\"1433\" data-end=\"1474\">T\u1ed1i \u01b0u cho thi c\u00f4ng n\u1ed9i th\u1ea5t hi\u1ec7n \u0111\u1ea1i<\/li>\n<\/ul>","protected":false},"excerpt":{"rendered":"<p>Keo d\u00e1n than tre F-BOND l\u00e0 d\u00f2ng \u0111a n\u0103ng cao c\u1ea5p, \u0111\u01b0\u1ee3c c\u1ea3i ti\u1ebfn v\u1edbi th\u00e0nh ph\u1ea7n than tre ho\u1ea1t t\u00ednh gi\u00fap t\u0103ng kh\u1ea3 n\u0103ng kh\u1eed m\u00f9i v\u00e0 \u0111\u1ea3m b\u1ea3o \u0111\u1ed9 b\u00e1m d\u00ednh ch\u1eafc ch\u1eafn v\u00e0 \u0111\u1ed9 b\u1ec1n l\u00e2u d\u00e0i cho n\u1ed9i th\u1ea5t.<\/p>","protected":false},"featured_media":3593,"comment_status":"open","ping_status":"closed","template":"","meta":[],"product_cat":[63],"product_tag":[],"class_list":["post-3560","product","type-product","status-publish","has-post-thumbnail","hentry","product_cat-keo-dan-noi-ngoai-that"],"acf":[],"yoast_head":"<!-- This site is optimized with the Yoast SEO plugin v21.5 - https:\/\/yoast.com\/wordpress\/plugins\/seo\/ -->\n<title>Keo d\u00e1n than tre F-BOND<\/title>\n<meta name=\"description\" content=\"Keo d\u00e1n than tre F-BOND l\u00e0 d\u00f2ng \u0111a n\u0103ng cao c\u1ea5p, \u0111\u01b0\u1ee3c c\u1ea3i ti\u1ebfn gi\u00fap t\u0103ng kh\u1ea3 n\u0103ng kh\u1eed m\u00f9i v\u00e0 \u0111\u1ea3m b\u1ea3o \u0111\u1ed9 b\u00e1m d\u00ednh ch\u1eafc ch\u1eafn v\u00e0 \u0111\u1ed9 b\u1ec1n l\u00e2u d\u00e0i cho n\u1ed9i th\u1ea5t.\" \/>\n<meta name=\"robots\" content=\"index, follow, max-snippet:-1, max-image-preview:large, max-video-preview:-1\" \/>\n<link rel=\"canonical\" href=\"https:\/\/facowood.com\/en\/product\/keo-dan-than-tre-fflex-f-bond\/\" \/>\n<meta property=\"og:locale\" content=\"en_GB\" \/>\n<meta property=\"og:type\" content=\"article\" \/>\n<meta property=\"og:title\" content=\"Keo d\u00e1n than tre F-BOND\" \/>\n<meta property=\"og:description\" content=\"Keo d\u00e1n than tre F-BOND l\u00e0 d\u00f2ng \u0111a n\u0103ng cao c\u1ea5p, \u0111\u01b0\u1ee3c c\u1ea3i ti\u1ebfn gi\u00fap t\u0103ng kh\u1ea3 n\u0103ng kh\u1eed m\u00f9i v\u00e0 \u0111\u1ea3m b\u1ea3o \u0111\u1ed9 b\u00e1m d\u00ednh ch\u1eafc ch\u1eafn v\u00e0 \u0111\u1ed9 b\u1ec1n l\u00e2u d\u00e0i cho n\u1ed9i th\u1ea5t.\" \/>\n<meta property=\"og:url\" content=\"https:\/\/facowood.com\/en\/product\/keo-dan-than-tre-fflex-f-bond\/\" \/>\n<meta property=\"og:site_name\" content=\"Facowood\" \/>\n<meta property=\"article:modified_time\" content=\"2026-04-29T09:26:35+00:00\" \/>\n<meta property=\"og:image\" content=\"https:\/\/facowood.com\/wp-content\/uploads\/2026\/04\/ChatGPT-Image-16_24_26-29-thg-4-2026.png\" \/>\n\t<meta property=\"og:image:width\" content=\"1086\" \/>\n\t<meta property=\"og:image:height\" content=\"1448\" \/>\n\t<meta property=\"og:image:type\" content=\"image\/png\" \/>\n<meta name=\"twitter:card\" content=\"summary_large_image\" \/>\n<meta name=\"twitter:label1\" content=\"Estimated reading time\" \/>\n\t<meta name=\"twitter:data1\" content=\"2 minutes\" \/>\n<script type=\"application\/ld+json\" class=\"yoast-schema-graph\">{\"@context\":\"https:\/\/schema.org\",\"@graph\":[{\"@type\":\"WebPage\",\"@id\":\"https:\/\/facowood.com\/san-pham\/keo-dan-than-tre-fflex-f-bond\/\",\"url\":\"https:\/\/facowood.com\/san-pham\/keo-dan-than-tre-fflex-f-bond\/\",\"name\":\"Keo d\u00e1n than tre F-BOND\",\"isPartOf\":{\"@id\":\"https:\/\/facowood.com\/#website\"},\"datePublished\":\"2026-04-28T03:16:53+00:00\",\"dateModified\":\"2026-04-29T09:26:35+00:00\",\"description\":\"Keo d\u00e1n than tre F-BOND l\u00e0 d\u00f2ng \u0111a n\u0103ng cao c\u1ea5p, \u0111\u01b0\u1ee3c c\u1ea3i ti\u1ebfn gi\u00fap t\u0103ng kh\u1ea3 n\u0103ng kh\u1eed m\u00f9i v\u00e0 \u0111\u1ea3m b\u1ea3o \u0111\u1ed9 b\u00e1m d\u00ednh ch\u1eafc ch\u1eafn v\u00e0 \u0111\u1ed9 b\u1ec1n l\u00e2u d\u00e0i cho n\u1ed9i th\u1ea5t.\",\"breadcrumb\":{\"@id\":\"https:\/\/facowood.com\/san-pham\/keo-dan-than-tre-fflex-f-bond\/#breadcrumb\"},\"inLanguage\":\"en-GB\",\"potentialAction\":[{\"@type\":\"ReadAction\",\"target\":[\"https:\/\/facowood.com\/san-pham\/keo-dan-than-tre-fflex-f-bond\/\"]}]},{\"@type\":\"BreadcrumbList\",\"@id\":\"https:\/\/facowood.com\/san-pham\/keo-dan-than-tre-fflex-f-bond\/#breadcrumb\",\"itemListElement\":[{\"@type\":\"ListItem\",\"position\":1,\"name\":\"Trang ch\u1ee7\",\"item\":\"https:\/\/facowood.com\/\"},{\"@type\":\"ListItem\",\"position\":2,\"name\":\"C\u1eeda h\u00e0ng\",\"item\":\"https:\/\/facowood.com\/cua-hang\/\"},{\"@type\":\"ListItem\",\"position\":3,\"name\":\"KEO DA\u0301N THAN TRE FFLEX F-BOND\"}]},{\"@type\":\"WebSite\",\"@id\":\"https:\/\/facowood.com\/#website\",\"url\":\"https:\/\/facowood.com\/\",\"name\":\"Facowood\",\"description\":\"\",\"publisher\":{\"@id\":\"https:\/\/facowood.com\/#organization\"},\"potentialAction\":[{\"@type\":\"SearchAction\",\"target\":{\"@type\":\"EntryPoint\",\"urlTemplate\":\"https:\/\/facowood.com\/?s={search_term_string}\"},\"query-input\":\"required name=search_term_string\"}],\"inLanguage\":\"en-GB\"},{\"@type\":\"Organization\",\"@id\":\"https:\/\/facowood.com\/#organization\",\"name\":\"Facowood\",\"url\":\"https:\/\/facowood.com\/\",\"logo\":{\"@type\":\"ImageObject\",\"inLanguage\":\"en-GB\",\"@id\":\"https:\/\/facowood.com\/#\/schema\/logo\/image\/\",\"url\":\"https:\/\/facowood.com\/wp-content\/uploads\/2023\/11\/logo_svg.svg\",\"contentUrl\":\"https:\/\/facowood.com\/wp-content\/uploads\/2023\/11\/logo_svg.svg\",\"width\":134,\"height\":56,\"caption\":\"Facowood\"},\"image\":{\"@id\":\"https:\/\/facowood.com\/#\/schema\/logo\/image\/\"}}]}<\/script>\n<!-- \/ Yoast SEO plugin. -->","yoast_head_json":{"title":"Keo d\u00e1n than tre F-BOND","description":"Keo d\u00e1n than tre F-BOND l\u00e0 d\u00f2ng \u0111a n\u0103ng cao c\u1ea5p, \u0111\u01b0\u1ee3c c\u1ea3i ti\u1ebfn gi\u00fap t\u0103ng kh\u1ea3 n\u0103ng kh\u1eed m\u00f9i v\u00e0 \u0111\u1ea3m b\u1ea3o \u0111\u1ed9 b\u00e1m d\u00ednh ch\u1eafc ch\u1eafn v\u00e0 \u0111\u1ed9 b\u1ec1n l\u00e2u d\u00e0i cho n\u1ed9i th\u1ea5t.","robots":{"index":"index","follow":"follow","max-snippet":"max-snippet:-1","max-image-preview":"max-image-preview:large","max-video-preview":"max-video-preview:-1"},"canonical":"https:\/\/facowood.com\/en\/product\/keo-dan-than-tre-fflex-f-bond\/","og_locale":"en_GB","og_type":"article","og_title":"Keo d\u00e1n than tre F-BOND","og_description":"Keo d\u00e1n than tre F-BOND l\u00e0 d\u00f2ng \u0111a n\u0103ng cao c\u1ea5p, \u0111\u01b0\u1ee3c c\u1ea3i ti\u1ebfn gi\u00fap t\u0103ng kh\u1ea3 n\u0103ng kh\u1eed m\u00f9i v\u00e0 \u0111\u1ea3m b\u1ea3o \u0111\u1ed9 b\u00e1m d\u00ednh ch\u1eafc ch\u1eafn v\u00e0 \u0111\u1ed9 b\u1ec1n l\u00e2u d\u00e0i cho n\u1ed9i th\u1ea5t.","og_url":"https:\/\/facowood.com\/en\/product\/keo-dan-than-tre-fflex-f-bond\/","og_site_name":"Facowood","article_modified_time":"2026-04-29T09:26:35+00:00","og_image":[{"width":1086,"height":1448,"url":"https:\/\/facowood.com\/wp-content\/uploads\/2026\/04\/ChatGPT-Image-16_24_26-29-thg-4-2026.png","type":"image\/png"}],"twitter_card":"summary_large_image","twitter_misc":{"Estimated reading time":"2 minutes"},"schema":{"@context":"https:\/\/schema.org","@graph":[{"@type":"WebPage","@id":"https:\/\/facowood.com\/san-pham\/keo-dan-than-tre-fflex-f-bond\/","url":"https:\/\/facowood.com\/san-pham\/keo-dan-than-tre-fflex-f-bond\/","name":"Keo d\u00e1n than tre F-BOND","isPartOf":{"@id":"https:\/\/facowood.com\/#website"},"datePublished":"2026-04-28T03:16:53+00:00","dateModified":"2026-04-29T09:26:35+00:00","description":"Keo d\u00e1n than tre F-BOND l\u00e0 d\u00f2ng \u0111a n\u0103ng cao c\u1ea5p, \u0111\u01b0\u1ee3c c\u1ea3i ti\u1ebfn gi\u00fap t\u0103ng kh\u1ea3 n\u0103ng kh\u1eed m\u00f9i v\u00e0 \u0111\u1ea3m b\u1ea3o \u0111\u1ed9 b\u00e1m d\u00ednh ch\u1eafc ch\u1eafn v\u00e0 \u0111\u1ed9 b\u1ec1n l\u00e2u d\u00e0i cho n\u1ed9i th\u1ea5t.","breadcrumb":{"@id":"https:\/\/facowood.com\/san-pham\/keo-dan-than-tre-fflex-f-bond\/#breadcrumb"},"inLanguage":"en-GB","potentialAction":[{"@type":"ReadAction","target":["https:\/\/facowood.com\/san-pham\/keo-dan-than-tre-fflex-f-bond\/"]}]},{"@type":"BreadcrumbList","@id":"https:\/\/facowood.com\/san-pham\/keo-dan-than-tre-fflex-f-bond\/#breadcrumb","itemListElement":[{"@type":"ListItem","position":1,"name":"Trang ch\u1ee7","item":"https:\/\/facowood.com\/"},{"@type":"ListItem","position":2,"name":"C\u1eeda h\u00e0ng","item":"https:\/\/facowood.com\/cua-hang\/"},{"@type":"ListItem","position":3,"name":"KEO DA\u0301N THAN TRE FFLEX F-BOND"}]},{"@type":"WebSite","@id":"https:\/\/facowood.com\/#website","url":"https:\/\/facowood.com\/","name":"Facowood","description":"","publisher":{"@id":"https:\/\/facowood.com\/#organization"},"potentialAction":[{"@type":"SearchAction","target":{"@type":"EntryPoint","urlTemplate":"https:\/\/facowood.com\/?s={search_term_string}"},"query-input":"required name=search_term_string"}],"inLanguage":"en-GB"},{"@type":"Organization","@id":"https:\/\/facowood.com\/#organization","name":"Facowood","url":"https:\/\/facowood.com\/","logo":{"@type":"ImageObject","inLanguage":"en-GB","@id":"https:\/\/facowood.com\/#\/schema\/logo\/image\/","url":"https:\/\/facowood.com\/wp-content\/uploads\/2023\/11\/logo_svg.svg","contentUrl":"https:\/\/facowood.com\/wp-content\/uploads\/2023\/11\/logo_svg.svg","width":134,"height":56,"caption":"Facowood"},"image":{"@id":"https:\/\/facowood.com\/#\/schema\/logo\/image\/"}}]}},"_links":{"self":[{"href":"https:\/\/facowood.com\/en\/wp-json\/wp\/v2\/product\/3560","targetHints":{"allow":["GET"]}}],"collection":[{"href":"https:\/\/facowood.com\/en\/wp-json\/wp\/v2\/product"}],"about":[{"href":"https:\/\/facowood.com\/en\/wp-json\/wp\/v2\/types\/product"}],"replies":[{"embeddable":true,"href":"https:\/\/facowood.com\/en\/wp-json\/wp\/v2\/comments?post=3560"}],"wp:featuredmedia":[{"embeddable":true,"href":"https:\/\/facowood.com\/en\/wp-json\/wp\/v2\/media\/3593"}],"wp:attachment":[{"href":"https:\/\/facowood.com\/en\/wp-json\/wp\/v2\/media?parent=3560"}],"wp:term":[{"taxonomy":"product_cat","embeddable":true,"href":"https:\/\/facowood.com\/en\/wp-json\/wp\/v2\/product_cat?post=3560"},{"taxonomy":"product_tag","embeddable":true,"href":"https:\/\/facowood.com\/en\/wp-json\/wp\/v2\/product_tag?post=3560"}],"curies":[{"name":"wp","href":"https:\/\/api.w.org\/{rel}","templated":true}]}}