{"id":3543,"date":"2026-04-25T08:50:36","date_gmt":"2026-04-25T08:50:36","guid":{"rendered":"https:\/\/facowood.com\/?post_type=product&#038;p=3543"},"modified":"2026-04-29T08:09:26","modified_gmt":"2026-04-29T08:09:26","slug":"keo-dan-noi-that-fflex-f-bond","status":"publish","type":"product","link":"https:\/\/facowood.com\/en\/product\/keo-dan-noi-that-fflex-f-bond\/","title":{"rendered":"KEO D\u00c1N N\u1ed8I TH\u1ea4T FFLEX F-BOND"},"content":{"rendered":"<h4><strong>1. M\u00f4 t\u1ea3 s\u1ea3n ph\u1ea9m\u00a0<\/strong><\/h4>\n<p>Keo d\u00e1n n\u1ed9i th\u1ea5t F-BOND l\u00e0 d\u00f2ng keo chuy\u00ean d\u1ee5ng trong thi c\u00f4ng v\u00e0 l\u1eafp \u0111\u1eb7t n\u1ed9i th\u1ea5t, n\u1ed5i b\u1eadt v\u1edbi kh\u1ea3 n\u0103ng b\u00e1m d\u00ednh m\u1ea1nh, \u0111\u1ed9 b\u1ec1n cao v\u00e0 d\u1ec5 s\u1eed d\u1ee5ng. S\u1ea3n ph\u1ea9m ph\u00f9 h\u1ee3p cho nhi\u1ec1u lo\u1ea1i v\u1eadt li\u1ec7u kh\u00e1c nhau, gi\u00fap t\u1ed1i \u01b0u th\u1eddi gian thi c\u00f4ng v\u00e0 n\u00e2ng cao ch\u1ea5t l\u01b0\u1ee3ng ho\u00e0n thi\u1ec7n c\u00f4ng tr\u00ecnh.<\/p>\n<h4><strong>2. \u0110\u1eb7c \u0111i\u1ec3m n\u1ed5i b\u1eadt <\/strong><\/h4>\n<ul>\n<li>B\u00e1m d\u00ednh c\u1ef1c t\u1ed1t tr\u00ean nhi\u1ec1u b\u1ec1 m\u1eb7t: g\u1ed7, g\u1ed7 nh\u1ef1a, t\u1ea5m \u1ed1p, nh\u1ef1a, kim lo\u1ea1i\u2026<\/li>\n<li>Kh\u00f4 nhanh, kh\u00f4ng ch\u1ea3y x\u1ec7<\/li>\n<li>\u0110\u1ed9 b\u1ec1n cao, d\u00ea\u0303 thi c\u00f4ng<\/li>\n<\/ul>\n<h4><strong>3. \u1ee8ng d\u1ee5ng<\/strong><\/h4>\n<ul>\n<li>D\u00e1n t\u1ea5m \u1ed1p t\u01b0\u1eddng, tr\u1ea7n n\u1ed9i th\u1ea5t<\/li>\n<li>Thi c\u00f4ng lam s\u00f3ng, lam trang tr\u00ed<\/li>\n<li>D\u00e1n ph\u00e0o ch\u1ec9, v\u1eadt li\u1ec7u ho\u00e0n thi\u1ec7n<\/li>\n<\/ul>\n<h4><strong>4. Th\u00f4ng s\u1ed1 s\u1ea3n ph\u1ea9m<\/strong><\/h4>\n<ul>\n<li>D\u1ea1ng keo: tu\u00fdp (d\u00f9ng v\u1edbi s\u00fang b\u1eafn keo)<\/li>\n<li>M\u00e0u s\u1eafc: m\u00e0u v\u00e0ng<\/li>\n<li>\u0110\u1eb7c t\u00ednh: keo s\u1ec7t, \u0111\u1ed9 b\u00e1m d\u00ednh cao<\/li>\n<\/ul>\n<h4><strong>5. H\u01b0\u1edbng d\u1eabn s\u1eed d\u1ee5ng<\/strong><\/h4>\n<ul>\n<li>L\u00e0m s\u1ea1ch b\u1ec1 m\u1eb7t c\u1ea7n d\u00e1n (kh\u00f4 r\u00e1o, kh\u00f4ng b\u1ee5i b\u1ea9n)<\/li>\n<li>D\u00f9ng s\u00fang b\u1eafn keo, b\u01a1m keo th\u00e0nh \u0111\u01b0\u1eddng ho\u1eb7c \u0111i\u1ec3m<\/li>\n<li>\u00c9p ch\u1eb7t v\u1eadt li\u1ec7u v\u00e0o v\u1ecb tr\u00ed c\u1ea7n d\u00e1n<\/li>\n<li>Gi\u1eef c\u1ed1 \u0111\u1ecbnh trong th\u1eddi gian \u0111\u1ea7u \u0111\u1ec3 keo \u0111\u1ea1t \u0111\u1ed9 b\u00e1m t\u1ed1t<\/li>\n<\/ul>\n<h4><strong>6. \u01afu \u0111i\u1ec3m khi s\u1eed d\u1ee5ng F-BOND<\/strong><\/h4>\n<ul>\n<li>Ti\u1ebft ki\u1ec7m th\u1eddi gian v\u00e0 chi ph\u00ed thi c\u00f4ng<\/li>\n<li>T\u0103ng \u0111\u1ed9 ch\u1eafc ch\u1eafn cho li\u00ean k\u1ebft v\u1eadt li\u1ec7u<\/li>\n<li>N\u00e2ng cao t\u00ednh th\u1ea9m m\u1ef9 cho c\u00f4ng tr\u00ecnh<\/li>\n<\/ul>","protected":false},"excerpt":{"rendered":"<p>Keo d\u00e1n n\u1ed9i th\u1ea5t la\u0300 d\u00f2ng keo chuy\u00ean d\u00f9ng trong thi c\u00f4ng trong nh\u00e0, c\u00f3 \u0111\u1ed9 b\u00e1m d\u00ednh cao, kh\u00f4 nhanh v\u00e0 d\u1ec5 s\u1eed d\u1ee5ng. S\u1ea3n ph\u1ea9m gi\u00fap li\u00ean k\u1ebft ch\u1eafc ch\u1eafn c\u00e1c v\u1eadt li\u1ec7u nh\u01b0 g\u1ed7, t\u1ea5m \u1ed1p, ph\u00e0o ch\u1ec9\u2026\u0111\u1ea3m b\u1ea3o \u0111\u1ed9 b\u1ec1n v\u00e0 t\u00ednh th\u1ea9m m\u1ef9 cho c\u00f4ng tr\u00ecnh.<\/p>","protected":false},"featured_media":3545,"comment_status":"open","ping_status":"closed","template":"","meta":[],"product_cat":[63],"product_tag":[],"class_list":["post-3543","product","type-product","status-publish","has-post-thumbnail","hentry","product_cat-keo-dan-noi-ngoai-that"],"acf":[],"yoast_head":"<!-- This site is optimized with the Yoast SEO plugin v21.5 - https:\/\/yoast.com\/wordpress\/plugins\/seo\/ -->\n<title>KEO D\u00c1N N\u1ed8I TH\u1ea4T FFLEX F-BOND - Facowood<\/title>\n<meta name=\"description\" content=\"Keo d\u00e1n n\u1ed9i th\u1ea5t la\u0300 d\u00f2ng keo chuy\u00ean d\u00f9ng \u0111\u00ea\u0309 thi c\u00f4ng trong nh\u00e0, \u0111\u1ed9 b\u00e1m d\u00ednh cao, kh\u00f4 nhanh va\u0300 d\u00ea\u0303 da\u0300ng s\u01b0\u0309 du\u0323ng mang la\u0323i ti\u0301nh th\u00e2\u0309m my\u0303.\" \/>\n<meta name=\"robots\" content=\"index, follow, max-snippet:-1, max-image-preview:large, max-video-preview:-1\" \/>\n<link rel=\"canonical\" href=\"https:\/\/facowood.com\/en\/product\/keo-dan-noi-that-fflex-f-bond\/\" \/>\n<meta property=\"og:locale\" content=\"en_GB\" \/>\n<meta property=\"og:type\" content=\"article\" \/>\n<meta property=\"og:title\" content=\"KEO D\u00c1N N\u1ed8I TH\u1ea4T FFLEX F-BOND - Facowood\" \/>\n<meta property=\"og:description\" content=\"Keo d\u00e1n n\u1ed9i th\u1ea5t la\u0300 d\u00f2ng keo chuy\u00ean d\u00f9ng \u0111\u00ea\u0309 thi c\u00f4ng trong nh\u00e0, \u0111\u1ed9 b\u00e1m d\u00ednh cao, kh\u00f4 nhanh va\u0300 d\u00ea\u0303 da\u0300ng s\u01b0\u0309 du\u0323ng mang la\u0323i ti\u0301nh th\u00e2\u0309m my\u0303.\" \/>\n<meta property=\"og:url\" content=\"https:\/\/facowood.com\/en\/product\/keo-dan-noi-that-fflex-f-bond\/\" \/>\n<meta property=\"og:site_name\" content=\"Facowood\" \/>\n<meta property=\"article:modified_time\" content=\"2026-04-29T08:09:26+00:00\" \/>\n<meta property=\"og:image\" content=\"https:\/\/facowood.com\/wp-content\/uploads\/2026\/04\/z7762480482355_42a0502d455e778933a656d00c17a403-scaled.jpg\" \/>\n\t<meta property=\"og:image:width\" content=\"2560\" \/>\n\t<meta property=\"og:image:height\" content=\"1920\" \/>\n\t<meta property=\"og:image:type\" content=\"image\/jpeg\" \/>\n<meta name=\"twitter:card\" content=\"summary_large_image\" \/>\n<meta name=\"twitter:label1\" content=\"Estimated reading time\" \/>\n\t<meta name=\"twitter:data1\" content=\"2 minutes\" \/>\n<script type=\"application\/ld+json\" class=\"yoast-schema-graph\">{\"@context\":\"https:\/\/schema.org\",\"@graph\":[{\"@type\":\"WebPage\",\"@id\":\"https:\/\/facowood.com\/san-pham\/keo-dan-noi-that-fflex-f-bond\/\",\"url\":\"https:\/\/facowood.com\/san-pham\/keo-dan-noi-that-fflex-f-bond\/\",\"name\":\"KEO D\u00c1N N\u1ed8I TH\u1ea4T FFLEX F-BOND - Facowood\",\"isPartOf\":{\"@id\":\"https:\/\/facowood.com\/#website\"},\"datePublished\":\"2026-04-25T08:50:36+00:00\",\"dateModified\":\"2026-04-29T08:09:26+00:00\",\"description\":\"Keo d\u00e1n n\u1ed9i th\u1ea5t la\u0300 d\u00f2ng keo chuy\u00ean d\u00f9ng \u0111\u00ea\u0309 thi c\u00f4ng trong nh\u00e0, \u0111\u1ed9 b\u00e1m d\u00ednh cao, kh\u00f4 nhanh va\u0300 d\u00ea\u0303 da\u0300ng s\u01b0\u0309 du\u0323ng mang la\u0323i ti\u0301nh th\u00e2\u0309m my\u0303.\",\"breadcrumb\":{\"@id\":\"https:\/\/facowood.com\/san-pham\/keo-dan-noi-that-fflex-f-bond\/#breadcrumb\"},\"inLanguage\":\"en-GB\",\"potentialAction\":[{\"@type\":\"ReadAction\",\"target\":[\"https:\/\/facowood.com\/san-pham\/keo-dan-noi-that-fflex-f-bond\/\"]}]},{\"@type\":\"BreadcrumbList\",\"@id\":\"https:\/\/facowood.com\/san-pham\/keo-dan-noi-that-fflex-f-bond\/#breadcrumb\",\"itemListElement\":[{\"@type\":\"ListItem\",\"position\":1,\"name\":\"Trang ch\u1ee7\",\"item\":\"https:\/\/facowood.com\/\"},{\"@type\":\"ListItem\",\"position\":2,\"name\":\"C\u1eeda h\u00e0ng\",\"item\":\"https:\/\/facowood.com\/cua-hang\/\"},{\"@type\":\"ListItem\",\"position\":3,\"name\":\"KEO D\u00c1N N\u1ed8I TH\u1ea4T FFLEX F-BOND\"}]},{\"@type\":\"WebSite\",\"@id\":\"https:\/\/facowood.com\/#website\",\"url\":\"https:\/\/facowood.com\/\",\"name\":\"Facowood\",\"description\":\"\",\"publisher\":{\"@id\":\"https:\/\/facowood.com\/#organization\"},\"potentialAction\":[{\"@type\":\"SearchAction\",\"target\":{\"@type\":\"EntryPoint\",\"urlTemplate\":\"https:\/\/facowood.com\/?s={search_term_string}\"},\"query-input\":\"required name=search_term_string\"}],\"inLanguage\":\"en-GB\"},{\"@type\":\"Organization\",\"@id\":\"https:\/\/facowood.com\/#organization\",\"name\":\"Facowood\",\"url\":\"https:\/\/facowood.com\/\",\"logo\":{\"@type\":\"ImageObject\",\"inLanguage\":\"en-GB\",\"@id\":\"https:\/\/facowood.com\/#\/schema\/logo\/image\/\",\"url\":\"https:\/\/facowood.com\/wp-content\/uploads\/2023\/11\/logo_svg.svg\",\"contentUrl\":\"https:\/\/facowood.com\/wp-content\/uploads\/2023\/11\/logo_svg.svg\",\"width\":134,\"height\":56,\"caption\":\"Facowood\"},\"image\":{\"@id\":\"https:\/\/facowood.com\/#\/schema\/logo\/image\/\"}}]}<\/script>\n<!-- \/ Yoast SEO plugin. -->","yoast_head_json":{"title":"KEO D\u00c1N N\u1ed8I TH\u1ea4T FFLEX F-BOND - Facowood","description":"Keo d\u00e1n n\u1ed9i th\u1ea5t la\u0300 d\u00f2ng keo chuy\u00ean d\u00f9ng \u0111\u00ea\u0309 thi c\u00f4ng trong nh\u00e0, \u0111\u1ed9 b\u00e1m d\u00ednh cao, kh\u00f4 nhanh va\u0300 d\u00ea\u0303 da\u0300ng s\u01b0\u0309 du\u0323ng mang la\u0323i ti\u0301nh th\u00e2\u0309m my\u0303.","robots":{"index":"index","follow":"follow","max-snippet":"max-snippet:-1","max-image-preview":"max-image-preview:large","max-video-preview":"max-video-preview:-1"},"canonical":"https:\/\/facowood.com\/en\/product\/keo-dan-noi-that-fflex-f-bond\/","og_locale":"en_GB","og_type":"article","og_title":"KEO D\u00c1N N\u1ed8I TH\u1ea4T FFLEX F-BOND - Facowood","og_description":"Keo d\u00e1n n\u1ed9i th\u1ea5t la\u0300 d\u00f2ng keo chuy\u00ean d\u00f9ng \u0111\u00ea\u0309 thi c\u00f4ng trong nh\u00e0, \u0111\u1ed9 b\u00e1m d\u00ednh cao, kh\u00f4 nhanh va\u0300 d\u00ea\u0303 da\u0300ng s\u01b0\u0309 du\u0323ng mang la\u0323i ti\u0301nh th\u00e2\u0309m my\u0303.","og_url":"https:\/\/facowood.com\/en\/product\/keo-dan-noi-that-fflex-f-bond\/","og_site_name":"Facowood","article_modified_time":"2026-04-29T08:09:26+00:00","og_image":[{"width":2560,"height":1920,"url":"https:\/\/facowood.com\/wp-content\/uploads\/2026\/04\/z7762480482355_42a0502d455e778933a656d00c17a403-scaled.jpg","type":"image\/jpeg"}],"twitter_card":"summary_large_image","twitter_misc":{"Estimated reading time":"2 minutes"},"schema":{"@context":"https:\/\/schema.org","@graph":[{"@type":"WebPage","@id":"https:\/\/facowood.com\/san-pham\/keo-dan-noi-that-fflex-f-bond\/","url":"https:\/\/facowood.com\/san-pham\/keo-dan-noi-that-fflex-f-bond\/","name":"KEO D\u00c1N N\u1ed8I TH\u1ea4T FFLEX F-BOND - Facowood","isPartOf":{"@id":"https:\/\/facowood.com\/#website"},"datePublished":"2026-04-25T08:50:36+00:00","dateModified":"2026-04-29T08:09:26+00:00","description":"Keo d\u00e1n n\u1ed9i th\u1ea5t la\u0300 d\u00f2ng keo chuy\u00ean d\u00f9ng \u0111\u00ea\u0309 thi c\u00f4ng trong nh\u00e0, \u0111\u1ed9 b\u00e1m d\u00ednh cao, kh\u00f4 nhanh va\u0300 d\u00ea\u0303 da\u0300ng s\u01b0\u0309 du\u0323ng mang la\u0323i ti\u0301nh th\u00e2\u0309m my\u0303.","breadcrumb":{"@id":"https:\/\/facowood.com\/san-pham\/keo-dan-noi-that-fflex-f-bond\/#breadcrumb"},"inLanguage":"en-GB","potentialAction":[{"@type":"ReadAction","target":["https:\/\/facowood.com\/san-pham\/keo-dan-noi-that-fflex-f-bond\/"]}]},{"@type":"BreadcrumbList","@id":"https:\/\/facowood.com\/san-pham\/keo-dan-noi-that-fflex-f-bond\/#breadcrumb","itemListElement":[{"@type":"ListItem","position":1,"name":"Trang ch\u1ee7","item":"https:\/\/facowood.com\/"},{"@type":"ListItem","position":2,"name":"C\u1eeda h\u00e0ng","item":"https:\/\/facowood.com\/cua-hang\/"},{"@type":"ListItem","position":3,"name":"KEO D\u00c1N N\u1ed8I TH\u1ea4T FFLEX F-BOND"}]},{"@type":"WebSite","@id":"https:\/\/facowood.com\/#website","url":"https:\/\/facowood.com\/","name":"Facowood","description":"","publisher":{"@id":"https:\/\/facowood.com\/#organization"},"potentialAction":[{"@type":"SearchAction","target":{"@type":"EntryPoint","urlTemplate":"https:\/\/facowood.com\/?s={search_term_string}"},"query-input":"required name=search_term_string"}],"inLanguage":"en-GB"},{"@type":"Organization","@id":"https:\/\/facowood.com\/#organization","name":"Facowood","url":"https:\/\/facowood.com\/","logo":{"@type":"ImageObject","inLanguage":"en-GB","@id":"https:\/\/facowood.com\/#\/schema\/logo\/image\/","url":"https:\/\/facowood.com\/wp-content\/uploads\/2023\/11\/logo_svg.svg","contentUrl":"https:\/\/facowood.com\/wp-content\/uploads\/2023\/11\/logo_svg.svg","width":134,"height":56,"caption":"Facowood"},"image":{"@id":"https:\/\/facowood.com\/#\/schema\/logo\/image\/"}}]}},"_links":{"self":[{"href":"https:\/\/facowood.com\/en\/wp-json\/wp\/v2\/product\/3543","targetHints":{"allow":["GET"]}}],"collection":[{"href":"https:\/\/facowood.com\/en\/wp-json\/wp\/v2\/product"}],"about":[{"href":"https:\/\/facowood.com\/en\/wp-json\/wp\/v2\/types\/product"}],"replies":[{"embeddable":true,"href":"https:\/\/facowood.com\/en\/wp-json\/wp\/v2\/comments?post=3543"}],"wp:featuredmedia":[{"embeddable":true,"href":"https:\/\/facowood.com\/en\/wp-json\/wp\/v2\/media\/3545"}],"wp:attachment":[{"href":"https:\/\/facowood.com\/en\/wp-json\/wp\/v2\/media?parent=3543"}],"wp:term":[{"taxonomy":"product_cat","embeddable":true,"href":"https:\/\/facowood.com\/en\/wp-json\/wp\/v2\/product_cat?post=3543"},{"taxonomy":"product_tag","embeddable":true,"href":"https:\/\/facowood.com\/en\/wp-json\/wp\/v2\/product_tag?post=3543"}],"curies":[{"name":"wp","href":"https:\/\/api.w.org\/{rel}","templated":true}]}}