{"id":3510,"date":"2026-04-25T04:36:50","date_gmt":"2026-04-25T04:36:50","guid":{"rendered":"https:\/\/facowood.com\/?post_type=product&#038;p=3510"},"modified":"2026-04-29T04:10:00","modified_gmt":"2026-04-29T04:10:00","slug":"thanh-lam-hop-fh120a120","status":"publish","type":"product","link":"https:\/\/facowood.com\/en\/product\/thanh-lam-hop-fh120a120\/","title":{"rendered":"Thanh lam h\u1ed9p FH120A120"},"content":{"rendered":"<h4>1. Th\u00f4ng s\u1ed1 k\u1ef9 thu\u1eadt<\/h4>\n<ul>\n<li>Quy c\u00e1ch: 120 x 120 mm<\/li>\n<li>Ch\u1ea5t li\u1ec7u: G\u1ed7 nh\u1ef1a ph\u1ee7 ASA ngo\u00e0i tr\u1eddi<\/li>\n<li>B\u1ec1 m\u1eb7t: V\u00e2n g\u1ed7 s\u1eafc n\u00e9t, b\u1ec1n m\u00e0u<\/li>\n<li>D\u1ea1ng h\u1ed9p: R\u1ed7ng \u2013 gi\u1ea3m t\u1ea3i nh\u01b0ng v\u1eabn c\u1ee9ng ch\u1eafc<\/li>\n<li>Khung l\u1eafp \u0111\u1eb7t: S\u1eaft h\u1ed9p 100 x 100 mm<\/li>\n<\/ul>\n<h4>2. \u1ee8ng d\u1ee5ng th\u1ef1c t\u1ebf<\/h4>\n<ul>\n<li>L\u00e0m c\u1ed9t gi\u1ea3, lam trang tr\u00ed m\u1eb7t ti\u1ec1n<\/li>\n<li>Thi c\u00f4ng pergola, m\u00e1i che l\u1edbn<\/li>\n<li>Trang tr\u00ed s\u1ea3nh, villa, resort cao c\u1ea5p<\/li>\n<li>T\u1ea1o \u0111i\u1ec3m nh\u1ea5n ki\u1ebfn tr\u00fac ngo\u00e0i tr\u1eddi<\/li>\n<\/ul>\n<h4>3. \u01afu \u0111i\u1ec3m<\/h4>\n<ul>\n<li>B\u1ea3n to \u2013 nh\u00ecn l\u00e0 th\u1ea5y \u201c\u0111\u1eaft ti\u1ec1n\u201d<\/li>\n<li>Ch\u1ecbu n\u1eafng m\u01b0a t\u1ed1t \u2013 kh\u00f4ng b\u1ea1c m\u00e0u<\/li>\n<li>\u00a0Kh\u00f4ng cong v\u00eanh, kh\u00f4ng m\u1ed1i m\u1ecdt<\/li>\n<li>Thi c\u00f4ng nhanh, \u00edt b\u1ea3o tr\u00ec<\/li>\n<li>Ph\u00f9 h\u1ee3p c\u00f4ng tr\u00ecnh c\u1ea7n \u0111\u1ed9 ch\u1eafc &amp; th\u1ea9m m\u1ef9 cao<\/li>\n<\/ul>","protected":false},"excerpt":{"rendered":"<p><strong><span dir=\"auto\">Product code:<\/span><\/strong><span dir=\"auto\"> FH120A120<\/span><\/p>\n<p><strong><span dir=\"auto\">Size:<\/span><\/strong><span dir=\"auto\"> 120*120*2900mm<\/span><\/p>","protected":false},"featured_media":2892,"comment_status":"open","ping_status":"closed","template":"","meta":[],"product_cat":[18,24],"product_tag":[],"class_list":["post-3510","product","type-product","status-publish","has-post-thumbnail","hentry","product_cat-tam-op-tuong-phu-pvdf","product_cat-thanh-lam-go-nhua","pa_mau-sac-coffee","pa_mau-sac-teak"],"acf":[],"yoast_head":"<!-- This site is optimized with the Yoast SEO plugin v21.5 - https:\/\/yoast.com\/wordpress\/plugins\/seo\/ -->\n<title>Thanh lam h\u1ed9p FH120A120 - Facowood<\/title>\n<meta name=\"robots\" content=\"index, follow, max-snippet:-1, max-image-preview:large, max-video-preview:-1\" \/>\n<link rel=\"canonical\" href=\"https:\/\/facowood.com\/en\/product\/thanh-lam-hop-fh120a120\/\" \/>\n<meta property=\"og:locale\" content=\"en_GB\" \/>\n<meta property=\"og:type\" content=\"article\" \/>\n<meta property=\"og:title\" content=\"Thanh lam h\u1ed9p FH120A120 - Facowood\" \/>\n<meta property=\"og:description\" content=\"M\u00e3 s\u1ea3n ph\u1ea9m: FH120A120  K\u00edch th\u01b0\u1edbc: 120*120*2900mm\" \/>\n<meta property=\"og:url\" content=\"https:\/\/facowood.com\/en\/product\/thanh-lam-hop-fh120a120\/\" \/>\n<meta property=\"og:site_name\" content=\"Facowood\" \/>\n<meta property=\"article:modified_time\" content=\"2026-04-29T04:10:00+00:00\" \/>\n<meta property=\"og:image\" content=\"https:\/\/facowood.com\/wp-content\/uploads\/2024\/03\/modern-bright-interiors-3d-rendering-illustration_653967-18167-1.jpg\" \/>\n\t<meta property=\"og:image:width\" content=\"826\" \/>\n\t<meta property=\"og:image:height\" content=\"465\" \/>\n\t<meta property=\"og:image:type\" content=\"image\/jpeg\" \/>\n<meta name=\"twitter:card\" content=\"summary_large_image\" \/>\n<meta name=\"twitter:label1\" content=\"Estimated reading time\" \/>\n\t<meta name=\"twitter:data1\" content=\"1 minute\" \/>\n<script type=\"application\/ld+json\" class=\"yoast-schema-graph\">{\"@context\":\"https:\/\/schema.org\",\"@graph\":[{\"@type\":\"WebPage\",\"@id\":\"https:\/\/facowood.com\/san-pham\/thanh-lam-hop-fh120a120\/\",\"url\":\"https:\/\/facowood.com\/san-pham\/thanh-lam-hop-fh120a120\/\",\"name\":\"Thanh lam h\u1ed9p FH120A120 - Facowood\",\"isPartOf\":{\"@id\":\"https:\/\/facowood.com\/#website\"},\"datePublished\":\"2026-04-25T04:36:50+00:00\",\"dateModified\":\"2026-04-29T04:10:00+00:00\",\"breadcrumb\":{\"@id\":\"https:\/\/facowood.com\/san-pham\/thanh-lam-hop-fh120a120\/#breadcrumb\"},\"inLanguage\":\"en-GB\",\"potentialAction\":[{\"@type\":\"ReadAction\",\"target\":[\"https:\/\/facowood.com\/san-pham\/thanh-lam-hop-fh120a120\/\"]}]},{\"@type\":\"BreadcrumbList\",\"@id\":\"https:\/\/facowood.com\/san-pham\/thanh-lam-hop-fh120a120\/#breadcrumb\",\"itemListElement\":[{\"@type\":\"ListItem\",\"position\":1,\"name\":\"Trang ch\u1ee7\",\"item\":\"https:\/\/facowood.com\/\"},{\"@type\":\"ListItem\",\"position\":2,\"name\":\"C\u1eeda h\u00e0ng\",\"item\":\"https:\/\/facowood.com\/cua-hang\/\"},{\"@type\":\"ListItem\",\"position\":3,\"name\":\"Thanh lam h\u1ed9p FH120A120\"}]},{\"@type\":\"WebSite\",\"@id\":\"https:\/\/facowood.com\/#website\",\"url\":\"https:\/\/facowood.com\/\",\"name\":\"Facowood\",\"description\":\"\",\"publisher\":{\"@id\":\"https:\/\/facowood.com\/#organization\"},\"potentialAction\":[{\"@type\":\"SearchAction\",\"target\":{\"@type\":\"EntryPoint\",\"urlTemplate\":\"https:\/\/facowood.com\/?s={search_term_string}\"},\"query-input\":\"required name=search_term_string\"}],\"inLanguage\":\"en-GB\"},{\"@type\":\"Organization\",\"@id\":\"https:\/\/facowood.com\/#organization\",\"name\":\"Facowood\",\"url\":\"https:\/\/facowood.com\/\",\"logo\":{\"@type\":\"ImageObject\",\"inLanguage\":\"en-GB\",\"@id\":\"https:\/\/facowood.com\/#\/schema\/logo\/image\/\",\"url\":\"https:\/\/facowood.com\/wp-content\/uploads\/2023\/11\/logo_svg.svg\",\"contentUrl\":\"https:\/\/facowood.com\/wp-content\/uploads\/2023\/11\/logo_svg.svg\",\"width\":134,\"height\":56,\"caption\":\"Facowood\"},\"image\":{\"@id\":\"https:\/\/facowood.com\/#\/schema\/logo\/image\/\"}}]}<\/script>\n<!-- \/ Yoast SEO plugin. -->","yoast_head_json":{"title":"Thanh lam h\u1ed9p FH120A120 - Facowood","robots":{"index":"index","follow":"follow","max-snippet":"max-snippet:-1","max-image-preview":"max-image-preview:large","max-video-preview":"max-video-preview:-1"},"canonical":"https:\/\/facowood.com\/en\/product\/thanh-lam-hop-fh120a120\/","og_locale":"en_GB","og_type":"article","og_title":"Thanh lam h\u1ed9p FH120A120 - Facowood","og_description":"M\u00e3 s\u1ea3n ph\u1ea9m: FH120A120  K\u00edch th\u01b0\u1edbc: 120*120*2900mm","og_url":"https:\/\/facowood.com\/en\/product\/thanh-lam-hop-fh120a120\/","og_site_name":"Facowood","article_modified_time":"2026-04-29T04:10:00+00:00","og_image":[{"width":826,"height":465,"url":"https:\/\/facowood.com\/wp-content\/uploads\/2024\/03\/modern-bright-interiors-3d-rendering-illustration_653967-18167-1.jpg","type":"image\/jpeg"}],"twitter_card":"summary_large_image","twitter_misc":{"Estimated reading time":"1 minute"},"schema":{"@context":"https:\/\/schema.org","@graph":[{"@type":"WebPage","@id":"https:\/\/facowood.com\/san-pham\/thanh-lam-hop-fh120a120\/","url":"https:\/\/facowood.com\/san-pham\/thanh-lam-hop-fh120a120\/","name":"Thanh lam h\u1ed9p FH120A120 - Facowood","isPartOf":{"@id":"https:\/\/facowood.com\/#website"},"datePublished":"2026-04-25T04:36:50+00:00","dateModified":"2026-04-29T04:10:00+00:00","breadcrumb":{"@id":"https:\/\/facowood.com\/san-pham\/thanh-lam-hop-fh120a120\/#breadcrumb"},"inLanguage":"en-GB","potentialAction":[{"@type":"ReadAction","target":["https:\/\/facowood.com\/san-pham\/thanh-lam-hop-fh120a120\/"]}]},{"@type":"BreadcrumbList","@id":"https:\/\/facowood.com\/san-pham\/thanh-lam-hop-fh120a120\/#breadcrumb","itemListElement":[{"@type":"ListItem","position":1,"name":"Trang ch\u1ee7","item":"https:\/\/facowood.com\/"},{"@type":"ListItem","position":2,"name":"C\u1eeda h\u00e0ng","item":"https:\/\/facowood.com\/cua-hang\/"},{"@type":"ListItem","position":3,"name":"Thanh lam h\u1ed9p FH120A120"}]},{"@type":"WebSite","@id":"https:\/\/facowood.com\/#website","url":"https:\/\/facowood.com\/","name":"Facowood","description":"","publisher":{"@id":"https:\/\/facowood.com\/#organization"},"potentialAction":[{"@type":"SearchAction","target":{"@type":"EntryPoint","urlTemplate":"https:\/\/facowood.com\/?s={search_term_string}"},"query-input":"required name=search_term_string"}],"inLanguage":"en-GB"},{"@type":"Organization","@id":"https:\/\/facowood.com\/#organization","name":"Facowood","url":"https:\/\/facowood.com\/","logo":{"@type":"ImageObject","inLanguage":"en-GB","@id":"https:\/\/facowood.com\/#\/schema\/logo\/image\/","url":"https:\/\/facowood.com\/wp-content\/uploads\/2023\/11\/logo_svg.svg","contentUrl":"https:\/\/facowood.com\/wp-content\/uploads\/2023\/11\/logo_svg.svg","width":134,"height":56,"caption":"Facowood"},"image":{"@id":"https:\/\/facowood.com\/#\/schema\/logo\/image\/"}}]}},"_links":{"self":[{"href":"https:\/\/facowood.com\/en\/wp-json\/wp\/v2\/product\/3510","targetHints":{"allow":["GET"]}}],"collection":[{"href":"https:\/\/facowood.com\/en\/wp-json\/wp\/v2\/product"}],"about":[{"href":"https:\/\/facowood.com\/en\/wp-json\/wp\/v2\/types\/product"}],"replies":[{"embeddable":true,"href":"https:\/\/facowood.com\/en\/wp-json\/wp\/v2\/comments?post=3510"}],"wp:featuredmedia":[{"embeddable":true,"href":"https:\/\/facowood.com\/en\/wp-json\/wp\/v2\/media\/2892"}],"wp:attachment":[{"href":"https:\/\/facowood.com\/en\/wp-json\/wp\/v2\/media?parent=3510"}],"wp:term":[{"taxonomy":"product_cat","embeddable":true,"href":"https:\/\/facowood.com\/en\/wp-json\/wp\/v2\/product_cat?post=3510"},{"taxonomy":"product_tag","embeddable":true,"href":"https:\/\/facowood.com\/en\/wp-json\/wp\/v2\/product_tag?post=3510"}],"curies":[{"name":"wp","href":"https:\/\/api.w.org\/{rel}","templated":true}]}}