{"id":3493,"date":"2026-04-24T23:55:07","date_gmt":"2026-04-24T23:55:07","guid":{"rendered":"https:\/\/facowood.com\/?post_type=product&#038;p=3493"},"modified":"2026-04-29T07:12:38","modified_gmt":"2026-04-29T07:12:38","slug":"thanh-lam-hop-fh40a80","status":"publish","type":"product","link":"https:\/\/facowood.com\/en\/product\/thanh-lam-hop-fh40a80\/","title":{"rendered":"Thanh lam h\u1ed9p FH40A80"},"content":{"rendered":"<h4><strong>1. Th\u00f4ng s\u1ed1 k\u1ef9 thu\u1eadt:<\/strong><\/h4>\n<ul>\n<li>K\u00edch th\u01b0\u1edbc: 40 x 80 x 2900 mm (d\u1ea1ng h\u1ed9p)<\/li>\n<li>C\u1ea5u t\u1ea1o: G\u1ed7 nh\u1ef1a ph\u1ee7 ASA<\/li>\n<li>B\u1ec1 m\u1eb7t: V\u00e2n g\u1ed7, ch\u1ed1ng phai m\u00e0u<\/li>\n<li>K\u1ebft c\u1ea5u: R\u1ed7ng, th\u00e0nh d\u00e0y \u2013 ch\u1eafc ch\u1eafn<\/li>\n<li>Khung x\u01b0\u01a1ng \u0111\u1ec1 xu\u1ea5t: S\u1eaft h\u1ed9p 30 x 60 mm<\/li>\n<\/ul>\n<h4><strong>2. \u01afu \u0111i\u1ec3m:<\/strong><\/h4>\n<ul>\n<li>Ch\u1ed1ng UV \u2013 b\u1ec1n m\u00e0u v\u1edbi n\u1eafng m\u01b0a l\u00ean t\u1edbi 20 n\u0103m<\/li>\n<li>Ch\u1ed1ng n\u01b0\u1edbc \u2013 kh\u00f4ng cong v\u00eanh<\/li>\n<li>Kh\u00f4ng m\u1ed1i m\u1ecdt<\/li>\n<li>Ch\u1eafc kh\u1ecfe \u2013 ph\u00f9 h\u1ee3p c\u00f4ng tr\u00ecnh l\u1edbn<\/li>\n<li>D\u1ec5 thi c\u00f4ng \u2013 \u00edt b\u1ea3o tr\u00ec<\/li>\n<li>\u0110\u1eb9p sang &#8211; x\u1ecbn<\/li>\n<\/ul>\n<h4><strong>3. \u1ee8ng d\u1ee5ng:<\/strong><\/h4>\n<ul>\n<li>Lam ch\u1eafn n\u1eafng m\u1eb7t ti\u1ec1n<\/li>\n<li>Trang tr\u00ed tr\u1ea7n, v\u00e1ch, ban c\u00f4ng<\/li>\n<li>Pergola, h\u00e0ng r\u00e0o<\/li>\n<li>Qu\u00e1n cafe, nh\u00e0 h\u00e0ng, khu ngh\u1ec9 d\u01b0\u1ee1ng, trung t\u00e2m th\u01b0\u01a1ng m\u1ea1i,&#8230;<\/li>\n<\/ul>","protected":false},"excerpt":{"rendered":"<p><strong><span dir=\"auto\">Product code:<\/span><\/strong><span dir=\"auto\">\u00a0FH40A80<\/span><\/p>\n<p><strong><span dir=\"auto\">Size:<\/span><\/strong><span dir=\"auto\">\u00a040*80*2900mm<\/span><\/p>","protected":false},"featured_media":3410,"comment_status":"open","ping_status":"closed","template":"","meta":[],"product_cat":[18,24],"product_tag":[],"class_list":["post-3493","product","type-product","status-publish","has-post-thumbnail","hentry","product_cat-tam-op-tuong-phu-pvdf","product_cat-thanh-lam-go-nhua","pa_mau-sac-coffee","pa_mau-sac-wood"],"acf":[],"yoast_head":"<!-- This site is optimized with the Yoast SEO plugin v21.5 - https:\/\/yoast.com\/wordpress\/plugins\/seo\/ -->\n<title>Thanh lam h\u1ed9p FH40A80<\/title>\n<meta name=\"description\" content=\"Thanh lam h\u1ed9p FH40A80 c\u1ee7a nh\u00e0 Facowood l\u00e0 s\u1ea3n ph\u1ea9m g\u1ed7 nh\u1ef1a cao c\u1ea5p d\u00f9ng thi c\u00f4ng c\u00e1c c\u00f4ng tr\u00ecnh nh\u01b0 h\u00e0ng r\u00e0o, gi\u00e0n ban c\u00f4ng, ch\u00f2i ngh\u1ec9 \u0111\u1eb3ng c\u1ea5p.\" \/>\n<meta name=\"robots\" content=\"index, follow, max-snippet:-1, max-image-preview:large, max-video-preview:-1\" \/>\n<link rel=\"canonical\" href=\"https:\/\/facowood.com\/en\/product\/thanh-lam-hop-fh40a80\/\" \/>\n<meta property=\"og:locale\" content=\"en_GB\" \/>\n<meta property=\"og:type\" content=\"article\" \/>\n<meta property=\"og:title\" content=\"Thanh lam h\u1ed9p FH40A80\" \/>\n<meta property=\"og:description\" content=\"Thanh lam h\u1ed9p FH40A80 c\u1ee7a nh\u00e0 Facowood l\u00e0 s\u1ea3n ph\u1ea9m g\u1ed7 nh\u1ef1a cao c\u1ea5p d\u00f9ng thi c\u00f4ng c\u00e1c c\u00f4ng tr\u00ecnh nh\u01b0 h\u00e0ng r\u00e0o, gi\u00e0n ban c\u00f4ng, ch\u00f2i ngh\u1ec9 \u0111\u1eb3ng c\u1ea5p.\" \/>\n<meta property=\"og:url\" content=\"https:\/\/facowood.com\/en\/product\/thanh-lam-hop-fh40a80\/\" \/>\n<meta property=\"og:site_name\" content=\"Facowood\" \/>\n<meta property=\"article:modified_time\" content=\"2026-04-29T07:12:38+00:00\" \/>\n<meta property=\"og:image\" content=\"https:\/\/facowood.com\/wp-content\/uploads\/2026\/04\/1.png\" \/>\n\t<meta property=\"og:image:width\" content=\"960\" \/>\n\t<meta property=\"og:image:height\" content=\"1280\" \/>\n\t<meta property=\"og:image:type\" content=\"image\/png\" \/>\n<meta name=\"twitter:card\" content=\"summary_large_image\" \/>\n<meta name=\"twitter:label1\" content=\"Estimated reading time\" \/>\n\t<meta name=\"twitter:data1\" content=\"1 minute\" \/>\n<script type=\"application\/ld+json\" class=\"yoast-schema-graph\">{\"@context\":\"https:\/\/schema.org\",\"@graph\":[{\"@type\":\"WebPage\",\"@id\":\"https:\/\/facowood.com\/san-pham\/thanh-lam-hop-fh40a80\/\",\"url\":\"https:\/\/facowood.com\/san-pham\/thanh-lam-hop-fh40a80\/\",\"name\":\"Thanh lam h\u1ed9p FH40A80\",\"isPartOf\":{\"@id\":\"https:\/\/facowood.com\/#website\"},\"datePublished\":\"2026-04-24T23:55:07+00:00\",\"dateModified\":\"2026-04-29T07:12:38+00:00\",\"description\":\"Thanh lam h\u1ed9p FH40A80 c\u1ee7a nh\u00e0 Facowood l\u00e0 s\u1ea3n ph\u1ea9m g\u1ed7 nh\u1ef1a cao c\u1ea5p d\u00f9ng thi c\u00f4ng c\u00e1c c\u00f4ng tr\u00ecnh nh\u01b0 h\u00e0ng r\u00e0o, gi\u00e0n ban c\u00f4ng, ch\u00f2i ngh\u1ec9 \u0111\u1eb3ng c\u1ea5p.\",\"breadcrumb\":{\"@id\":\"https:\/\/facowood.com\/san-pham\/thanh-lam-hop-fh40a80\/#breadcrumb\"},\"inLanguage\":\"en-GB\",\"potentialAction\":[{\"@type\":\"ReadAction\",\"target\":[\"https:\/\/facowood.com\/san-pham\/thanh-lam-hop-fh40a80\/\"]}]},{\"@type\":\"BreadcrumbList\",\"@id\":\"https:\/\/facowood.com\/san-pham\/thanh-lam-hop-fh40a80\/#breadcrumb\",\"itemListElement\":[{\"@type\":\"ListItem\",\"position\":1,\"name\":\"Trang ch\u1ee7\",\"item\":\"https:\/\/facowood.com\/\"},{\"@type\":\"ListItem\",\"position\":2,\"name\":\"C\u1eeda h\u00e0ng\",\"item\":\"https:\/\/facowood.com\/cua-hang\/\"},{\"@type\":\"ListItem\",\"position\":3,\"name\":\"Thanh lam h\u1ed9p FH40A80\"}]},{\"@type\":\"WebSite\",\"@id\":\"https:\/\/facowood.com\/#website\",\"url\":\"https:\/\/facowood.com\/\",\"name\":\"Facowood\",\"description\":\"\",\"publisher\":{\"@id\":\"https:\/\/facowood.com\/#organization\"},\"potentialAction\":[{\"@type\":\"SearchAction\",\"target\":{\"@type\":\"EntryPoint\",\"urlTemplate\":\"https:\/\/facowood.com\/?s={search_term_string}\"},\"query-input\":\"required name=search_term_string\"}],\"inLanguage\":\"en-GB\"},{\"@type\":\"Organization\",\"@id\":\"https:\/\/facowood.com\/#organization\",\"name\":\"Facowood\",\"url\":\"https:\/\/facowood.com\/\",\"logo\":{\"@type\":\"ImageObject\",\"inLanguage\":\"en-GB\",\"@id\":\"https:\/\/facowood.com\/#\/schema\/logo\/image\/\",\"url\":\"https:\/\/facowood.com\/wp-content\/uploads\/2023\/11\/logo_svg.svg\",\"contentUrl\":\"https:\/\/facowood.com\/wp-content\/uploads\/2023\/11\/logo_svg.svg\",\"width\":134,\"height\":56,\"caption\":\"Facowood\"},\"image\":{\"@id\":\"https:\/\/facowood.com\/#\/schema\/logo\/image\/\"}}]}<\/script>\n<!-- \/ Yoast SEO plugin. -->","yoast_head_json":{"title":"Thanh lam h\u1ed9p FH40A80","description":"Thanh lam h\u1ed9p FH40A80 c\u1ee7a nh\u00e0 Facowood l\u00e0 s\u1ea3n ph\u1ea9m g\u1ed7 nh\u1ef1a cao c\u1ea5p d\u00f9ng thi c\u00f4ng c\u00e1c c\u00f4ng tr\u00ecnh nh\u01b0 h\u00e0ng r\u00e0o, gi\u00e0n ban c\u00f4ng, ch\u00f2i ngh\u1ec9 \u0111\u1eb3ng c\u1ea5p.","robots":{"index":"index","follow":"follow","max-snippet":"max-snippet:-1","max-image-preview":"max-image-preview:large","max-video-preview":"max-video-preview:-1"},"canonical":"https:\/\/facowood.com\/en\/product\/thanh-lam-hop-fh40a80\/","og_locale":"en_GB","og_type":"article","og_title":"Thanh lam h\u1ed9p FH40A80","og_description":"Thanh lam h\u1ed9p FH40A80 c\u1ee7a nh\u00e0 Facowood l\u00e0 s\u1ea3n ph\u1ea9m g\u1ed7 nh\u1ef1a cao c\u1ea5p d\u00f9ng thi c\u00f4ng c\u00e1c c\u00f4ng tr\u00ecnh nh\u01b0 h\u00e0ng r\u00e0o, gi\u00e0n ban c\u00f4ng, ch\u00f2i ngh\u1ec9 \u0111\u1eb3ng c\u1ea5p.","og_url":"https:\/\/facowood.com\/en\/product\/thanh-lam-hop-fh40a80\/","og_site_name":"Facowood","article_modified_time":"2026-04-29T07:12:38+00:00","og_image":[{"width":960,"height":1280,"url":"https:\/\/facowood.com\/wp-content\/uploads\/2026\/04\/1.png","type":"image\/png"}],"twitter_card":"summary_large_image","twitter_misc":{"Estimated reading time":"1 minute"},"schema":{"@context":"https:\/\/schema.org","@graph":[{"@type":"WebPage","@id":"https:\/\/facowood.com\/san-pham\/thanh-lam-hop-fh40a80\/","url":"https:\/\/facowood.com\/san-pham\/thanh-lam-hop-fh40a80\/","name":"Thanh lam h\u1ed9p FH40A80","isPartOf":{"@id":"https:\/\/facowood.com\/#website"},"datePublished":"2026-04-24T23:55:07+00:00","dateModified":"2026-04-29T07:12:38+00:00","description":"Thanh lam h\u1ed9p FH40A80 c\u1ee7a nh\u00e0 Facowood l\u00e0 s\u1ea3n ph\u1ea9m g\u1ed7 nh\u1ef1a cao c\u1ea5p d\u00f9ng thi c\u00f4ng c\u00e1c c\u00f4ng tr\u00ecnh nh\u01b0 h\u00e0ng r\u00e0o, gi\u00e0n ban c\u00f4ng, ch\u00f2i ngh\u1ec9 \u0111\u1eb3ng c\u1ea5p.","breadcrumb":{"@id":"https:\/\/facowood.com\/san-pham\/thanh-lam-hop-fh40a80\/#breadcrumb"},"inLanguage":"en-GB","potentialAction":[{"@type":"ReadAction","target":["https:\/\/facowood.com\/san-pham\/thanh-lam-hop-fh40a80\/"]}]},{"@type":"BreadcrumbList","@id":"https:\/\/facowood.com\/san-pham\/thanh-lam-hop-fh40a80\/#breadcrumb","itemListElement":[{"@type":"ListItem","position":1,"name":"Trang ch\u1ee7","item":"https:\/\/facowood.com\/"},{"@type":"ListItem","position":2,"name":"C\u1eeda h\u00e0ng","item":"https:\/\/facowood.com\/cua-hang\/"},{"@type":"ListItem","position":3,"name":"Thanh lam h\u1ed9p FH40A80"}]},{"@type":"WebSite","@id":"https:\/\/facowood.com\/#website","url":"https:\/\/facowood.com\/","name":"Facowood","description":"","publisher":{"@id":"https:\/\/facowood.com\/#organization"},"potentialAction":[{"@type":"SearchAction","target":{"@type":"EntryPoint","urlTemplate":"https:\/\/facowood.com\/?s={search_term_string}"},"query-input":"required name=search_term_string"}],"inLanguage":"en-GB"},{"@type":"Organization","@id":"https:\/\/facowood.com\/#organization","name":"Facowood","url":"https:\/\/facowood.com\/","logo":{"@type":"ImageObject","inLanguage":"en-GB","@id":"https:\/\/facowood.com\/#\/schema\/logo\/image\/","url":"https:\/\/facowood.com\/wp-content\/uploads\/2023\/11\/logo_svg.svg","contentUrl":"https:\/\/facowood.com\/wp-content\/uploads\/2023\/11\/logo_svg.svg","width":134,"height":56,"caption":"Facowood"},"image":{"@id":"https:\/\/facowood.com\/#\/schema\/logo\/image\/"}}]}},"_links":{"self":[{"href":"https:\/\/facowood.com\/en\/wp-json\/wp\/v2\/product\/3493","targetHints":{"allow":["GET"]}}],"collection":[{"href":"https:\/\/facowood.com\/en\/wp-json\/wp\/v2\/product"}],"about":[{"href":"https:\/\/facowood.com\/en\/wp-json\/wp\/v2\/types\/product"}],"replies":[{"embeddable":true,"href":"https:\/\/facowood.com\/en\/wp-json\/wp\/v2\/comments?post=3493"}],"wp:featuredmedia":[{"embeddable":true,"href":"https:\/\/facowood.com\/en\/wp-json\/wp\/v2\/media\/3410"}],"wp:attachment":[{"href":"https:\/\/facowood.com\/en\/wp-json\/wp\/v2\/media?parent=3493"}],"wp:term":[{"taxonomy":"product_cat","embeddable":true,"href":"https:\/\/facowood.com\/en\/wp-json\/wp\/v2\/product_cat?post=3493"},{"taxonomy":"product_tag","embeddable":true,"href":"https:\/\/facowood.com\/en\/wp-json\/wp\/v2\/product_tag?post=3493"}],"curies":[{"name":"wp","href":"https:\/\/api.w.org\/{rel}","templated":true}]}}