{"id":3489,"date":"2026-04-24T23:40:03","date_gmt":"2026-04-24T23:40:03","guid":{"rendered":"https:\/\/facowood.com\/?post_type=product&#038;p=3489"},"modified":"2026-04-29T07:15:07","modified_gmt":"2026-04-29T07:15:07","slug":"thanh-lam-hop-fh25a80","status":"publish","type":"product","link":"https:\/\/facowood.com\/en\/product\/thanh-lam-hop-fh25a80\/","title":{"rendered":"Thanh lam h\u1ed9p FH25A80"},"content":{"rendered":"<h4><strong>1. Th\u00f4ng s\u1ed1 k\u1ef9 thu\u1eadt:<\/strong><\/h4>\n<ul>\n<li>K\u00edch th\u01b0\u1edbc: 25 x 80 x 2900 mm<\/li>\n<li>C\u1ea5u t\u1ea1o: G\u1ed7 nh\u1ef1a ph\u1ee7 ASA<\/li>\n<li>B\u1ec1 m\u1eb7t: V\u00e2n g\u1ed7, ch\u1ed1ng phai m\u00e0u<\/li>\n<li>M\u00e0u s\u1eafc: Teak, Coffee<\/li>\n<li>K\u1ebft c\u1ea5u: R\u1ed7ng, th\u00e0nh d\u00e0y \u2013 nh\u1eb9, ch\u1eafc<\/li>\n<li>Khung x\u01b0\u01a1ng: S\u1eaft h\u1ed9p 13 x 26 mm<\/li>\n<\/ul>\n<h4><strong>2. \u01afu \u0111i\u1ec3m:<\/strong><\/h4>\n<ul>\n<li>Ch\u1ed1ng UV \u2013 kh\u00f4ng b\u1ea1c m\u00e0u<\/li>\n<li>Ch\u1ed1ng n\u01b0\u1edbc \u2013 kh\u00f4ng cong v\u00eanh<\/li>\n<li>Kh\u00f4ng m\u1ed1i m\u1ecdt<\/li>\n<li>D\u1ec5 thi c\u00f4ng \u2013 \u00edt b\u1ea3o tr\u00ec<\/li>\n<li>\u0110\u1eb9p hi\u1ec7n \u0111\u1ea1i, v\u00e2n g\u1ed7 t\u1ef1 nhi\u00ean<\/li>\n<\/ul>\n<h4><strong>3. \u1ee8ng d\u1ee5ng:<\/strong><\/h4>\n<ul>\n<li>Lam ch\u1eafn n\u1eafng m\u1eb7t ti\u1ec1n<\/li>\n<li>Trang tr\u00ed tr\u1ea7n, v\u00e1ch, ban c\u00f4ng<\/li>\n<li>Pergola, h\u00e0ng r\u00e0o<\/li>\n<li>Qu\u00e1n cafe, nh\u00e0 h\u00e0ng, resort<\/li>\n<\/ul>","protected":false},"excerpt":{"rendered":"<p><strong><span dir=\"auto\">Product code:<\/span><\/strong><span dir=\"auto\">\u00a0FH25A80<\/span><\/p>\n<p><strong><span dir=\"auto\">Size:<\/span><\/strong><span dir=\"auto\"> 25*80*2900mm<\/span><\/p>","protected":false},"featured_media":3413,"comment_status":"open","ping_status":"closed","template":"","meta":[],"product_cat":[18,24],"product_tag":[],"class_list":["post-3489","product","type-product","status-publish","has-post-thumbnail","hentry","product_cat-tam-op-tuong-phu-pvdf","product_cat-thanh-lam-go-nhua","pa_mau-sac-coffee","pa_mau-sac-wood"],"acf":[],"yoast_head":"<!-- This site is optimized with the Yoast SEO plugin v21.5 - https:\/\/yoast.com\/wordpress\/plugins\/seo\/ -->\n<title>Thanh lam h\u1ed9p FH25A80 - Facowood<\/title>\n<meta name=\"description\" content=\"Thanh lam h\u1ed9p FH25A80 c\u1ee7a Facowood l\u00e0 d\u00f2ng s\u1ea3n ph\u1ea9m g\u1ed7 nh\u1ef1a ch\u1ea5t l\u01b0\u1ee3ng d\u00f9ng \u0111\u01b0\u1ee3c c\u1ea3 n\u1ed9i v\u00e0 ngo\u1ea1i th\u1ea5t nh\u01b0 v\u00e1ch ng\u0103n, ban c\u00f4ng, h\u00e0ng r\u00e0o,..\" \/>\n<meta name=\"robots\" content=\"index, follow, max-snippet:-1, max-image-preview:large, max-video-preview:-1\" \/>\n<link rel=\"canonical\" href=\"https:\/\/facowood.com\/en\/product\/thanh-lam-hop-fh25a80\/\" \/>\n<meta property=\"og:locale\" content=\"en_GB\" \/>\n<meta property=\"og:type\" content=\"article\" \/>\n<meta property=\"og:title\" content=\"Thanh lam h\u1ed9p FH25A80 - Facowood\" \/>\n<meta property=\"og:description\" content=\"Thanh lam h\u1ed9p FH25A80 c\u1ee7a Facowood l\u00e0 d\u00f2ng s\u1ea3n ph\u1ea9m g\u1ed7 nh\u1ef1a ch\u1ea5t l\u01b0\u1ee3ng d\u00f9ng \u0111\u01b0\u1ee3c c\u1ea3 n\u1ed9i v\u00e0 ngo\u1ea1i th\u1ea5t nh\u01b0 v\u00e1ch ng\u0103n, ban c\u00f4ng, h\u00e0ng r\u00e0o,..\" \/>\n<meta property=\"og:url\" content=\"https:\/\/facowood.com\/en\/product\/thanh-lam-hop-fh25a80\/\" \/>\n<meta property=\"og:site_name\" content=\"Facowood\" \/>\n<meta property=\"article:modified_time\" content=\"2026-04-29T07:15:07+00:00\" \/>\n<meta property=\"og:image\" content=\"https:\/\/facowood.com\/wp-content\/uploads\/2026\/04\/3.jpg\" \/>\n\t<meta property=\"og:image:width\" content=\"919\" \/>\n\t<meta property=\"og:image:height\" content=\"1280\" \/>\n\t<meta property=\"og:image:type\" content=\"image\/jpeg\" \/>\n<meta name=\"twitter:card\" content=\"summary_large_image\" \/>\n<meta name=\"twitter:label1\" content=\"Estimated reading time\" \/>\n\t<meta name=\"twitter:data1\" content=\"1 minute\" \/>\n<script type=\"application\/ld+json\" class=\"yoast-schema-graph\">{\"@context\":\"https:\/\/schema.org\",\"@graph\":[{\"@type\":\"WebPage\",\"@id\":\"https:\/\/facowood.com\/san-pham\/thanh-lam-hop-fh25a80\/\",\"url\":\"https:\/\/facowood.com\/san-pham\/thanh-lam-hop-fh25a80\/\",\"name\":\"Thanh lam h\u1ed9p FH25A80 - Facowood\",\"isPartOf\":{\"@id\":\"https:\/\/facowood.com\/#website\"},\"datePublished\":\"2026-04-24T23:40:03+00:00\",\"dateModified\":\"2026-04-29T07:15:07+00:00\",\"description\":\"Thanh lam h\u1ed9p FH25A80 c\u1ee7a Facowood l\u00e0 d\u00f2ng s\u1ea3n ph\u1ea9m g\u1ed7 nh\u1ef1a ch\u1ea5t l\u01b0\u1ee3ng d\u00f9ng \u0111\u01b0\u1ee3c c\u1ea3 n\u1ed9i v\u00e0 ngo\u1ea1i th\u1ea5t nh\u01b0 v\u00e1ch ng\u0103n, ban c\u00f4ng, h\u00e0ng r\u00e0o,..\",\"breadcrumb\":{\"@id\":\"https:\/\/facowood.com\/san-pham\/thanh-lam-hop-fh25a80\/#breadcrumb\"},\"inLanguage\":\"en-GB\",\"potentialAction\":[{\"@type\":\"ReadAction\",\"target\":[\"https:\/\/facowood.com\/san-pham\/thanh-lam-hop-fh25a80\/\"]}]},{\"@type\":\"BreadcrumbList\",\"@id\":\"https:\/\/facowood.com\/san-pham\/thanh-lam-hop-fh25a80\/#breadcrumb\",\"itemListElement\":[{\"@type\":\"ListItem\",\"position\":1,\"name\":\"Trang ch\u1ee7\",\"item\":\"https:\/\/facowood.com\/\"},{\"@type\":\"ListItem\",\"position\":2,\"name\":\"C\u1eeda h\u00e0ng\",\"item\":\"https:\/\/facowood.com\/cua-hang\/\"},{\"@type\":\"ListItem\",\"position\":3,\"name\":\"Thanh lam h\u1ed9p FH25A80\"}]},{\"@type\":\"WebSite\",\"@id\":\"https:\/\/facowood.com\/#website\",\"url\":\"https:\/\/facowood.com\/\",\"name\":\"Facowood\",\"description\":\"\",\"publisher\":{\"@id\":\"https:\/\/facowood.com\/#organization\"},\"potentialAction\":[{\"@type\":\"SearchAction\",\"target\":{\"@type\":\"EntryPoint\",\"urlTemplate\":\"https:\/\/facowood.com\/?s={search_term_string}\"},\"query-input\":\"required name=search_term_string\"}],\"inLanguage\":\"en-GB\"},{\"@type\":\"Organization\",\"@id\":\"https:\/\/facowood.com\/#organization\",\"name\":\"Facowood\",\"url\":\"https:\/\/facowood.com\/\",\"logo\":{\"@type\":\"ImageObject\",\"inLanguage\":\"en-GB\",\"@id\":\"https:\/\/facowood.com\/#\/schema\/logo\/image\/\",\"url\":\"https:\/\/facowood.com\/wp-content\/uploads\/2023\/11\/logo_svg.svg\",\"contentUrl\":\"https:\/\/facowood.com\/wp-content\/uploads\/2023\/11\/logo_svg.svg\",\"width\":134,\"height\":56,\"caption\":\"Facowood\"},\"image\":{\"@id\":\"https:\/\/facowood.com\/#\/schema\/logo\/image\/\"}}]}<\/script>\n<!-- \/ Yoast SEO plugin. -->","yoast_head_json":{"title":"Thanh lam h\u1ed9p FH25A80 - Facowood","description":"Thanh lam h\u1ed9p FH25A80 c\u1ee7a Facowood l\u00e0 d\u00f2ng s\u1ea3n ph\u1ea9m g\u1ed7 nh\u1ef1a ch\u1ea5t l\u01b0\u1ee3ng d\u00f9ng \u0111\u01b0\u1ee3c c\u1ea3 n\u1ed9i v\u00e0 ngo\u1ea1i th\u1ea5t nh\u01b0 v\u00e1ch ng\u0103n, ban c\u00f4ng, h\u00e0ng r\u00e0o,..","robots":{"index":"index","follow":"follow","max-snippet":"max-snippet:-1","max-image-preview":"max-image-preview:large","max-video-preview":"max-video-preview:-1"},"canonical":"https:\/\/facowood.com\/en\/product\/thanh-lam-hop-fh25a80\/","og_locale":"en_GB","og_type":"article","og_title":"Thanh lam h\u1ed9p FH25A80 - Facowood","og_description":"Thanh lam h\u1ed9p FH25A80 c\u1ee7a Facowood l\u00e0 d\u00f2ng s\u1ea3n ph\u1ea9m g\u1ed7 nh\u1ef1a ch\u1ea5t l\u01b0\u1ee3ng d\u00f9ng \u0111\u01b0\u1ee3c c\u1ea3 n\u1ed9i v\u00e0 ngo\u1ea1i th\u1ea5t nh\u01b0 v\u00e1ch ng\u0103n, ban c\u00f4ng, h\u00e0ng r\u00e0o,..","og_url":"https:\/\/facowood.com\/en\/product\/thanh-lam-hop-fh25a80\/","og_site_name":"Facowood","article_modified_time":"2026-04-29T07:15:07+00:00","og_image":[{"width":919,"height":1280,"url":"https:\/\/facowood.com\/wp-content\/uploads\/2026\/04\/3.jpg","type":"image\/jpeg"}],"twitter_card":"summary_large_image","twitter_misc":{"Estimated reading time":"1 minute"},"schema":{"@context":"https:\/\/schema.org","@graph":[{"@type":"WebPage","@id":"https:\/\/facowood.com\/san-pham\/thanh-lam-hop-fh25a80\/","url":"https:\/\/facowood.com\/san-pham\/thanh-lam-hop-fh25a80\/","name":"Thanh lam h\u1ed9p FH25A80 - Facowood","isPartOf":{"@id":"https:\/\/facowood.com\/#website"},"datePublished":"2026-04-24T23:40:03+00:00","dateModified":"2026-04-29T07:15:07+00:00","description":"Thanh lam h\u1ed9p FH25A80 c\u1ee7a Facowood l\u00e0 d\u00f2ng s\u1ea3n ph\u1ea9m g\u1ed7 nh\u1ef1a ch\u1ea5t l\u01b0\u1ee3ng d\u00f9ng \u0111\u01b0\u1ee3c c\u1ea3 n\u1ed9i v\u00e0 ngo\u1ea1i th\u1ea5t nh\u01b0 v\u00e1ch ng\u0103n, ban c\u00f4ng, h\u00e0ng r\u00e0o,..","breadcrumb":{"@id":"https:\/\/facowood.com\/san-pham\/thanh-lam-hop-fh25a80\/#breadcrumb"},"inLanguage":"en-GB","potentialAction":[{"@type":"ReadAction","target":["https:\/\/facowood.com\/san-pham\/thanh-lam-hop-fh25a80\/"]}]},{"@type":"BreadcrumbList","@id":"https:\/\/facowood.com\/san-pham\/thanh-lam-hop-fh25a80\/#breadcrumb","itemListElement":[{"@type":"ListItem","position":1,"name":"Trang ch\u1ee7","item":"https:\/\/facowood.com\/"},{"@type":"ListItem","position":2,"name":"C\u1eeda h\u00e0ng","item":"https:\/\/facowood.com\/cua-hang\/"},{"@type":"ListItem","position":3,"name":"Thanh lam h\u1ed9p FH25A80"}]},{"@type":"WebSite","@id":"https:\/\/facowood.com\/#website","url":"https:\/\/facowood.com\/","name":"Facowood","description":"","publisher":{"@id":"https:\/\/facowood.com\/#organization"},"potentialAction":[{"@type":"SearchAction","target":{"@type":"EntryPoint","urlTemplate":"https:\/\/facowood.com\/?s={search_term_string}"},"query-input":"required name=search_term_string"}],"inLanguage":"en-GB"},{"@type":"Organization","@id":"https:\/\/facowood.com\/#organization","name":"Facowood","url":"https:\/\/facowood.com\/","logo":{"@type":"ImageObject","inLanguage":"en-GB","@id":"https:\/\/facowood.com\/#\/schema\/logo\/image\/","url":"https:\/\/facowood.com\/wp-content\/uploads\/2023\/11\/logo_svg.svg","contentUrl":"https:\/\/facowood.com\/wp-content\/uploads\/2023\/11\/logo_svg.svg","width":134,"height":56,"caption":"Facowood"},"image":{"@id":"https:\/\/facowood.com\/#\/schema\/logo\/image\/"}}]}},"_links":{"self":[{"href":"https:\/\/facowood.com\/en\/wp-json\/wp\/v2\/product\/3489","targetHints":{"allow":["GET"]}}],"collection":[{"href":"https:\/\/facowood.com\/en\/wp-json\/wp\/v2\/product"}],"about":[{"href":"https:\/\/facowood.com\/en\/wp-json\/wp\/v2\/types\/product"}],"replies":[{"embeddable":true,"href":"https:\/\/facowood.com\/en\/wp-json\/wp\/v2\/comments?post=3489"}],"wp:featuredmedia":[{"embeddable":true,"href":"https:\/\/facowood.com\/en\/wp-json\/wp\/v2\/media\/3413"}],"wp:attachment":[{"href":"https:\/\/facowood.com\/en\/wp-json\/wp\/v2\/media?parent=3489"}],"wp:term":[{"taxonomy":"product_cat","embeddable":true,"href":"https:\/\/facowood.com\/en\/wp-json\/wp\/v2\/product_cat?post=3489"},{"taxonomy":"product_tag","embeddable":true,"href":"https:\/\/facowood.com\/en\/wp-json\/wp\/v2\/product_tag?post=3489"}],"curies":[{"name":"wp","href":"https:\/\/api.w.org\/{rel}","templated":true}]}}