{"id":3486,"date":"2026-04-24T22:46:04","date_gmt":"2026-04-24T22:46:04","guid":{"rendered":"https:\/\/facowood.com\/?post_type=product&#038;p=3486"},"modified":"2026-04-29T07:20:22","modified_gmt":"2026-04-29T07:20:22","slug":"thanh-lam-hop-fh25a50","status":"publish","type":"product","link":"https:\/\/facowood.com\/en\/product\/thanh-lam-hop-fh25a50\/","title":{"rendered":"Thanh lam h\u1ed9p FH25A50"},"content":{"rendered":"<h4><strong>1. Th\u00f4ng s\u1ed1 k\u1ef9 thu\u1eadt:<\/strong><\/h4>\n<ul>\n<li>K\u00edch th\u01b0\u1edbc: cao x r\u1ed9ng x d\u00e0i: 25 x 50 x 2900 mm (d\u1ea1ng h\u1ed9p)<\/li>\n<li>C\u1ea5u t\u1ea1o: L\u00f5i g\u1ed7 nh\u1ef1a + l\u1edbp ph\u1ee7 ASA cao c\u1ea5p<\/li>\n<li>B\u1ec1 m\u1eb7t: V\u00e2n g\u1ed7 t\u1ef1 nhi\u00ean, ch\u1ed1ng phai m\u00e0u<\/li>\n<li>\u0110\u1ed9 d\u00e0y: Th\u00e0nh d\u00e0y, k\u1ebft c\u1ea5u r\u1ed7ng gi\u00fap nh\u1eb9 nh\u01b0ng v\u1eabn ch\u1eafc<\/li>\n<li>M\u00e0u s\u1eafc: Teak, Coffee<\/li>\n<li>Kh\u1ea3 n\u0103ng ch\u1ecbu l\u1ef1c: T\u1ed1t, ph\u00f9 h\u1ee3p thi c\u00f4ng ngo\u00e0i tr\u1eddi<\/li>\n<li>Tu\u1ed5i th\u1ecd: Cao, s\u1eed d\u1ee5ng b\u1ec1n l\u00e2u nhi\u1ec1u n\u0103m<\/li>\n<\/ul>\n<h4><strong>2. \u01afu \u0111i\u1ec3m:<\/strong><\/h4>\n<ul>\n<li>Ch\u1ed1ng tia UV \u2013 kh\u00f4ng b\u1ea1c m\u00e0u, kh\u00f4ng xu\u1ed1ng c\u1ea5p ngo\u00e0i tr\u1eddi<\/li>\n<li>Ch\u1ed1ng n\u01b0\u1edbc 100% \u2013 kh\u00f4ng m\u1ee5c, kh\u00f4ng cong v\u00eanh<\/li>\n<li>\u00a0Kh\u00f4ng m\u1ed1i m\u1ecdt \u2013 kh\u00f4ng n\u1ee9t n\u1ebb<\/li>\n<li>Nh\u1eb9 \u2013 d\u1ec5 thi c\u00f4ng \u2013 ti\u1ebft ki\u1ec7m chi ph\u00ed nh\u00e2n c\u00f4ng<\/li>\n<li>\u00cdt b\u1ea3o tr\u00ec \u2013 kh\u00f4ng c\u1ea7n s\u01a1n l\u1ea1i nh\u01b0 g\u1ed7 t\u1ef1 nhi\u00ean<\/li>\n<li>Th\u1ea9m m\u1ef9 cao \u2013 v\u00e2n g\u1ed7 \u0111\u1eb9p, hi\u1ec7n \u0111\u1ea1i<\/li>\n<\/ul>\n<h4><strong>3. \u1ee8ng d\u1ee5ng: <\/strong><\/h4>\n<ul>\n<li>Ph\u00f9 h\u1ee3p c\u1ea3 n\u1ed9i th\u1ea5t &amp; ngo\u1ea1i th\u1ea5t:<\/li>\n<li>L\u00e0m lam ch\u1eafn n\u1eafng m\u1eb7t ti\u1ec1n<\/li>\n<li>Trang tr\u00ed tr\u1ea7n, v\u00e1ch, ban c\u00f4ng<\/li>\n<li>Thi c\u00f4ng gi\u00e0n pergola, h\u00e0ng r\u00e0o<\/li>\n<li>\u1ed0p trang tr\u00ed qu\u00e1n cafe, nh\u00e0 h\u00e0ng, resort<\/li>\n<li>K\u1ebft h\u1ee3p v\u1edbi s\u00e0n, t\u1ea5m \u1ed1p t\u1ea1o kh\u00f4ng gian \u0111\u1ed3ng b\u1ed9<\/li>\n<\/ul>\n<p>&nbsp;<\/p>","protected":false},"excerpt":{"rendered":"<p><strong><span dir=\"auto\">Product code:<\/span><\/strong><span dir=\"auto\"> FH25A50<\/span><\/p>\n<p><strong><span dir=\"auto\">Size:<\/span><\/strong><span dir=\"auto\"> 25*50*2900mm<\/span><\/p>","protected":false},"featured_media":3483,"comment_status":"open","ping_status":"closed","template":"","meta":[],"product_cat":[18,24],"product_tag":[],"class_list":["post-3486","product","type-product","status-publish","has-post-thumbnail","hentry","product_cat-tam-op-tuong-phu-pvdf","product_cat-thanh-lam-go-nhua","pa_mau-sac-coffee","pa_mau-sac-wood"],"acf":[],"yoast_head":"<!-- This site is optimized with the Yoast SEO plugin v21.5 - https:\/\/yoast.com\/wordpress\/plugins\/seo\/ -->\n<title>Thanh lam h\u1ed9p FH25A50<\/title>\n<meta name=\"description\" content=\"Thanh lam h\u1ed9p FH25A50 c\u1ee7a Facowood ph\u00f9 h\u1ee3p l\u00e0m lam ch\u1eafn n\u1eafng m\u1eb7t ti\u1ec1n, trang tr\u00ed tr\u1ea7n, v\u00e1ch, ban c\u00f4ng, h\u00e0ng r\u00e0o, k\u1ebft h\u1ee3p v\u1edbi t\u1ea5m \u1ed1p g\u1ed7 nh\u1ef1a t\u1ea1o \u0111\u1ed9 sang.\" \/>\n<meta name=\"robots\" content=\"index, follow, max-snippet:-1, max-image-preview:large, max-video-preview:-1\" \/>\n<link rel=\"canonical\" href=\"https:\/\/facowood.com\/en\/product\/thanh-lam-hop-fh25a50\/\" \/>\n<meta property=\"og:locale\" content=\"en_GB\" \/>\n<meta property=\"og:type\" content=\"article\" \/>\n<meta property=\"og:title\" content=\"Thanh lam h\u1ed9p FH25A50\" \/>\n<meta property=\"og:description\" content=\"Thanh lam h\u1ed9p FH25A50 c\u1ee7a Facowood ph\u00f9 h\u1ee3p l\u00e0m lam ch\u1eafn n\u1eafng m\u1eb7t ti\u1ec1n, trang tr\u00ed tr\u1ea7n, v\u00e1ch, ban c\u00f4ng, h\u00e0ng r\u00e0o, k\u1ebft h\u1ee3p v\u1edbi t\u1ea5m \u1ed1p g\u1ed7 nh\u1ef1a t\u1ea1o \u0111\u1ed9 sang.\" \/>\n<meta property=\"og:url\" content=\"https:\/\/facowood.com\/en\/product\/thanh-lam-hop-fh25a50\/\" \/>\n<meta property=\"og:site_name\" content=\"Facowood\" \/>\n<meta property=\"article:modified_time\" content=\"2026-04-29T07:20:22+00:00\" \/>\n<meta property=\"og:image\" content=\"https:\/\/facowood.com\/wp-content\/uploads\/2026\/04\/lam-tru-hop-cafe-facowood.jpg\" \/>\n\t<meta property=\"og:image:width\" content=\"1880\" \/>\n\t<meta property=\"og:image:height\" content=\"1545\" \/>\n\t<meta property=\"og:image:type\" content=\"image\/jpeg\" \/>\n<meta name=\"twitter:card\" content=\"summary_large_image\" \/>\n<meta name=\"twitter:label1\" content=\"Estimated reading time\" \/>\n\t<meta name=\"twitter:data1\" content=\"1 minute\" \/>\n<script type=\"application\/ld+json\" class=\"yoast-schema-graph\">{\"@context\":\"https:\/\/schema.org\",\"@graph\":[{\"@type\":\"WebPage\",\"@id\":\"https:\/\/facowood.com\/san-pham\/thanh-lam-hop-fh25a50\/\",\"url\":\"https:\/\/facowood.com\/san-pham\/thanh-lam-hop-fh25a50\/\",\"name\":\"Thanh lam h\u1ed9p FH25A50\",\"isPartOf\":{\"@id\":\"https:\/\/facowood.com\/#website\"},\"datePublished\":\"2026-04-24T22:46:04+00:00\",\"dateModified\":\"2026-04-29T07:20:22+00:00\",\"description\":\"Thanh lam h\u1ed9p FH25A50 c\u1ee7a Facowood ph\u00f9 h\u1ee3p l\u00e0m lam ch\u1eafn n\u1eafng m\u1eb7t ti\u1ec1n, trang tr\u00ed tr\u1ea7n, v\u00e1ch, ban c\u00f4ng, h\u00e0ng r\u00e0o, k\u1ebft h\u1ee3p v\u1edbi t\u1ea5m \u1ed1p g\u1ed7 nh\u1ef1a t\u1ea1o \u0111\u1ed9 sang.\",\"breadcrumb\":{\"@id\":\"https:\/\/facowood.com\/san-pham\/thanh-lam-hop-fh25a50\/#breadcrumb\"},\"inLanguage\":\"en-GB\",\"potentialAction\":[{\"@type\":\"ReadAction\",\"target\":[\"https:\/\/facowood.com\/san-pham\/thanh-lam-hop-fh25a50\/\"]}]},{\"@type\":\"BreadcrumbList\",\"@id\":\"https:\/\/facowood.com\/san-pham\/thanh-lam-hop-fh25a50\/#breadcrumb\",\"itemListElement\":[{\"@type\":\"ListItem\",\"position\":1,\"name\":\"Trang ch\u1ee7\",\"item\":\"https:\/\/facowood.com\/\"},{\"@type\":\"ListItem\",\"position\":2,\"name\":\"C\u1eeda h\u00e0ng\",\"item\":\"https:\/\/facowood.com\/cua-hang\/\"},{\"@type\":\"ListItem\",\"position\":3,\"name\":\"Thanh lam h\u1ed9p FH25A50\"}]},{\"@type\":\"WebSite\",\"@id\":\"https:\/\/facowood.com\/#website\",\"url\":\"https:\/\/facowood.com\/\",\"name\":\"Facowood\",\"description\":\"\",\"publisher\":{\"@id\":\"https:\/\/facowood.com\/#organization\"},\"potentialAction\":[{\"@type\":\"SearchAction\",\"target\":{\"@type\":\"EntryPoint\",\"urlTemplate\":\"https:\/\/facowood.com\/?s={search_term_string}\"},\"query-input\":\"required name=search_term_string\"}],\"inLanguage\":\"en-GB\"},{\"@type\":\"Organization\",\"@id\":\"https:\/\/facowood.com\/#organization\",\"name\":\"Facowood\",\"url\":\"https:\/\/facowood.com\/\",\"logo\":{\"@type\":\"ImageObject\",\"inLanguage\":\"en-GB\",\"@id\":\"https:\/\/facowood.com\/#\/schema\/logo\/image\/\",\"url\":\"https:\/\/facowood.com\/wp-content\/uploads\/2023\/11\/logo_svg.svg\",\"contentUrl\":\"https:\/\/facowood.com\/wp-content\/uploads\/2023\/11\/logo_svg.svg\",\"width\":134,\"height\":56,\"caption\":\"Facowood\"},\"image\":{\"@id\":\"https:\/\/facowood.com\/#\/schema\/logo\/image\/\"}}]}<\/script>\n<!-- \/ Yoast SEO plugin. -->","yoast_head_json":{"title":"Thanh lam h\u1ed9p FH25A50","description":"Thanh lam h\u1ed9p FH25A50 c\u1ee7a Facowood ph\u00f9 h\u1ee3p l\u00e0m lam ch\u1eafn n\u1eafng m\u1eb7t ti\u1ec1n, trang tr\u00ed tr\u1ea7n, v\u00e1ch, ban c\u00f4ng, h\u00e0ng r\u00e0o, k\u1ebft h\u1ee3p v\u1edbi t\u1ea5m \u1ed1p g\u1ed7 nh\u1ef1a t\u1ea1o \u0111\u1ed9 sang.","robots":{"index":"index","follow":"follow","max-snippet":"max-snippet:-1","max-image-preview":"max-image-preview:large","max-video-preview":"max-video-preview:-1"},"canonical":"https:\/\/facowood.com\/en\/product\/thanh-lam-hop-fh25a50\/","og_locale":"en_GB","og_type":"article","og_title":"Thanh lam h\u1ed9p FH25A50","og_description":"Thanh lam h\u1ed9p FH25A50 c\u1ee7a Facowood ph\u00f9 h\u1ee3p l\u00e0m lam ch\u1eafn n\u1eafng m\u1eb7t ti\u1ec1n, trang tr\u00ed tr\u1ea7n, v\u00e1ch, ban c\u00f4ng, h\u00e0ng r\u00e0o, k\u1ebft h\u1ee3p v\u1edbi t\u1ea5m \u1ed1p g\u1ed7 nh\u1ef1a t\u1ea1o \u0111\u1ed9 sang.","og_url":"https:\/\/facowood.com\/en\/product\/thanh-lam-hop-fh25a50\/","og_site_name":"Facowood","article_modified_time":"2026-04-29T07:20:22+00:00","og_image":[{"width":1880,"height":1545,"url":"https:\/\/facowood.com\/wp-content\/uploads\/2026\/04\/lam-tru-hop-cafe-facowood.jpg","type":"image\/jpeg"}],"twitter_card":"summary_large_image","twitter_misc":{"Estimated reading time":"1 minute"},"schema":{"@context":"https:\/\/schema.org","@graph":[{"@type":"WebPage","@id":"https:\/\/facowood.com\/san-pham\/thanh-lam-hop-fh25a50\/","url":"https:\/\/facowood.com\/san-pham\/thanh-lam-hop-fh25a50\/","name":"Thanh lam h\u1ed9p FH25A50","isPartOf":{"@id":"https:\/\/facowood.com\/#website"},"datePublished":"2026-04-24T22:46:04+00:00","dateModified":"2026-04-29T07:20:22+00:00","description":"Thanh lam h\u1ed9p FH25A50 c\u1ee7a Facowood ph\u00f9 h\u1ee3p l\u00e0m lam ch\u1eafn n\u1eafng m\u1eb7t ti\u1ec1n, trang tr\u00ed tr\u1ea7n, v\u00e1ch, ban c\u00f4ng, h\u00e0ng r\u00e0o, k\u1ebft h\u1ee3p v\u1edbi t\u1ea5m \u1ed1p g\u1ed7 nh\u1ef1a t\u1ea1o \u0111\u1ed9 sang.","breadcrumb":{"@id":"https:\/\/facowood.com\/san-pham\/thanh-lam-hop-fh25a50\/#breadcrumb"},"inLanguage":"en-GB","potentialAction":[{"@type":"ReadAction","target":["https:\/\/facowood.com\/san-pham\/thanh-lam-hop-fh25a50\/"]}]},{"@type":"BreadcrumbList","@id":"https:\/\/facowood.com\/san-pham\/thanh-lam-hop-fh25a50\/#breadcrumb","itemListElement":[{"@type":"ListItem","position":1,"name":"Trang ch\u1ee7","item":"https:\/\/facowood.com\/"},{"@type":"ListItem","position":2,"name":"C\u1eeda h\u00e0ng","item":"https:\/\/facowood.com\/cua-hang\/"},{"@type":"ListItem","position":3,"name":"Thanh lam h\u1ed9p FH25A50"}]},{"@type":"WebSite","@id":"https:\/\/facowood.com\/#website","url":"https:\/\/facowood.com\/","name":"Facowood","description":"","publisher":{"@id":"https:\/\/facowood.com\/#organization"},"potentialAction":[{"@type":"SearchAction","target":{"@type":"EntryPoint","urlTemplate":"https:\/\/facowood.com\/?s={search_term_string}"},"query-input":"required name=search_term_string"}],"inLanguage":"en-GB"},{"@type":"Organization","@id":"https:\/\/facowood.com\/#organization","name":"Facowood","url":"https:\/\/facowood.com\/","logo":{"@type":"ImageObject","inLanguage":"en-GB","@id":"https:\/\/facowood.com\/#\/schema\/logo\/image\/","url":"https:\/\/facowood.com\/wp-content\/uploads\/2023\/11\/logo_svg.svg","contentUrl":"https:\/\/facowood.com\/wp-content\/uploads\/2023\/11\/logo_svg.svg","width":134,"height":56,"caption":"Facowood"},"image":{"@id":"https:\/\/facowood.com\/#\/schema\/logo\/image\/"}}]}},"_links":{"self":[{"href":"https:\/\/facowood.com\/en\/wp-json\/wp\/v2\/product\/3486","targetHints":{"allow":["GET"]}}],"collection":[{"href":"https:\/\/facowood.com\/en\/wp-json\/wp\/v2\/product"}],"about":[{"href":"https:\/\/facowood.com\/en\/wp-json\/wp\/v2\/types\/product"}],"replies":[{"embeddable":true,"href":"https:\/\/facowood.com\/en\/wp-json\/wp\/v2\/comments?post=3486"}],"wp:featuredmedia":[{"embeddable":true,"href":"https:\/\/facowood.com\/en\/wp-json\/wp\/v2\/media\/3483"}],"wp:attachment":[{"href":"https:\/\/facowood.com\/en\/wp-json\/wp\/v2\/media?parent=3486"}],"wp:term":[{"taxonomy":"product_cat","embeddable":true,"href":"https:\/\/facowood.com\/en\/wp-json\/wp\/v2\/product_cat?post=3486"},{"taxonomy":"product_tag","embeddable":true,"href":"https:\/\/facowood.com\/en\/wp-json\/wp\/v2\/product_tag?post=3486"}],"curies":[{"name":"wp","href":"https:\/\/api.w.org\/{rel}","templated":true}]}}