{"id":3448,"date":"2026-04-24T04:15:30","date_gmt":"2026-04-24T04:15:30","guid":{"rendered":"https:\/\/facowood.com\/?post_type=product&#038;p=3448"},"modified":"2026-04-29T07:22:04","modified_gmt":"2026-04-29T07:22:04","slug":"thanh-lam-hop-fh30a60","status":"publish","type":"product","link":"https:\/\/facowood.com\/en\/product\/thanh-lam-hop-fh30a60\/","title":{"rendered":"Thanh lam h\u1ed9p FH30A60"},"content":{"rendered":"<h4 data-start=\"56\" data-end=\"78\"><strong data-start=\"56\" data-end=\"78\">1.Th\u00f4ng s\u1ed1 k\u1ef9 thu\u1eadt:<\/strong><\/h4>\n<ul>\n<li>K\u00edch th\u01b0\u1edbc: 30 x 60 mm<\/li>\n<li>Chi\u1ec1u d\u00e0i: 2900 mm<\/li>\n<li>M\u00e0u s\u1eafc: Coffee v\u00e0 Teak<\/li>\n<li>C\u1ea5u t\u1ea1o: G\u1ed7 nh\u1ef1a composite (WPC)<\/li>\n<li>K\u1ebft c\u1ea5u: D\u1ea1ng h\u1ed9p vu\u00f4ng r\u1ed7ng<\/li>\n<li>B\u1ec1 m\u1eb7t: V\u00e2n g\u1ed7 t\u1ef1 nhi\u00ean, ch\u1ed1ng tr\u1ea7y x\u01b0\u1edbc<\/li>\n<li>Kh\u1ea3 n\u0103ng ch\u1ecbu l\u1ef1c: T\u1ed1t, ph\u00f9 h\u1ee3p thi c\u00f4ng ngo\u00e0i tr\u1eddi<\/li>\n<\/ul>\n<h4><strong data-start=\"214\" data-end=\"226\">2. \u01afu \u0111i\u1ec3m:<\/strong><\/h4>\n<ul data-start=\"227\" data-end=\"367\">\n<li data-section-id=\"7zge1v\" data-start=\"227\" data-end=\"273\">Ch\u1ed1ng n\u01b0\u1edbc, kh\u00f4ng cong v\u00eanh, kh\u00f4ng m\u1ed1i m\u1ecdt<\/li>\n<li data-section-id=\"u0g28d\" data-start=\"274\" data-end=\"311\">Ch\u1ecbu n\u1eafng m\u01b0a, b\u1ec1n m\u00e0u ngo\u00e0i tr\u1eddi<\/li>\n<li data-section-id=\"1tunm8n\" data-start=\"312\" data-end=\"339\">V\u00e2n g\u1ed7 \u0111\u1eb9p, th\u1ea9m m\u1ef9 cao<\/li>\n<li data-section-id=\"1tunm8n\" data-start=\"312\" data-end=\"339\">Thi c\u00f4ng d\u1ec5, \u00edt b\u1ea3o tr\u00ec<\/li>\n<\/ul>\n<h4 data-start=\"369\" data-end=\"382\"><strong data-start=\"369\" data-end=\"382\">3. \u1ee8ng d\u1ee5ng:<\/strong><\/h4>\n<ul data-start=\"383\" data-end=\"503\">\n<li data-section-id=\"19ooz2m\" data-start=\"383\" data-end=\"419\">Lam che n\u1eafng, m\u1eb7t ti\u1ec1n, h\u00e0ng r\u00e0o<\/li>\n<li data-section-id=\"1iyrhb4\" data-start=\"420\" data-end=\"458\">Gi\u00e0n pergola, trang tr\u00ed ngo\u1ea1i th\u1ea5t<\/li>\n<li data-section-id=\"i96m0s\" data-start=\"459\" data-end=\"503\">\u1ed0p tr\u1ea7n, v\u00e1ch trang tr\u00ed n\u1ed9i \u2013 ngo\u1ea1i th\u1ea5t<\/li>\n<\/ul>\n<p data-start=\"505\" data-end=\"585\" data-is-last-node=\"\" data-is-only-node=\"\">\ud83d\udc49 Gi\u1ea3i ph\u00e1p v\u1eadt li\u1ec7u b\u1ec1n \u0111\u1eb9p, thay th\u1ebf g\u1ed7 t\u1ef1 nhi\u00ean hi\u1ec7u qu\u1ea3 cho m\u1ecdi c\u00f4ng tr\u00ecnh.<\/p>\n<p>&nbsp;<\/p>","protected":false},"excerpt":{"rendered":"<p><strong><span dir=\"auto\" style=\"vertical-align: inherit\">Product code:<\/span><\/strong><span dir=\"auto\" style=\"vertical-align: inherit\"> FH30A60<\/span><\/p>\n<p><strong><span dir=\"auto\" style=\"vertical-align: inherit\">Size:<\/span><\/strong><span dir=\"auto\" style=\"vertical-align: inherit\"> 30*60*2900mm<\/span><\/p>","protected":false},"featured_media":3411,"comment_status":"open","ping_status":"closed","template":"","meta":[],"product_cat":[18,24],"product_tag":[],"class_list":["post-3448","product","type-product","status-publish","has-post-thumbnail","hentry","product_cat-tam-op-tuong-phu-pvdf","product_cat-thanh-lam-go-nhua","pa_mau-sac-coffee","pa_mau-sac-teak"],"acf":[],"yoast_head":"<!-- This site is optimized with the Yoast SEO plugin v21.5 - https:\/\/yoast.com\/wordpress\/plugins\/seo\/ -->\n<title>Thanh lam h\u1ed9p FH30A60 - Facowood<\/title>\n<meta name=\"description\" content=\"Thanh lam h\u1ed9p FH30A60 c\u1ee7a Facowood d\u00f9ng cho lam che n\u1eafng, \u1ed1p t\u01b0\u1eddng..., v\u1edbi \u01b0u \u0111i\u1ec3m ch\u1ed1ng n\u01b0\u1edbc, ch\u1ed1ng m\u1ed1i m\u1ecdt, kh\u00f4ng cong v\u00eanh v\u00e0 ch\u1ecbu th\u1eddi ti\u1ebft kh\u1eafc nghi\u1ec7t.\" \/>\n<meta name=\"robots\" content=\"index, follow, max-snippet:-1, max-image-preview:large, max-video-preview:-1\" \/>\n<link rel=\"canonical\" href=\"https:\/\/facowood.com\/en\/product\/thanh-lam-hop-fh30a60\/\" \/>\n<meta property=\"og:locale\" content=\"en_GB\" \/>\n<meta property=\"og:type\" content=\"article\" \/>\n<meta property=\"og:title\" content=\"Thanh lam h\u1ed9p FH30A60 - Facowood\" \/>\n<meta property=\"og:description\" content=\"Thanh lam h\u1ed9p FH30A60 c\u1ee7a Facowood d\u00f9ng cho lam che n\u1eafng, \u1ed1p t\u01b0\u1eddng..., v\u1edbi \u01b0u \u0111i\u1ec3m ch\u1ed1ng n\u01b0\u1edbc, ch\u1ed1ng m\u1ed1i m\u1ecdt, kh\u00f4ng cong v\u00eanh v\u00e0 ch\u1ecbu th\u1eddi ti\u1ebft kh\u1eafc nghi\u1ec7t.\" \/>\n<meta property=\"og:url\" content=\"https:\/\/facowood.com\/en\/product\/thanh-lam-hop-fh30a60\/\" \/>\n<meta property=\"og:site_name\" content=\"Facowood\" \/>\n<meta property=\"article:modified_time\" content=\"2026-04-29T07:22:04+00:00\" \/>\n<meta property=\"og:image\" content=\"https:\/\/facowood.com\/wp-content\/uploads\/2026\/04\/2-Copy.png\" \/>\n\t<meta property=\"og:image:width\" content=\"960\" \/>\n\t<meta property=\"og:image:height\" content=\"1280\" \/>\n\t<meta property=\"og:image:type\" content=\"image\/png\" \/>\n<meta name=\"twitter:card\" content=\"summary_large_image\" \/>\n<meta name=\"twitter:label1\" content=\"Estimated reading time\" \/>\n\t<meta name=\"twitter:data1\" content=\"1 minute\" \/>\n<script type=\"application\/ld+json\" class=\"yoast-schema-graph\">{\"@context\":\"https:\/\/schema.org\",\"@graph\":[{\"@type\":\"WebPage\",\"@id\":\"https:\/\/facowood.com\/san-pham\/thanh-lam-hop-fh30a60\/\",\"url\":\"https:\/\/facowood.com\/san-pham\/thanh-lam-hop-fh30a60\/\",\"name\":\"Thanh lam h\u1ed9p FH30A60 - Facowood\",\"isPartOf\":{\"@id\":\"https:\/\/facowood.com\/#website\"},\"datePublished\":\"2026-04-24T04:15:30+00:00\",\"dateModified\":\"2026-04-29T07:22:04+00:00\",\"description\":\"Thanh lam h\u1ed9p FH30A60 c\u1ee7a Facowood d\u00f9ng cho lam che n\u1eafng, \u1ed1p t\u01b0\u1eddng..., v\u1edbi \u01b0u \u0111i\u1ec3m ch\u1ed1ng n\u01b0\u1edbc, ch\u1ed1ng m\u1ed1i m\u1ecdt, kh\u00f4ng cong v\u00eanh v\u00e0 ch\u1ecbu th\u1eddi ti\u1ebft kh\u1eafc nghi\u1ec7t.\",\"breadcrumb\":{\"@id\":\"https:\/\/facowood.com\/san-pham\/thanh-lam-hop-fh30a60\/#breadcrumb\"},\"inLanguage\":\"en-GB\",\"potentialAction\":[{\"@type\":\"ReadAction\",\"target\":[\"https:\/\/facowood.com\/san-pham\/thanh-lam-hop-fh30a60\/\"]}]},{\"@type\":\"BreadcrumbList\",\"@id\":\"https:\/\/facowood.com\/san-pham\/thanh-lam-hop-fh30a60\/#breadcrumb\",\"itemListElement\":[{\"@type\":\"ListItem\",\"position\":1,\"name\":\"Trang ch\u1ee7\",\"item\":\"https:\/\/facowood.com\/\"},{\"@type\":\"ListItem\",\"position\":2,\"name\":\"C\u1eeda h\u00e0ng\",\"item\":\"https:\/\/facowood.com\/cua-hang\/\"},{\"@type\":\"ListItem\",\"position\":3,\"name\":\"Thanh lam h\u1ed9p FH30A60\"}]},{\"@type\":\"WebSite\",\"@id\":\"https:\/\/facowood.com\/#website\",\"url\":\"https:\/\/facowood.com\/\",\"name\":\"Facowood\",\"description\":\"\",\"publisher\":{\"@id\":\"https:\/\/facowood.com\/#organization\"},\"potentialAction\":[{\"@type\":\"SearchAction\",\"target\":{\"@type\":\"EntryPoint\",\"urlTemplate\":\"https:\/\/facowood.com\/?s={search_term_string}\"},\"query-input\":\"required name=search_term_string\"}],\"inLanguage\":\"en-GB\"},{\"@type\":\"Organization\",\"@id\":\"https:\/\/facowood.com\/#organization\",\"name\":\"Facowood\",\"url\":\"https:\/\/facowood.com\/\",\"logo\":{\"@type\":\"ImageObject\",\"inLanguage\":\"en-GB\",\"@id\":\"https:\/\/facowood.com\/#\/schema\/logo\/image\/\",\"url\":\"https:\/\/facowood.com\/wp-content\/uploads\/2023\/11\/logo_svg.svg\",\"contentUrl\":\"https:\/\/facowood.com\/wp-content\/uploads\/2023\/11\/logo_svg.svg\",\"width\":134,\"height\":56,\"caption\":\"Facowood\"},\"image\":{\"@id\":\"https:\/\/facowood.com\/#\/schema\/logo\/image\/\"}}]}<\/script>\n<!-- \/ Yoast SEO plugin. -->","yoast_head_json":{"title":"Thanh lam h\u1ed9p FH30A60 - Facowood","description":"Thanh lam h\u1ed9p FH30A60 c\u1ee7a Facowood d\u00f9ng cho lam che n\u1eafng, \u1ed1p t\u01b0\u1eddng..., v\u1edbi \u01b0u \u0111i\u1ec3m ch\u1ed1ng n\u01b0\u1edbc, ch\u1ed1ng m\u1ed1i m\u1ecdt, kh\u00f4ng cong v\u00eanh v\u00e0 ch\u1ecbu th\u1eddi ti\u1ebft kh\u1eafc nghi\u1ec7t.","robots":{"index":"index","follow":"follow","max-snippet":"max-snippet:-1","max-image-preview":"max-image-preview:large","max-video-preview":"max-video-preview:-1"},"canonical":"https:\/\/facowood.com\/en\/product\/thanh-lam-hop-fh30a60\/","og_locale":"en_GB","og_type":"article","og_title":"Thanh lam h\u1ed9p FH30A60 - Facowood","og_description":"Thanh lam h\u1ed9p FH30A60 c\u1ee7a Facowood d\u00f9ng cho lam che n\u1eafng, \u1ed1p t\u01b0\u1eddng..., v\u1edbi \u01b0u \u0111i\u1ec3m ch\u1ed1ng n\u01b0\u1edbc, ch\u1ed1ng m\u1ed1i m\u1ecdt, kh\u00f4ng cong v\u00eanh v\u00e0 ch\u1ecbu th\u1eddi ti\u1ebft kh\u1eafc nghi\u1ec7t.","og_url":"https:\/\/facowood.com\/en\/product\/thanh-lam-hop-fh30a60\/","og_site_name":"Facowood","article_modified_time":"2026-04-29T07:22:04+00:00","og_image":[{"width":960,"height":1280,"url":"https:\/\/facowood.com\/wp-content\/uploads\/2026\/04\/2-Copy.png","type":"image\/png"}],"twitter_card":"summary_large_image","twitter_misc":{"Estimated reading time":"1 minute"},"schema":{"@context":"https:\/\/schema.org","@graph":[{"@type":"WebPage","@id":"https:\/\/facowood.com\/san-pham\/thanh-lam-hop-fh30a60\/","url":"https:\/\/facowood.com\/san-pham\/thanh-lam-hop-fh30a60\/","name":"Thanh lam h\u1ed9p FH30A60 - Facowood","isPartOf":{"@id":"https:\/\/facowood.com\/#website"},"datePublished":"2026-04-24T04:15:30+00:00","dateModified":"2026-04-29T07:22:04+00:00","description":"Thanh lam h\u1ed9p FH30A60 c\u1ee7a Facowood d\u00f9ng cho lam che n\u1eafng, \u1ed1p t\u01b0\u1eddng..., v\u1edbi \u01b0u \u0111i\u1ec3m ch\u1ed1ng n\u01b0\u1edbc, ch\u1ed1ng m\u1ed1i m\u1ecdt, kh\u00f4ng cong v\u00eanh v\u00e0 ch\u1ecbu th\u1eddi ti\u1ebft kh\u1eafc nghi\u1ec7t.","breadcrumb":{"@id":"https:\/\/facowood.com\/san-pham\/thanh-lam-hop-fh30a60\/#breadcrumb"},"inLanguage":"en-GB","potentialAction":[{"@type":"ReadAction","target":["https:\/\/facowood.com\/san-pham\/thanh-lam-hop-fh30a60\/"]}]},{"@type":"BreadcrumbList","@id":"https:\/\/facowood.com\/san-pham\/thanh-lam-hop-fh30a60\/#breadcrumb","itemListElement":[{"@type":"ListItem","position":1,"name":"Trang ch\u1ee7","item":"https:\/\/facowood.com\/"},{"@type":"ListItem","position":2,"name":"C\u1eeda h\u00e0ng","item":"https:\/\/facowood.com\/cua-hang\/"},{"@type":"ListItem","position":3,"name":"Thanh lam h\u1ed9p FH30A60"}]},{"@type":"WebSite","@id":"https:\/\/facowood.com\/#website","url":"https:\/\/facowood.com\/","name":"Facowood","description":"","publisher":{"@id":"https:\/\/facowood.com\/#organization"},"potentialAction":[{"@type":"SearchAction","target":{"@type":"EntryPoint","urlTemplate":"https:\/\/facowood.com\/?s={search_term_string}"},"query-input":"required name=search_term_string"}],"inLanguage":"en-GB"},{"@type":"Organization","@id":"https:\/\/facowood.com\/#organization","name":"Facowood","url":"https:\/\/facowood.com\/","logo":{"@type":"ImageObject","inLanguage":"en-GB","@id":"https:\/\/facowood.com\/#\/schema\/logo\/image\/","url":"https:\/\/facowood.com\/wp-content\/uploads\/2023\/11\/logo_svg.svg","contentUrl":"https:\/\/facowood.com\/wp-content\/uploads\/2023\/11\/logo_svg.svg","width":134,"height":56,"caption":"Facowood"},"image":{"@id":"https:\/\/facowood.com\/#\/schema\/logo\/image\/"}}]}},"_links":{"self":[{"href":"https:\/\/facowood.com\/en\/wp-json\/wp\/v2\/product\/3448","targetHints":{"allow":["GET"]}}],"collection":[{"href":"https:\/\/facowood.com\/en\/wp-json\/wp\/v2\/product"}],"about":[{"href":"https:\/\/facowood.com\/en\/wp-json\/wp\/v2\/types\/product"}],"replies":[{"embeddable":true,"href":"https:\/\/facowood.com\/en\/wp-json\/wp\/v2\/comments?post=3448"}],"wp:featuredmedia":[{"embeddable":true,"href":"https:\/\/facowood.com\/en\/wp-json\/wp\/v2\/media\/3411"}],"wp:attachment":[{"href":"https:\/\/facowood.com\/en\/wp-json\/wp\/v2\/media?parent=3448"}],"wp:term":[{"taxonomy":"product_cat","embeddable":true,"href":"https:\/\/facowood.com\/en\/wp-json\/wp\/v2\/product_cat?post=3448"},{"taxonomy":"product_tag","embeddable":true,"href":"https:\/\/facowood.com\/en\/wp-json\/wp\/v2\/product_tag?post=3448"}],"curies":[{"name":"wp","href":"https:\/\/api.w.org\/{rel}","templated":true}]}}