{"id":3444,"date":"2026-04-21T04:39:21","date_gmt":"2026-04-21T04:39:21","guid":{"rendered":"https:\/\/facowood.com\/?post_type=product&#038;p=3444"},"modified":"2026-04-21T04:43:59","modified_gmt":"2026-04-21T04:43:59","slug":"keo-va-loi-f-bond-xu-ly-khe-ho-vet-nut-noi-ngoai-that","status":"publish","type":"product","link":"https:\/\/facowood.com\/en\/product\/keo-va-loi-f-bond-xu-ly-khe-ho-vet-nut-noi-ngoai-that\/","title":{"rendered":"Keo v\u00e1 l\u1ed7i F-Bond: x\u1eed l\u00fd khe h\u1edf, v\u1ebft n\u1ee9t n\u1ed9i-ngo\u1ea1i th\u1ea5t"},"content":{"rendered":"<p>Trong qu\u00e1 tr\u00ecnh thi c\u00f4ng n\u1ed9i \u2013 ngo\u1ea1i th\u1ea5t, vi\u1ec7c xu\u1ea5t hi\u1ec7n c\u00e1c khe h\u1edf, v\u1ebft n\u1ee9t hay l\u1ed7i b\u1ec1 m\u1eb7t l\u00e0 \u0111i\u1ec1u kh\u00f3 tr\u00e1nh kh\u1ecfi.<\/p>\n<p>Gi\u1ea3i ph\u00e1p hi\u1ec7u qu\u1ea3 ch\u00ednh l\u00e0 l\u1ef1a ch\u1ecdn \u0111\u00fang lo\u1ea1i keo x\u1eed l\u00fd chuy\u00ean d\u1ee5ng.<\/p>\n<p>Keo v\u00e1 l\u1ed7i F-BOND \u2013 tr\u1ee3 th\u1ee7 \u0111\u1eafc l\u1ef1c gi\u00fap ho\u00e0n thi\u1ec7n c\u00f4ng tr\u00ecnh nhanh ch\u00f3ng v\u00e0 th\u1ea9m m\u1ef9:<\/p>\n<ul>\n<li>\u0110\u1ed9 b\u00e1m d\u00ednh cao \u2013 x\u1eed l\u00fd ch\u1eafc ch\u1eafn c\u00e1c khe h\u1edf, v\u1ebft n\u1ee9t<\/li>\n<li>Kh\u00f4 nhanh \u2013 r\u00fat ng\u1eafn th\u1eddi gian thi c\u00f4ng<\/li>\n<li>D\u1ec5 s\u1eed d\u1ee5ng \u2013 ph\u00f9 h\u1ee3p cho c\u1ea3 th\u1ee3 chuy\u00ean v\u00e0 DIY<\/li>\n<li>Ho\u00e0n thi\u1ec7n \u0111\u1eb9p \u2013 h\u1ea1n ch\u1ebf l\u1ed9 v\u1ebft sau khi x\u1eed l\u00fd<\/li>\n<li>\u1ee8ng d\u1ee5ng linh ho\u1ea1t tr\u00ean nhi\u1ec1u b\u1ec1 m\u1eb7t: g\u1ed7 nh\u1ef1a, t\u1ea5m \u1ed1p, than tre, ph\u00e0o ch\u1ec9\u2026<\/li>\n<li>Gi\u00fap ti\u1ebft ki\u1ec7m th\u1eddi gian, gi\u1ea3m chi ph\u00ed s\u1eeda l\u1ed7i v\u00e0 n\u00e2ng cao ch\u1ea5t l\u01b0\u1ee3ng ho\u00e0n thi\u1ec7n c\u00f4ng tr\u00ecnh<\/li>\n<\/ul>\n<p>\u0110\u1ec3 t\u00ecm hi\u1ec3u th\u00eam th\u00f4ng tin v\u1ec1 d\u00f2ng keo v\u00e1 l\u1ed7i n\u1ed9i-ngo\u1ea1i th\u1ea5t ch\u1ea5t l\u01b0\u1ee3ng, gi\u00e1 r\u1ebb vui l\u00f2ng li\u00ean h\u1ec7 v\u1edbi Facowood:<\/p>\n<p>FACOWOOD &#8211; Cty S\u1ea3n xu\u1ea5t v\u00e0 ph\u00e2n ph\u1ed1i G\u1ed7 Nh\u1ef1a ngo\u00e0i tr\u1eddi to\u00e0n qu\u1ed1c<\/p>\n<div dir=\"auto\"><span class=\"html-span xexx8yu xyri2b x18d9i69 x1c1uobl x1hl2dhg x16tdsg8 x1vvkbs x3nfvp2 x1j61x8r x1fcty0u xdj266r xat24cr xm2jcoa x1mpyi22 xxymvpz xlup9mm x1kky2od\"><img decoding=\"async\" class=\"xz74otr x15mokao x1ga7v0g x16uus16 xbiv7yw\" src=\"https:\/\/static.xx.fbcdn.net\/images\/emoji.php\/v9\/tf6\/1\/16\/1f3e0.png\" alt=\"\ud83c\udfe0\" width=\"16\" height=\"16\" \/><\/span> \u0110\/c H\u00e0 N\u1ed9i: 78 Phan Tr\u1ecdng Tu\u1ec7 &#8211; Thanh Tr\u00ec<\/div>\n<div dir=\"auto\"><span class=\"html-span xexx8yu xyri2b x18d9i69 x1c1uobl x1hl2dhg x16tdsg8 x1vvkbs x3nfvp2 x1j61x8r x1fcty0u xdj266r xat24cr xm2jcoa x1mpyi22 xxymvpz xlup9mm x1kky2od\"><img decoding=\"async\" class=\"xz74otr x15mokao x1ga7v0g x16uus16 xbiv7yw\" src=\"https:\/\/static.xx.fbcdn.net\/images\/emoji.php\/v9\/t2d\/1\/16\/1f4cd.png\" alt=\"\ud83d\udccd\" width=\"16\" height=\"16\" \/><\/span> \u0110\/c TP.HCM: 308 QL1A, B\u00ecnh H\u01b0ng Ho\u00e0 B, B\u00ecnh T\u00e2n<\/div>\n<div dir=\"auto\"><span class=\"html-span xexx8yu xyri2b x18d9i69 x1c1uobl x1hl2dhg x16tdsg8 x1vvkbs x3nfvp2 x1j61x8r x1fcty0u xdj266r xat24cr xm2jcoa x1mpyi22 xxymvpz xlup9mm x1kky2od\"><img decoding=\"async\" class=\"xz74otr x15mokao x1ga7v0g x16uus16 xbiv7yw\" src=\"https:\/\/static.xx.fbcdn.net\/images\/emoji.php\/v9\/t22\/1\/16\/260e.png\" alt=\"\u260e\" width=\"16\" height=\"16\" \/><\/span> : 0913.638.968 &#8211; 0815485485<\/div>\n<div dir=\"auto\"><span class=\"html-span xexx8yu xyri2b x18d9i69 x1c1uobl x1hl2dhg x16tdsg8 x1vvkbs x3nfvp2 x1j61x8r x1fcty0u xdj266r xat24cr xm2jcoa x1mpyi22 xxymvpz xlup9mm x1kky2od\"><img loading=\"lazy\" decoding=\"async\" class=\"xz74otr x15mokao x1ga7v0g x16uus16 xbiv7yw\" src=\"https:\/\/static.xx.fbcdn.net\/images\/emoji.php\/v9\/t81\/1\/16\/1f5a5.png\" alt=\"\ud83d\udda5\" width=\"16\" height=\"16\" \/><\/span> Website: <span class=\"html-span xdj266r x14z9mp xat24cr x1lziwak xexx8yu xyri2b x18d9i69 x1c1uobl x1hl2dhg x16tdsg8 x1vvkbs\"><a class=\"x1i10hfl xjbqb8w x1ejq31n x18oe1m7 x1sy0etr xstzfhl x972fbf x10w94by x1qhh985 x14e42zd x9f619 x1ypdohk xt0psk2 x3ct3a4 xdj266r x14z9mp xat24cr x1lziwak xexx8yu xyri2b x18d9i69 x1c1uobl x16tdsg8 x1hl2dhg xggy1nq x1a2a7pz xkrqix3 x1sur9pj x1fey0fg x1s688f\" role=\"link\" href=\"https:\/\/facowood.com\/en\/?fbclid=IwZXh0bgNhZW0CMTAAYnJpZBExOEJ0bXpTVDhSSWtJVzA2SHNydGMGYXBwX2lkEDIyMjAzOTE3ODgyMDA4OTIAAR6-vrwVbVrur6ks5_FdcoYYICpk_XN8YEZZndO5gNWwD-VrcZz7DHuDvRPt-Q_aem_g8ZDdr7UvKYdH66nyope3g\" target=\"_blank\" rel=\"nofollow noopener noreferrer\">https:\/\/facowood.com<\/a><\/span><\/div>\n<div dir=\"auto\"><span class=\"html-span xexx8yu xyri2b x18d9i69 x1c1uobl x1hl2dhg x16tdsg8 x1vvkbs x3nfvp2 x1j61x8r x1fcty0u xdj266r xat24cr xm2jcoa x1mpyi22 xxymvpz xlup9mm x1kky2od\"><img loading=\"lazy\" decoding=\"async\" class=\"xz74otr x15mokao x1ga7v0g x16uus16 xbiv7yw\" src=\"https:\/\/static.xx.fbcdn.net\/images\/emoji.php\/v9\/t8e\/1\/16\/1f4bd.png\" alt=\"\ud83d\udcbd\" width=\"16\" height=\"16\" \/><\/span> youtube: <span class=\"html-span xdj266r x14z9mp xat24cr x1lziwak xexx8yu xyri2b x18d9i69 x1c1uobl x1hl2dhg x16tdsg8 x1vvkbs\"><a class=\"x1i10hfl xjbqb8w x1ejq31n x18oe1m7 x1sy0etr xstzfhl x972fbf x10w94by x1qhh985 x14e42zd x9f619 x1ypdohk xt0psk2 x3ct3a4 xdj266r x14z9mp xat24cr x1lziwak xexx8yu xyri2b x18d9i69 x1c1uobl x16tdsg8 x1hl2dhg xggy1nq x1a2a7pz xkrqix3 x1sur9pj x1fey0fg x1s688f\" role=\"link\" href=\"https:\/\/www.youtube.com\/@FacoWood?fbclid=IwZXh0bgNhZW0CMTAAYnJpZBExOEJ0bXpTVDhSSWtJVzA2SHNydGMGYXBwX2lkEDIyMjAzOTE3ODgyMDA4OTIAAR4Nwiuvb0nAhfco9ZIzoewJ_vpOAlM3ds2YslbS4zlcUAFsaa2etEmm9_AoxQ_aem_52F8SHute54IJvTISCaV0Q\" target=\"_blank\" rel=\"nofollow noopener noreferrer\">https:\/\/www.youtube.com\/@FacoWood<\/a><\/span><\/div>\n<div dir=\"auto\"><span class=\"html-span xexx8yu xyri2b x18d9i69 x1c1uobl x1hl2dhg x16tdsg8 x1vvkbs x3nfvp2 x1j61x8r x1fcty0u xdj266r xat24cr xm2jcoa x1mpyi22 xxymvpz xlup9mm x1kky2od\"><img loading=\"lazy\" decoding=\"async\" class=\"xz74otr x15mokao x1ga7v0g x16uus16 xbiv7yw\" src=\"https:\/\/static.xx.fbcdn.net\/images\/emoji.php\/v9\/t87\/1\/16\/1f4fa.png\" alt=\"\ud83d\udcfa\" width=\"16\" height=\"16\" \/><\/span> Tiktok: <span class=\"html-span xdj266r x14z9mp xat24cr x1lziwak xexx8yu xyri2b x18d9i69 x1c1uobl x1hl2dhg x16tdsg8 x1vvkbs\"><a class=\"x1i10hfl xjbqb8w x1ejq31n x18oe1m7 x1sy0etr xstzfhl x972fbf x10w94by x1qhh985 x14e42zd x9f619 x1ypdohk xt0psk2 x3ct3a4 xdj266r x14z9mp xat24cr x1lziwak xexx8yu xyri2b x18d9i69 x1c1uobl x16tdsg8 x1hl2dhg xggy1nq x1a2a7pz xkrqix3 x1sur9pj x1fey0fg x1s688f\" role=\"link\" href=\"https:\/\/www.tiktok.com\/@facowood.com?fbclid=IwZXh0bgNhZW0CMTAAYnJpZBExOEJ0bXpTVDhSSWtJVzA2SHNydGMGYXBwX2lkEDIyMjAzOTE3ODgyMDA4OTIAAR7X1b6QW5049n7pfwMgcwe0kk_tevjiw8yhgAJLZ6Z-ghqhRF0zNlkwOm3a0w_aem_xeuYQmj-IIqr-axnscMziA\" target=\"_blank\" rel=\"nofollow noopener noreferrer\">https:\/\/www.tiktok.com\/@facowood.com<\/a><\/span><\/div>","protected":false},"excerpt":{"rendered":"<p>Keo v\u00e1 l\u1ed7i F-BOND \u2013 tr\u1ee3 th\u1ee7 \u0111\u1eafc l\u1ef1c gi\u00fap x\u1eed l\u00fd c\u00e1c khe h\u1edf, v\u1ebft n\u1ee9t hay l\u1ed7i b\u1ec1 m\u1eb7t n\u1ed9i-ngo\u1ea1i th\u1ea5t nhanh ch\u00f3ng v\u00e0 th\u1ea9m m\u1ef9.<\/p>","protected":false},"featured_media":3445,"comment_status":"open","ping_status":"closed","template":"","meta":[],"product_cat":[63],"product_tag":[],"class_list":["post-3444","product","type-product","status-publish","has-post-thumbnail","hentry","product_cat-keo-dan-noi-ngoai-that"],"acf":[],"yoast_head":"<!-- This site is optimized with the Yoast SEO plugin v21.5 - https:\/\/yoast.com\/wordpress\/plugins\/seo\/ -->\n<title>Keo v\u00e1 l\u1ed7i F-Bond: x\u1eed l\u00fd khe h\u1edf, v\u1ebft n\u1ee9t n\u1ed9i-ngo\u1ea1i th\u1ea5t - Facowood<\/title>\n<meta name=\"description\" content=\"Keo v\u00e1 l\u1ed7i F-BOND \u2013 tr\u1ee3 th\u1ee7 \u0111\u1eafc l\u1ef1c gi\u00fap x\u1eed l\u00fd c\u00e1c khe h\u1edf, v\u1ebft n\u1ee9t hay l\u1ed7i b\u1ec1 m\u1eb7t n\u1ed9i-ngo\u1ea1i th\u1ea5t nhanh ch\u00f3ng v\u00e0 th\u1ea9m m\u1ef9.\" \/>\n<meta name=\"robots\" content=\"index, follow, max-snippet:-1, max-image-preview:large, max-video-preview:-1\" \/>\n<link rel=\"canonical\" href=\"https:\/\/facowood.com\/en\/product\/keo-va-loi-f-bond-xu-ly-khe-ho-vet-nut-noi-ngoai-that\/\" \/>\n<meta property=\"og:locale\" content=\"en_GB\" \/>\n<meta property=\"og:type\" content=\"article\" \/>\n<meta property=\"og:title\" content=\"Keo v\u00e1 l\u1ed7i F-Bond: x\u1eed l\u00fd khe h\u1edf, v\u1ebft n\u1ee9t n\u1ed9i-ngo\u1ea1i th\u1ea5t - Facowood\" \/>\n<meta property=\"og:description\" content=\"Keo v\u00e1 l\u1ed7i F-BOND \u2013 tr\u1ee3 th\u1ee7 \u0111\u1eafc l\u1ef1c gi\u00fap x\u1eed l\u00fd c\u00e1c khe h\u1edf, v\u1ebft n\u1ee9t hay l\u1ed7i b\u1ec1 m\u1eb7t n\u1ed9i-ngo\u1ea1i th\u1ea5t nhanh ch\u00f3ng v\u00e0 th\u1ea9m m\u1ef9.\" \/>\n<meta property=\"og:url\" content=\"https:\/\/facowood.com\/en\/product\/keo-va-loi-f-bond-xu-ly-khe-ho-vet-nut-noi-ngoai-that\/\" \/>\n<meta property=\"og:site_name\" content=\"Facowood\" \/>\n<meta property=\"article:modified_time\" content=\"2026-04-21T04:43:59+00:00\" \/>\n<meta property=\"og:image\" content=\"https:\/\/facowood.com\/wp-content\/uploads\/2026\/04\/keo-va-loi-noi-ngoai-that-facowood-2.jpg\" \/>\n\t<meta property=\"og:image:width\" content=\"650\" \/>\n\t<meta property=\"og:image:height\" content=\"650\" \/>\n\t<meta property=\"og:image:type\" content=\"image\/jpeg\" \/>\n<meta name=\"twitter:card\" content=\"summary_large_image\" \/>\n<meta name=\"twitter:label1\" content=\"Estimated reading time\" \/>\n\t<meta name=\"twitter:data1\" content=\"3 minutes\" \/>\n<script type=\"application\/ld+json\" class=\"yoast-schema-graph\">{\"@context\":\"https:\/\/schema.org\",\"@graph\":[{\"@type\":\"WebPage\",\"@id\":\"https:\/\/facowood.com\/san-pham\/keo-va-loi-f-bond-xu-ly-khe-ho-vet-nut-noi-ngoai-that\/\",\"url\":\"https:\/\/facowood.com\/san-pham\/keo-va-loi-f-bond-xu-ly-khe-ho-vet-nut-noi-ngoai-that\/\",\"name\":\"Keo v\u00e1 l\u1ed7i F-Bond: x\u1eed l\u00fd khe h\u1edf, v\u1ebft n\u1ee9t n\u1ed9i-ngo\u1ea1i th\u1ea5t - Facowood\",\"isPartOf\":{\"@id\":\"https:\/\/facowood.com\/#website\"},\"datePublished\":\"2026-04-21T04:39:21+00:00\",\"dateModified\":\"2026-04-21T04:43:59+00:00\",\"description\":\"Keo v\u00e1 l\u1ed7i F-BOND \u2013 tr\u1ee3 th\u1ee7 \u0111\u1eafc l\u1ef1c gi\u00fap x\u1eed l\u00fd c\u00e1c khe h\u1edf, v\u1ebft n\u1ee9t hay l\u1ed7i b\u1ec1 m\u1eb7t n\u1ed9i-ngo\u1ea1i th\u1ea5t nhanh ch\u00f3ng v\u00e0 th\u1ea9m m\u1ef9.\",\"breadcrumb\":{\"@id\":\"https:\/\/facowood.com\/san-pham\/keo-va-loi-f-bond-xu-ly-khe-ho-vet-nut-noi-ngoai-that\/#breadcrumb\"},\"inLanguage\":\"en-GB\",\"potentialAction\":[{\"@type\":\"ReadAction\",\"target\":[\"https:\/\/facowood.com\/san-pham\/keo-va-loi-f-bond-xu-ly-khe-ho-vet-nut-noi-ngoai-that\/\"]}]},{\"@type\":\"BreadcrumbList\",\"@id\":\"https:\/\/facowood.com\/san-pham\/keo-va-loi-f-bond-xu-ly-khe-ho-vet-nut-noi-ngoai-that\/#breadcrumb\",\"itemListElement\":[{\"@type\":\"ListItem\",\"position\":1,\"name\":\"Trang ch\u1ee7\",\"item\":\"https:\/\/facowood.com\/\"},{\"@type\":\"ListItem\",\"position\":2,\"name\":\"C\u1eeda h\u00e0ng\",\"item\":\"https:\/\/facowood.com\/cua-hang\/\"},{\"@type\":\"ListItem\",\"position\":3,\"name\":\"Keo v\u00e1 l\u1ed7i F-Bond: x\u1eed l\u00fd khe h\u1edf, v\u1ebft n\u1ee9t n\u1ed9i-ngo\u1ea1i th\u1ea5t\"}]},{\"@type\":\"WebSite\",\"@id\":\"https:\/\/facowood.com\/#website\",\"url\":\"https:\/\/facowood.com\/\",\"name\":\"Facowood\",\"description\":\"\",\"publisher\":{\"@id\":\"https:\/\/facowood.com\/#organization\"},\"potentialAction\":[{\"@type\":\"SearchAction\",\"target\":{\"@type\":\"EntryPoint\",\"urlTemplate\":\"https:\/\/facowood.com\/?s={search_term_string}\"},\"query-input\":\"required name=search_term_string\"}],\"inLanguage\":\"en-GB\"},{\"@type\":\"Organization\",\"@id\":\"https:\/\/facowood.com\/#organization\",\"name\":\"Facowood\",\"url\":\"https:\/\/facowood.com\/\",\"logo\":{\"@type\":\"ImageObject\",\"inLanguage\":\"en-GB\",\"@id\":\"https:\/\/facowood.com\/#\/schema\/logo\/image\/\",\"url\":\"https:\/\/facowood.com\/wp-content\/uploads\/2023\/11\/logo_svg.svg\",\"contentUrl\":\"https:\/\/facowood.com\/wp-content\/uploads\/2023\/11\/logo_svg.svg\",\"width\":134,\"height\":56,\"caption\":\"Facowood\"},\"image\":{\"@id\":\"https:\/\/facowood.com\/#\/schema\/logo\/image\/\"}}]}<\/script>\n<!-- \/ Yoast SEO plugin. -->","yoast_head_json":{"title":"Keo v\u00e1 l\u1ed7i F-Bond: x\u1eed l\u00fd khe h\u1edf, v\u1ebft n\u1ee9t n\u1ed9i-ngo\u1ea1i th\u1ea5t - Facowood","description":"Keo v\u00e1 l\u1ed7i F-BOND \u2013 tr\u1ee3 th\u1ee7 \u0111\u1eafc l\u1ef1c gi\u00fap x\u1eed l\u00fd c\u00e1c khe h\u1edf, v\u1ebft n\u1ee9t hay l\u1ed7i b\u1ec1 m\u1eb7t n\u1ed9i-ngo\u1ea1i th\u1ea5t nhanh ch\u00f3ng v\u00e0 th\u1ea9m m\u1ef9.","robots":{"index":"index","follow":"follow","max-snippet":"max-snippet:-1","max-image-preview":"max-image-preview:large","max-video-preview":"max-video-preview:-1"},"canonical":"https:\/\/facowood.com\/en\/product\/keo-va-loi-f-bond-xu-ly-khe-ho-vet-nut-noi-ngoai-that\/","og_locale":"en_GB","og_type":"article","og_title":"Keo v\u00e1 l\u1ed7i F-Bond: x\u1eed l\u00fd khe h\u1edf, v\u1ebft n\u1ee9t n\u1ed9i-ngo\u1ea1i th\u1ea5t - Facowood","og_description":"Keo v\u00e1 l\u1ed7i F-BOND \u2013 tr\u1ee3 th\u1ee7 \u0111\u1eafc l\u1ef1c gi\u00fap x\u1eed l\u00fd c\u00e1c khe h\u1edf, v\u1ebft n\u1ee9t hay l\u1ed7i b\u1ec1 m\u1eb7t n\u1ed9i-ngo\u1ea1i th\u1ea5t nhanh ch\u00f3ng v\u00e0 th\u1ea9m m\u1ef9.","og_url":"https:\/\/facowood.com\/en\/product\/keo-va-loi-f-bond-xu-ly-khe-ho-vet-nut-noi-ngoai-that\/","og_site_name":"Facowood","article_modified_time":"2026-04-21T04:43:59+00:00","og_image":[{"width":650,"height":650,"url":"https:\/\/facowood.com\/wp-content\/uploads\/2026\/04\/keo-va-loi-noi-ngoai-that-facowood-2.jpg","type":"image\/jpeg"}],"twitter_card":"summary_large_image","twitter_misc":{"Estimated reading time":"3 minutes"},"schema":{"@context":"https:\/\/schema.org","@graph":[{"@type":"WebPage","@id":"https:\/\/facowood.com\/san-pham\/keo-va-loi-f-bond-xu-ly-khe-ho-vet-nut-noi-ngoai-that\/","url":"https:\/\/facowood.com\/san-pham\/keo-va-loi-f-bond-xu-ly-khe-ho-vet-nut-noi-ngoai-that\/","name":"Keo v\u00e1 l\u1ed7i F-Bond: x\u1eed l\u00fd khe h\u1edf, v\u1ebft n\u1ee9t n\u1ed9i-ngo\u1ea1i th\u1ea5t - Facowood","isPartOf":{"@id":"https:\/\/facowood.com\/#website"},"datePublished":"2026-04-21T04:39:21+00:00","dateModified":"2026-04-21T04:43:59+00:00","description":"Keo v\u00e1 l\u1ed7i F-BOND \u2013 tr\u1ee3 th\u1ee7 \u0111\u1eafc l\u1ef1c gi\u00fap x\u1eed l\u00fd c\u00e1c khe h\u1edf, v\u1ebft n\u1ee9t hay l\u1ed7i b\u1ec1 m\u1eb7t n\u1ed9i-ngo\u1ea1i th\u1ea5t nhanh ch\u00f3ng v\u00e0 th\u1ea9m m\u1ef9.","breadcrumb":{"@id":"https:\/\/facowood.com\/san-pham\/keo-va-loi-f-bond-xu-ly-khe-ho-vet-nut-noi-ngoai-that\/#breadcrumb"},"inLanguage":"en-GB","potentialAction":[{"@type":"ReadAction","target":["https:\/\/facowood.com\/san-pham\/keo-va-loi-f-bond-xu-ly-khe-ho-vet-nut-noi-ngoai-that\/"]}]},{"@type":"BreadcrumbList","@id":"https:\/\/facowood.com\/san-pham\/keo-va-loi-f-bond-xu-ly-khe-ho-vet-nut-noi-ngoai-that\/#breadcrumb","itemListElement":[{"@type":"ListItem","position":1,"name":"Trang ch\u1ee7","item":"https:\/\/facowood.com\/"},{"@type":"ListItem","position":2,"name":"C\u1eeda h\u00e0ng","item":"https:\/\/facowood.com\/cua-hang\/"},{"@type":"ListItem","position":3,"name":"Keo v\u00e1 l\u1ed7i F-Bond: x\u1eed l\u00fd khe h\u1edf, v\u1ebft n\u1ee9t n\u1ed9i-ngo\u1ea1i th\u1ea5t"}]},{"@type":"WebSite","@id":"https:\/\/facowood.com\/#website","url":"https:\/\/facowood.com\/","name":"Facowood","description":"","publisher":{"@id":"https:\/\/facowood.com\/#organization"},"potentialAction":[{"@type":"SearchAction","target":{"@type":"EntryPoint","urlTemplate":"https:\/\/facowood.com\/?s={search_term_string}"},"query-input":"required name=search_term_string"}],"inLanguage":"en-GB"},{"@type":"Organization","@id":"https:\/\/facowood.com\/#organization","name":"Facowood","url":"https:\/\/facowood.com\/","logo":{"@type":"ImageObject","inLanguage":"en-GB","@id":"https:\/\/facowood.com\/#\/schema\/logo\/image\/","url":"https:\/\/facowood.com\/wp-content\/uploads\/2023\/11\/logo_svg.svg","contentUrl":"https:\/\/facowood.com\/wp-content\/uploads\/2023\/11\/logo_svg.svg","width":134,"height":56,"caption":"Facowood"},"image":{"@id":"https:\/\/facowood.com\/#\/schema\/logo\/image\/"}}]}},"_links":{"self":[{"href":"https:\/\/facowood.com\/en\/wp-json\/wp\/v2\/product\/3444","targetHints":{"allow":["GET"]}}],"collection":[{"href":"https:\/\/facowood.com\/en\/wp-json\/wp\/v2\/product"}],"about":[{"href":"https:\/\/facowood.com\/en\/wp-json\/wp\/v2\/types\/product"}],"replies":[{"embeddable":true,"href":"https:\/\/facowood.com\/en\/wp-json\/wp\/v2\/comments?post=3444"}],"wp:featuredmedia":[{"embeddable":true,"href":"https:\/\/facowood.com\/en\/wp-json\/wp\/v2\/media\/3445"}],"wp:attachment":[{"href":"https:\/\/facowood.com\/en\/wp-json\/wp\/v2\/media?parent=3444"}],"wp:term":[{"taxonomy":"product_cat","embeddable":true,"href":"https:\/\/facowood.com\/en\/wp-json\/wp\/v2\/product_cat?post=3444"},{"taxonomy":"product_tag","embeddable":true,"href":"https:\/\/facowood.com\/en\/wp-json\/wp\/v2\/product_tag?post=3444"}],"curies":[{"name":"wp","href":"https:\/\/api.w.org\/{rel}","templated":true}]}}