{"id":3421,"date":"2026-04-20T02:20:42","date_gmt":"2026-04-20T02:20:42","guid":{"rendered":"https:\/\/facowood.com\/?post_type=product&#038;p=3421"},"modified":"2026-04-20T02:47:29","modified_gmt":"2026-04-20T02:47:29","slug":"thanh-lam-go%cc%83-nhu%cc%a3a-fh25a25","status":"publish","type":"product","link":"https:\/\/facowood.com\/en\/product\/thanh-lam-go%cc%83-nhu%cc%a3a-fh25a25\/","title":{"rendered":"Thanh lam g\u00f4\u0303 nh\u01b0\u0323a FH25A25"},"content":{"rendered":"<p><strong>\ud83d\udcd0<\/strong><strong> Th\u00f4ng S\u1ed1 K\u1ef9 Thu\u1eadt<\/strong><\/p>\n<ul>\n<li><strong>Product code:<\/strong> FH25A25<\/li>\n<li><strong>Size:<\/strong> 25 x 25 x 2900 mm<\/li>\n<li><strong>Ch\u1ea5t li\u1ec7u:<\/strong> G\u1ed7 nh\u1ef1a composite (WPC) ph\u1ee7 ASA<\/li>\n<li><strong>M\u00e0u s\u1eafc:<\/strong> Coffee va\u0300 Teak<\/li>\n<li><strong>K\u1ebft c\u1ea5u:<\/strong> D\u1ea1ng h\u1ed9p vu\u00f4ng r\u1ed7ng<\/li>\n<li><strong>B\u1ec1 m\u1eb7t:<\/strong> V\u00e2n g\u1ed7 t\u1ef1 nhi\u00ean, ch\u1ed1ng tr\u1ea7y x\u01b0\u1edbc<\/li>\n<li><strong>Kh\u1ea3 n\u0103ng ch\u1ecbu l\u1ef1c:<\/strong> T\u1ed1t, ph\u00f9 h\u1ee3p thi c\u00f4ng ngo\u00e0i tr\u1eddi<\/li>\n<\/ul>\n<p><strong>\u2b50<\/strong><strong> \u01afu \u0110i\u1ec3m N\u1ed5i B\u1eadt<\/strong><\/p>\n<ul>\n<li>Ch\u1ed1ng UV \u2013 b\u1ec1n m\u00e0u v\u01b0\u1ee3t tr\u1ed9i<\/li>\n<li>Ch\u1ed1ng n\u01b0\u1edbc \u2013 kh\u00f4ng m\u1ed1i m\u1ecdt.<\/li>\n<li>Kh\u00f4ng cong v\u00eanh \u2013 \u0111\u1ed9 \u1ed5n \u0111\u1ecbnh cao<\/li>\n<li>Th\u1ea9m m\u1ef9 hi\u1ec7n \u0111\u1ea1i<\/li>\n<li>Thi c\u00f4ng linh ho\u1ea1t<\/li>\n<\/ul>\n<p><strong>\ud83c\udfd7<\/strong><strong> \u1ee8ng D\u1ee5ng Th\u1ef1c T\u1ebf<\/strong><\/p>\n<p>Lam h\u1ed9p ASA FH25A25 \u0111\u01b0\u1ee3c s\u1eed d\u1ee5ng r\u1ed9ng r\u00e3i trong:<\/p>\n<ul>\n<li>Lam \u0111\u1ee9ng trang tr\u00ed m\u1eb7t ti\u1ec1n<\/li>\n<li>L\u00e0m v\u00e1ch ng\u0103n ban c\u00f4ng, h\u00e0nh lang<\/li>\n<li>\u1ed0p t\u01b0\u1eddng trang tr\u00ed n\u1ed9i \u2013 ngo\u1ea1i th\u1ea5t<\/li>\n<li>L\u00e0m lan can, h\u00e0ng r\u00e0o trang tr\u00ed<\/li>\n<li>Trang tr\u00ed qu\u00e1n cafe, showroom, resort<\/li>\n<\/ul>\n<p>\ud83d\udc49 \u0110\u1eb7c bi\u1ec7t ph\u00f9 h\u1ee3p c\u00e1c c\u00f4ng tr\u00ecnh c\u1ea7n <strong>\u0111\u1ed9 tinh t\u1ebf, thanh m\u1ea3nh nh\u01b0ng v\u1eabn b\u1ec1n ch\u1eafc<\/strong><\/p>","protected":false},"excerpt":{"rendered":"<p><strong><span dir=\"auto\" style=\"vertical-align: inherit\">Product code:<\/span><\/strong><span dir=\"auto\" style=\"vertical-align: inherit\"> FH25A25<\/span><\/p>\n<p><strong><span dir=\"auto\" style=\"vertical-align: inherit\">Size:<\/span><\/strong><span dir=\"auto\" style=\"vertical-align: inherit\"> 25*25*2900mm<\/span><\/p>","protected":false},"featured_media":3439,"comment_status":"open","ping_status":"closed","template":"","meta":[],"product_cat":[18,24],"product_tag":[],"class_list":["post-3421","product","type-product","status-publish","has-post-thumbnail","hentry","product_cat-tam-op-tuong-phu-pvdf","product_cat-thanh-lam-go-nhua","pa_mau-sac-coffee","pa_mau-sac-teak"],"acf":[],"yoast_head":"<!-- This site is optimized with the Yoast SEO plugin v21.5 - https:\/\/yoast.com\/wordpress\/plugins\/seo\/ -->\n<title>Thanh lam g\u00f4\u0303 nh\u01b0\u0323a FH25A25 - Facowood<\/title>\n<meta name=\"robots\" content=\"index, follow, max-snippet:-1, max-image-preview:large, max-video-preview:-1\" \/>\n<link rel=\"canonical\" href=\"https:\/\/facowood.com\/en\/product\/thanh-lam-go\u0303-nhu\u0323a-fh25a25\/\" \/>\n<meta property=\"og:locale\" content=\"en_GB\" \/>\n<meta property=\"og:type\" content=\"article\" \/>\n<meta property=\"og:title\" content=\"Thanh lam g\u00f4\u0303 nh\u01b0\u0323a FH25A25 - Facowood\" \/>\n<meta property=\"og:description\" content=\"M\u00e3 s\u1ea3n ph\u1ea9m: FH25A25  K\u00edch th\u01b0\u1edbc: 25*25*2900mm\" \/>\n<meta property=\"og:url\" content=\"https:\/\/facowood.com\/en\/product\/thanh-lam-go\u0303-nhu\u0323a-fh25a25\/\" \/>\n<meta property=\"og:site_name\" content=\"Facowood\" \/>\n<meta property=\"article:modified_time\" content=\"2026-04-20T02:47:29+00:00\" \/>\n<meta property=\"og:image\" content=\"https:\/\/facowood.com\/wp-content\/uploads\/2026\/04\/1-Copy-1.png\" \/>\n\t<meta property=\"og:image:width\" content=\"960\" \/>\n\t<meta property=\"og:image:height\" content=\"1280\" \/>\n\t<meta property=\"og:image:type\" content=\"image\/png\" \/>\n<meta name=\"twitter:card\" content=\"summary_large_image\" \/>\n<meta name=\"twitter:label1\" content=\"Estimated reading time\" \/>\n\t<meta name=\"twitter:data1\" content=\"1 minute\" \/>\n<script type=\"application\/ld+json\" class=\"yoast-schema-graph\">{\"@context\":\"https:\/\/schema.org\",\"@graph\":[{\"@type\":\"WebPage\",\"@id\":\"https:\/\/facowood.com\/san-pham\/thanh-lam-go%cc%83-nhu%cc%a3a-fh25a25\/\",\"url\":\"https:\/\/facowood.com\/san-pham\/thanh-lam-go%cc%83-nhu%cc%a3a-fh25a25\/\",\"name\":\"Thanh lam g\u00f4\u0303 nh\u01b0\u0323a FH25A25 - Facowood\",\"isPartOf\":{\"@id\":\"https:\/\/facowood.com\/#website\"},\"datePublished\":\"2026-04-20T02:20:42+00:00\",\"dateModified\":\"2026-04-20T02:47:29+00:00\",\"breadcrumb\":{\"@id\":\"https:\/\/facowood.com\/san-pham\/thanh-lam-go%cc%83-nhu%cc%a3a-fh25a25\/#breadcrumb\"},\"inLanguage\":\"en-GB\",\"potentialAction\":[{\"@type\":\"ReadAction\",\"target\":[\"https:\/\/facowood.com\/san-pham\/thanh-lam-go%cc%83-nhu%cc%a3a-fh25a25\/\"]}]},{\"@type\":\"BreadcrumbList\",\"@id\":\"https:\/\/facowood.com\/san-pham\/thanh-lam-go%cc%83-nhu%cc%a3a-fh25a25\/#breadcrumb\",\"itemListElement\":[{\"@type\":\"ListItem\",\"position\":1,\"name\":\"Trang ch\u1ee7\",\"item\":\"https:\/\/facowood.com\/\"},{\"@type\":\"ListItem\",\"position\":2,\"name\":\"C\u1eeda h\u00e0ng\",\"item\":\"https:\/\/facowood.com\/cua-hang\/\"},{\"@type\":\"ListItem\",\"position\":3,\"name\":\"Thanh lam g\u00f4\u0303 nh\u01b0\u0323a FH25A25\"}]},{\"@type\":\"WebSite\",\"@id\":\"https:\/\/facowood.com\/#website\",\"url\":\"https:\/\/facowood.com\/\",\"name\":\"Facowood\",\"description\":\"\",\"publisher\":{\"@id\":\"https:\/\/facowood.com\/#organization\"},\"potentialAction\":[{\"@type\":\"SearchAction\",\"target\":{\"@type\":\"EntryPoint\",\"urlTemplate\":\"https:\/\/facowood.com\/?s={search_term_string}\"},\"query-input\":\"required name=search_term_string\"}],\"inLanguage\":\"en-GB\"},{\"@type\":\"Organization\",\"@id\":\"https:\/\/facowood.com\/#organization\",\"name\":\"Facowood\",\"url\":\"https:\/\/facowood.com\/\",\"logo\":{\"@type\":\"ImageObject\",\"inLanguage\":\"en-GB\",\"@id\":\"https:\/\/facowood.com\/#\/schema\/logo\/image\/\",\"url\":\"https:\/\/facowood.com\/wp-content\/uploads\/2023\/11\/logo_svg.svg\",\"contentUrl\":\"https:\/\/facowood.com\/wp-content\/uploads\/2023\/11\/logo_svg.svg\",\"width\":134,\"height\":56,\"caption\":\"Facowood\"},\"image\":{\"@id\":\"https:\/\/facowood.com\/#\/schema\/logo\/image\/\"}}]}<\/script>\n<!-- \/ Yoast SEO plugin. -->","yoast_head_json":{"title":"Thanh lam g\u00f4\u0303 nh\u01b0\u0323a FH25A25 - Facowood","robots":{"index":"index","follow":"follow","max-snippet":"max-snippet:-1","max-image-preview":"max-image-preview:large","max-video-preview":"max-video-preview:-1"},"canonical":"https:\/\/facowood.com\/en\/product\/thanh-lam-go\u0303-nhu\u0323a-fh25a25\/","og_locale":"en_GB","og_type":"article","og_title":"Thanh lam g\u00f4\u0303 nh\u01b0\u0323a FH25A25 - Facowood","og_description":"M\u00e3 s\u1ea3n ph\u1ea9m: FH25A25  K\u00edch th\u01b0\u1edbc: 25*25*2900mm","og_url":"https:\/\/facowood.com\/en\/product\/thanh-lam-go\u0303-nhu\u0323a-fh25a25\/","og_site_name":"Facowood","article_modified_time":"2026-04-20T02:47:29+00:00","og_image":[{"width":960,"height":1280,"url":"https:\/\/facowood.com\/wp-content\/uploads\/2026\/04\/1-Copy-1.png","type":"image\/png"}],"twitter_card":"summary_large_image","twitter_misc":{"Estimated reading time":"1 minute"},"schema":{"@context":"https:\/\/schema.org","@graph":[{"@type":"WebPage","@id":"https:\/\/facowood.com\/san-pham\/thanh-lam-go%cc%83-nhu%cc%a3a-fh25a25\/","url":"https:\/\/facowood.com\/san-pham\/thanh-lam-go%cc%83-nhu%cc%a3a-fh25a25\/","name":"Thanh lam g\u00f4\u0303 nh\u01b0\u0323a FH25A25 - Facowood","isPartOf":{"@id":"https:\/\/facowood.com\/#website"},"datePublished":"2026-04-20T02:20:42+00:00","dateModified":"2026-04-20T02:47:29+00:00","breadcrumb":{"@id":"https:\/\/facowood.com\/san-pham\/thanh-lam-go%cc%83-nhu%cc%a3a-fh25a25\/#breadcrumb"},"inLanguage":"en-GB","potentialAction":[{"@type":"ReadAction","target":["https:\/\/facowood.com\/san-pham\/thanh-lam-go%cc%83-nhu%cc%a3a-fh25a25\/"]}]},{"@type":"BreadcrumbList","@id":"https:\/\/facowood.com\/san-pham\/thanh-lam-go%cc%83-nhu%cc%a3a-fh25a25\/#breadcrumb","itemListElement":[{"@type":"ListItem","position":1,"name":"Trang ch\u1ee7","item":"https:\/\/facowood.com\/"},{"@type":"ListItem","position":2,"name":"C\u1eeda h\u00e0ng","item":"https:\/\/facowood.com\/cua-hang\/"},{"@type":"ListItem","position":3,"name":"Thanh lam g\u00f4\u0303 nh\u01b0\u0323a FH25A25"}]},{"@type":"WebSite","@id":"https:\/\/facowood.com\/#website","url":"https:\/\/facowood.com\/","name":"Facowood","description":"","publisher":{"@id":"https:\/\/facowood.com\/#organization"},"potentialAction":[{"@type":"SearchAction","target":{"@type":"EntryPoint","urlTemplate":"https:\/\/facowood.com\/?s={search_term_string}"},"query-input":"required name=search_term_string"}],"inLanguage":"en-GB"},{"@type":"Organization","@id":"https:\/\/facowood.com\/#organization","name":"Facowood","url":"https:\/\/facowood.com\/","logo":{"@type":"ImageObject","inLanguage":"en-GB","@id":"https:\/\/facowood.com\/#\/schema\/logo\/image\/","url":"https:\/\/facowood.com\/wp-content\/uploads\/2023\/11\/logo_svg.svg","contentUrl":"https:\/\/facowood.com\/wp-content\/uploads\/2023\/11\/logo_svg.svg","width":134,"height":56,"caption":"Facowood"},"image":{"@id":"https:\/\/facowood.com\/#\/schema\/logo\/image\/"}}]}},"_links":{"self":[{"href":"https:\/\/facowood.com\/en\/wp-json\/wp\/v2\/product\/3421","targetHints":{"allow":["GET"]}}],"collection":[{"href":"https:\/\/facowood.com\/en\/wp-json\/wp\/v2\/product"}],"about":[{"href":"https:\/\/facowood.com\/en\/wp-json\/wp\/v2\/types\/product"}],"replies":[{"embeddable":true,"href":"https:\/\/facowood.com\/en\/wp-json\/wp\/v2\/comments?post=3421"}],"wp:featuredmedia":[{"embeddable":true,"href":"https:\/\/facowood.com\/en\/wp-json\/wp\/v2\/media\/3439"}],"wp:attachment":[{"href":"https:\/\/facowood.com\/en\/wp-json\/wp\/v2\/media?parent=3421"}],"wp:term":[{"taxonomy":"product_cat","embeddable":true,"href":"https:\/\/facowood.com\/en\/wp-json\/wp\/v2\/product_cat?post=3421"},{"taxonomy":"product_tag","embeddable":true,"href":"https:\/\/facowood.com\/en\/wp-json\/wp\/v2\/product_tag?post=3421"}],"curies":[{"name":"wp","href":"https:\/\/api.w.org\/{rel}","templated":true}]}}