{"id":3400,"date":"2026-04-16T08:28:51","date_gmt":"2026-04-16T08:28:51","guid":{"rendered":"https:\/\/facowood.com\/?post_type=product&#038;p=3400"},"modified":"2026-04-18T08:09:03","modified_gmt":"2026-04-18T08:09:03","slug":"tam-op-go-nhua-fed148c21","status":"publish","type":"product","link":"https:\/\/facowood.com\/en\/product\/tam-op-go-nhua-fed148c21\/","title":{"rendered":"T\u1ea5m \u1ed1p g\u1ed7 nh\u1ef1a FED148C21"},"content":{"rendered":"<div dir=\"auto\">T\u1ea5m \u1ed1p g\u1ed7 nh\u1ef1a FED148C21 ch\u00ednh l\u00e0 ranh gi\u1edbi gi\u1eefa \u201cb\u00ecnh th\u01b0\u1eddng\u201d v\u00e0 \u201c\u1ea5n t\u01b0\u1ee3ng\u201d:<\/div>\n<div dir=\"auto\">&#8211; Color: Wood, Coffee<\/div>\n<div dir=\"auto\">&#8211; Size: 148*21*2900mm<\/div>\n<div dir=\"auto\"><span class=\"html-span xexx8yu xyri2b x18d9i69 x1c1uobl x1hl2dhg x16tdsg8 x1vvkbs x3nfvp2 x1j61x8r x1fcty0u xdj266r xat24cr xm2jcoa x1mpyi22 xxymvpz xlup9mm x1kky2od\"><img decoding=\"async\" class=\"xz74otr x15mokao x1ga7v0g x16uus16 xbiv7yw\" src=\"https:\/\/static.xx.fbcdn.net\/images\/emoji.php\/v9\/tf4\/1\/16\/2728.png\" alt=\"\u2728\" width=\"16\" height=\"16\" \/><\/span> V\u00e2n 2D \u2013 tinh g\u1ecdn, s\u1eafc n\u00e9t, d\u00e0nh cho nh\u1eefng ai th\u00edch c\u00e1i \u0111\u1eb9p ki\u1ec3u t\u1ed1i gi\u1ea3n nh\u01b0ng kh\u00f4ng h\u1ec1 nh\u1ea1t nh\u00f2a<\/div>\n<div dir=\"auto\"><span class=\"html-span xexx8yu xyri2b x18d9i69 x1c1uobl x1hl2dhg x16tdsg8 x1vvkbs x3nfvp2 x1j61x8r x1fcty0u xdj266r xat24cr xm2jcoa x1mpyi22 xxymvpz xlup9mm x1kky2od\"><img decoding=\"async\" class=\"xz74otr x15mokao x1ga7v0g x16uus16 xbiv7yw\" src=\"https:\/\/static.xx.fbcdn.net\/images\/emoji.php\/v9\/tf4\/1\/16\/2728.png\" alt=\"\u2728\" width=\"16\" height=\"16\" \/><\/span> V\u00e2n 3D \u2013 n\u1ed5i kh\u1ed1i \u0111\u1ea7y chi\u1ec1u s\u00e2u, \u00e1nh s\u00e1ng ch\u1ea1m v\u00e0o l\u00e0 t\u1ea1o hi\u1ec7u \u1ee9ng c\u1ef1c cu\u1ed1n, nh\u00ecn m\u1ed9t l\u1ea7n l\u00e0 nh\u1edb<\/div>\n<div dir=\"auto\">Kh\u00f4ng ch\u1ec9 \u0111\u1eb9p:<\/div>\n<div dir=\"auto\"><span class=\"html-span xexx8yu xyri2b x18d9i69 x1c1uobl x1hl2dhg x16tdsg8 x1vvkbs x3nfvp2 x1j61x8r x1fcty0u xdj266r xat24cr xm2jcoa x1mpyi22 xxymvpz xlup9mm x1kky2od\"><img decoding=\"async\" class=\"xz74otr x15mokao x1ga7v0g x16uus16 xbiv7yw\" src=\"https:\/\/static.xx.fbcdn.net\/images\/emoji.php\/v9\/t5d\/1\/16\/26a1.png\" alt=\"\u26a1\" width=\"16\" height=\"16\" \/><\/span> Ch\u1ed1ng n\u01b0\u1edbc \u2013 \u0111i m\u01b0a n\u1eafng v\u1eabn b\u1ec1n<\/div>\n<div dir=\"auto\"><span class=\"html-span xexx8yu xyri2b x18d9i69 x1c1uobl x1hl2dhg x16tdsg8 x1vvkbs x3nfvp2 x1j61x8r x1fcty0u xdj266r xat24cr xm2jcoa x1mpyi22 xxymvpz xlup9mm x1kky2od\"><img decoding=\"async\" class=\"xz74otr x15mokao x1ga7v0g x16uus16 xbiv7yw\" src=\"https:\/\/static.xx.fbcdn.net\/images\/emoji.php\/v9\/t5d\/1\/16\/26a1.png\" alt=\"\u26a1\" width=\"16\" height=\"16\" \/><\/span> Kh\u00f4ng cong v\u00eanh \u2013 gi\u1eef form chu\u1ea9n theo th\u1eddi gian<\/div>\n<div dir=\"auto\"><span class=\"html-span xexx8yu xyri2b x18d9i69 x1c1uobl x1hl2dhg x16tdsg8 x1vvkbs x3nfvp2 x1j61x8r x1fcty0u xdj266r xat24cr xm2jcoa x1mpyi22 xxymvpz xlup9mm x1kky2od\"><img decoding=\"async\" class=\"xz74otr x15mokao x1ga7v0g x16uus16 xbiv7yw\" src=\"https:\/\/static.xx.fbcdn.net\/images\/emoji.php\/v9\/t5d\/1\/16\/26a1.png\" alt=\"\u26a1\" width=\"16\" height=\"16\" \/><\/span> Thi c\u00f4ng nhanh \u2013 l\u00ean m\u1ea3ng l\u00e0 th\u1ea5y kh\u00e1c bi\u1ec7t ngay<\/div>\n<div dir=\"auto\"><span class=\"html-span xexx8yu xyri2b x18d9i69 x1c1uobl x1hl2dhg x16tdsg8 x1vvkbs x3nfvp2 x1j61x8r x1fcty0u xdj266r xat24cr xm2jcoa x1mpyi22 xxymvpz xlup9mm x1kky2od\"><img decoding=\"async\" class=\"xz74otr x15mokao x1ga7v0g x16uus16 xbiv7yw\" src=\"https:\/\/static.xx.fbcdn.net\/images\/emoji.php\/v9\/t51\/1\/16\/1f449.png\" alt=\"\ud83d\udc49\" width=\"16\" height=\"16\" \/><\/span> Kh\u00f4ng gian \u0111\u1eb9p kh\u00f4ng c\u1ea7n qu\u00e1 nhi\u1ec1u \u0111\u1ed3\u2026 ch\u1ec9 c\u1ea7n \u0111\u00fang \u0111i\u1ec3m nh\u1ea5n<\/div>\n<div dir=\"auto\"><span class=\"html-span xexx8yu xyri2b x18d9i69 x1c1uobl x1hl2dhg x16tdsg8 x1vvkbs x3nfvp2 x1j61x8r x1fcty0u xdj266r xat24cr xm2jcoa x1mpyi22 xxymvpz xlup9mm x1kky2od\"><img decoding=\"async\" class=\"xz74otr x15mokao x1ga7v0g x16uus16 xbiv7yw\" src=\"https:\/\/static.xx.fbcdn.net\/images\/emoji.php\/v9\/t51\/1\/16\/1f449.png\" alt=\"\ud83d\udc49\" width=\"16\" height=\"16\" \/><\/span> V\u00e0 \u0111\u00f4i khi, t\u1ea5t c\u1ea3 b\u1eaft \u0111\u1ea7u t\u1eeb m\u1ed9t t\u1ea5m \u1ed1p<\/div>","protected":false},"excerpt":{"rendered":"<p>T\u1ea5m \u1ed1p g\u1ed7 nh\u1ef1a FED148C21 ch\u00ednh l\u00e0 ranh gi\u1edbi gi\u1eefa \u201cb\u00ecnh th\u01b0\u1eddng\u201d v\u00e0 \u201c\u1ea5n t\u01b0\u1ee3ng\u201d: &#8211; Color: Wood, Coffee &#8211; Size: 148*21*2900mm V\u00e2n 2D \u2013 tinh g\u1ecdn, s\u1eafc n\u00e9t, d\u00e0nh cho nh\u1eefng ai th\u00edch c\u00e1i \u0111\u1eb9p ki\u1ec3u t\u1ed1i gi\u1ea3n nh\u01b0ng kh\u00f4ng h\u1ec1 nh\u1ea1t nh\u00f2a V\u00e2n 3D \u2013 n\u1ed5i kh\u1ed1i \u0111\u1ea7y chi\u1ec1u s\u00e2u, \u00e1nh s\u00e1ng ch\u1ea1m [&hellip;]<\/p>","protected":false},"featured_media":3403,"comment_status":"open","ping_status":"closed","template":"","meta":[],"product_cat":[15,23,19],"product_tag":[],"class_list":["post-3400","product","type-product","status-publish","has-post-thumbnail","hentry","product_cat-tat-ca-san-pham","product_cat-go-nhua-ngoai-troi","product_cat-tam-op-tuong-ngoai-troi","pa_mau-sac-coffee","pa_mau-sac-wood"],"acf":[],"yoast_head":"<!-- This site is optimized with the Yoast SEO plugin v21.5 - https:\/\/yoast.com\/wordpress\/plugins\/seo\/ -->\n<title>T\u1ea5m \u1ed1p g\u1ed7 nh\u1ef1a FED148C21<\/title>\n<meta name=\"description\" content=\"T\u1ea5m \u1ed1p g\u1ed7 nh\u1ef1a FED148C21 ch\u00ednh l\u00e0 ranh gi\u1edbi gi\u1eefa \u201cb\u00ecnh th\u01b0\u1eddng\u201d v\u00e0 \u201c\u1ea5n t\u01b0\u1ee3ng\u201d:- Color: Wood, Coffee- Size: 148*21*2900mm; V\u00e2n 2D \u2013 tinh g\u1ecdn, s\u1eafc n\u00e9t, d\u00e0nh cho nh\u1eefng ai th\u00edch c\u00e1i \u0111\u1eb9p ki\u1ec3u t\u1ed1i gi\u1ea3n nh\u01b0ng kh\u00f4ng h\u1ec1 nh\u1ea1t nh\u00f2a V\u00e2n 3D \u2013 n\u1ed5i kh\u1ed1i \u0111\u1ea7y chi\u1ec1u s\u00e2u, \u00e1nh s\u00e1ng ch\u1ea1m v\u00e0o l\u00e0 t\u1ea1o hi\u1ec7u \u1ee9ng c\u1ef1c cu\u1ed1n, nh\u00ecn m\u1ed9t l\u1ea7n l\u00e0 nh\u1edb.\" \/>\n<meta name=\"robots\" content=\"index, follow, max-snippet:-1, max-image-preview:large, max-video-preview:-1\" \/>\n<link rel=\"canonical\" href=\"https:\/\/facowood.com\/en\/product\/tam-op-go-nhua-fed148c21\/\" \/>\n<meta property=\"og:locale\" content=\"en_GB\" \/>\n<meta property=\"og:type\" content=\"article\" \/>\n<meta property=\"og:title\" content=\"T\u1ea5m \u1ed1p g\u1ed7 nh\u1ef1a FED148C21\" \/>\n<meta property=\"og:description\" content=\"T\u1ea5m \u1ed1p g\u1ed7 nh\u1ef1a FED148C21 ch\u00ednh l\u00e0 ranh gi\u1edbi gi\u1eefa \u201cb\u00ecnh th\u01b0\u1eddng\u201d v\u00e0 \u201c\u1ea5n t\u01b0\u1ee3ng\u201d:- Color: Wood, Coffee- Size: 148*21*2900mm; V\u00e2n 2D \u2013 tinh g\u1ecdn, s\u1eafc n\u00e9t, d\u00e0nh cho nh\u1eefng ai th\u00edch c\u00e1i \u0111\u1eb9p ki\u1ec3u t\u1ed1i gi\u1ea3n nh\u01b0ng kh\u00f4ng h\u1ec1 nh\u1ea1t nh\u00f2a V\u00e2n 3D \u2013 n\u1ed5i kh\u1ed1i \u0111\u1ea7y chi\u1ec1u s\u00e2u, \u00e1nh s\u00e1ng ch\u1ea1m v\u00e0o l\u00e0 t\u1ea1o hi\u1ec7u \u1ee9ng c\u1ef1c cu\u1ed1n, nh\u00ecn m\u1ed9t l\u1ea7n l\u00e0 nh\u1edb.\" \/>\n<meta property=\"og:url\" content=\"https:\/\/facowood.com\/en\/product\/tam-op-go-nhua-fed148c21\/\" \/>\n<meta property=\"og:site_name\" content=\"Facowood\" \/>\n<meta property=\"article:modified_time\" content=\"2026-04-18T08:09:03+00:00\" \/>\n<meta property=\"og:image\" content=\"https:\/\/facowood.com\/wp-content\/uploads\/2026\/04\/tam-op-go-nhua-facowood-4.jpg\" \/>\n\t<meta property=\"og:image:width\" content=\"2048\" \/>\n\t<meta property=\"og:image:height\" content=\"1536\" \/>\n\t<meta property=\"og:image:type\" content=\"image\/jpeg\" \/>\n<meta name=\"twitter:card\" content=\"summary_large_image\" \/>\n<meta name=\"twitter:label1\" content=\"Estimated reading time\" \/>\n\t<meta name=\"twitter:data1\" content=\"3 minutes\" \/>\n<script type=\"application\/ld+json\" class=\"yoast-schema-graph\">{\"@context\":\"https:\/\/schema.org\",\"@graph\":[{\"@type\":\"WebPage\",\"@id\":\"https:\/\/facowood.com\/san-pham\/tam-op-go-nhua-fed148c21\/\",\"url\":\"https:\/\/facowood.com\/san-pham\/tam-op-go-nhua-fed148c21\/\",\"name\":\"T\u1ea5m \u1ed1p g\u1ed7 nh\u1ef1a FED148C21\",\"isPartOf\":{\"@id\":\"https:\/\/facowood.com\/#website\"},\"datePublished\":\"2026-04-16T08:28:51+00:00\",\"dateModified\":\"2026-04-18T08:09:03+00:00\",\"description\":\"T\u1ea5m \u1ed1p g\u1ed7 nh\u1ef1a FED148C21 ch\u00ednh l\u00e0 ranh gi\u1edbi gi\u1eefa \u201cb\u00ecnh th\u01b0\u1eddng\u201d v\u00e0 \u201c\u1ea5n t\u01b0\u1ee3ng\u201d:- Color: Wood, Coffee- Size: 148*21*2900mm; V\u00e2n 2D \u2013 tinh g\u1ecdn, s\u1eafc n\u00e9t, d\u00e0nh cho nh\u1eefng ai th\u00edch c\u00e1i \u0111\u1eb9p ki\u1ec3u t\u1ed1i gi\u1ea3n nh\u01b0ng kh\u00f4ng h\u1ec1 nh\u1ea1t nh\u00f2a V\u00e2n 3D \u2013 n\u1ed5i kh\u1ed1i \u0111\u1ea7y chi\u1ec1u s\u00e2u, \u00e1nh s\u00e1ng ch\u1ea1m v\u00e0o l\u00e0 t\u1ea1o hi\u1ec7u \u1ee9ng c\u1ef1c cu\u1ed1n, nh\u00ecn m\u1ed9t l\u1ea7n l\u00e0 nh\u1edb.\",\"breadcrumb\":{\"@id\":\"https:\/\/facowood.com\/san-pham\/tam-op-go-nhua-fed148c21\/#breadcrumb\"},\"inLanguage\":\"en-GB\",\"potentialAction\":[{\"@type\":\"ReadAction\",\"target\":[\"https:\/\/facowood.com\/san-pham\/tam-op-go-nhua-fed148c21\/\"]}]},{\"@type\":\"BreadcrumbList\",\"@id\":\"https:\/\/facowood.com\/san-pham\/tam-op-go-nhua-fed148c21\/#breadcrumb\",\"itemListElement\":[{\"@type\":\"ListItem\",\"position\":1,\"name\":\"Trang ch\u1ee7\",\"item\":\"https:\/\/facowood.com\/\"},{\"@type\":\"ListItem\",\"position\":2,\"name\":\"C\u1eeda h\u00e0ng\",\"item\":\"https:\/\/facowood.com\/cua-hang\/\"},{\"@type\":\"ListItem\",\"position\":3,\"name\":\"T\u1ea5m \u1ed1p g\u1ed7 nh\u1ef1a FED148C21\"}]},{\"@type\":\"WebSite\",\"@id\":\"https:\/\/facowood.com\/#website\",\"url\":\"https:\/\/facowood.com\/\",\"name\":\"Facowood\",\"description\":\"\",\"publisher\":{\"@id\":\"https:\/\/facowood.com\/#organization\"},\"potentialAction\":[{\"@type\":\"SearchAction\",\"target\":{\"@type\":\"EntryPoint\",\"urlTemplate\":\"https:\/\/facowood.com\/?s={search_term_string}\"},\"query-input\":\"required name=search_term_string\"}],\"inLanguage\":\"en-GB\"},{\"@type\":\"Organization\",\"@id\":\"https:\/\/facowood.com\/#organization\",\"name\":\"Facowood\",\"url\":\"https:\/\/facowood.com\/\",\"logo\":{\"@type\":\"ImageObject\",\"inLanguage\":\"en-GB\",\"@id\":\"https:\/\/facowood.com\/#\/schema\/logo\/image\/\",\"url\":\"https:\/\/facowood.com\/wp-content\/uploads\/2023\/11\/logo_svg.svg\",\"contentUrl\":\"https:\/\/facowood.com\/wp-content\/uploads\/2023\/11\/logo_svg.svg\",\"width\":134,\"height\":56,\"caption\":\"Facowood\"},\"image\":{\"@id\":\"https:\/\/facowood.com\/#\/schema\/logo\/image\/\"}}]}<\/script>\n<!-- \/ Yoast SEO plugin. -->","yoast_head_json":{"title":"T\u1ea5m \u1ed1p g\u1ed7 nh\u1ef1a FED148C21","description":"T\u1ea5m \u1ed1p g\u1ed7 nh\u1ef1a FED148C21 ch\u00ednh l\u00e0 ranh gi\u1edbi gi\u1eefa \u201cb\u00ecnh th\u01b0\u1eddng\u201d v\u00e0 \u201c\u1ea5n t\u01b0\u1ee3ng\u201d:- Color: Wood, Coffee- Size: 148*21*2900mm; V\u00e2n 2D \u2013 tinh g\u1ecdn, s\u1eafc n\u00e9t, d\u00e0nh cho nh\u1eefng ai th\u00edch c\u00e1i \u0111\u1eb9p ki\u1ec3u t\u1ed1i gi\u1ea3n nh\u01b0ng kh\u00f4ng h\u1ec1 nh\u1ea1t nh\u00f2a V\u00e2n 3D \u2013 n\u1ed5i kh\u1ed1i \u0111\u1ea7y chi\u1ec1u s\u00e2u, \u00e1nh s\u00e1ng ch\u1ea1m v\u00e0o l\u00e0 t\u1ea1o hi\u1ec7u \u1ee9ng c\u1ef1c cu\u1ed1n, nh\u00ecn m\u1ed9t l\u1ea7n l\u00e0 nh\u1edb.","robots":{"index":"index","follow":"follow","max-snippet":"max-snippet:-1","max-image-preview":"max-image-preview:large","max-video-preview":"max-video-preview:-1"},"canonical":"https:\/\/facowood.com\/en\/product\/tam-op-go-nhua-fed148c21\/","og_locale":"en_GB","og_type":"article","og_title":"T\u1ea5m \u1ed1p g\u1ed7 nh\u1ef1a FED148C21","og_description":"T\u1ea5m \u1ed1p g\u1ed7 nh\u1ef1a FED148C21 ch\u00ednh l\u00e0 ranh gi\u1edbi gi\u1eefa \u201cb\u00ecnh th\u01b0\u1eddng\u201d v\u00e0 \u201c\u1ea5n t\u01b0\u1ee3ng\u201d:- Color: Wood, Coffee- Size: 148*21*2900mm; V\u00e2n 2D \u2013 tinh g\u1ecdn, s\u1eafc n\u00e9t, d\u00e0nh cho nh\u1eefng ai th\u00edch c\u00e1i \u0111\u1eb9p ki\u1ec3u t\u1ed1i gi\u1ea3n nh\u01b0ng kh\u00f4ng h\u1ec1 nh\u1ea1t nh\u00f2a V\u00e2n 3D \u2013 n\u1ed5i kh\u1ed1i \u0111\u1ea7y chi\u1ec1u s\u00e2u, \u00e1nh s\u00e1ng ch\u1ea1m v\u00e0o l\u00e0 t\u1ea1o hi\u1ec7u \u1ee9ng c\u1ef1c cu\u1ed1n, nh\u00ecn m\u1ed9t l\u1ea7n l\u00e0 nh\u1edb.","og_url":"https:\/\/facowood.com\/en\/product\/tam-op-go-nhua-fed148c21\/","og_site_name":"Facowood","article_modified_time":"2026-04-18T08:09:03+00:00","og_image":[{"width":2048,"height":1536,"url":"https:\/\/facowood.com\/wp-content\/uploads\/2026\/04\/tam-op-go-nhua-facowood-4.jpg","type":"image\/jpeg"}],"twitter_card":"summary_large_image","twitter_misc":{"Estimated reading time":"3 minutes"},"schema":{"@context":"https:\/\/schema.org","@graph":[{"@type":"WebPage","@id":"https:\/\/facowood.com\/san-pham\/tam-op-go-nhua-fed148c21\/","url":"https:\/\/facowood.com\/san-pham\/tam-op-go-nhua-fed148c21\/","name":"T\u1ea5m \u1ed1p g\u1ed7 nh\u1ef1a FED148C21","isPartOf":{"@id":"https:\/\/facowood.com\/#website"},"datePublished":"2026-04-16T08:28:51+00:00","dateModified":"2026-04-18T08:09:03+00:00","description":"T\u1ea5m \u1ed1p g\u1ed7 nh\u1ef1a FED148C21 ch\u00ednh l\u00e0 ranh gi\u1edbi gi\u1eefa \u201cb\u00ecnh th\u01b0\u1eddng\u201d v\u00e0 \u201c\u1ea5n t\u01b0\u1ee3ng\u201d:- Color: Wood, Coffee- Size: 148*21*2900mm; V\u00e2n 2D \u2013 tinh g\u1ecdn, s\u1eafc n\u00e9t, d\u00e0nh cho nh\u1eefng ai th\u00edch c\u00e1i \u0111\u1eb9p ki\u1ec3u t\u1ed1i gi\u1ea3n nh\u01b0ng kh\u00f4ng h\u1ec1 nh\u1ea1t nh\u00f2a V\u00e2n 3D \u2013 n\u1ed5i kh\u1ed1i \u0111\u1ea7y chi\u1ec1u s\u00e2u, \u00e1nh s\u00e1ng ch\u1ea1m v\u00e0o l\u00e0 t\u1ea1o hi\u1ec7u \u1ee9ng c\u1ef1c cu\u1ed1n, nh\u00ecn m\u1ed9t l\u1ea7n l\u00e0 nh\u1edb.","breadcrumb":{"@id":"https:\/\/facowood.com\/san-pham\/tam-op-go-nhua-fed148c21\/#breadcrumb"},"inLanguage":"en-GB","potentialAction":[{"@type":"ReadAction","target":["https:\/\/facowood.com\/san-pham\/tam-op-go-nhua-fed148c21\/"]}]},{"@type":"BreadcrumbList","@id":"https:\/\/facowood.com\/san-pham\/tam-op-go-nhua-fed148c21\/#breadcrumb","itemListElement":[{"@type":"ListItem","position":1,"name":"Trang ch\u1ee7","item":"https:\/\/facowood.com\/"},{"@type":"ListItem","position":2,"name":"C\u1eeda h\u00e0ng","item":"https:\/\/facowood.com\/cua-hang\/"},{"@type":"ListItem","position":3,"name":"T\u1ea5m \u1ed1p g\u1ed7 nh\u1ef1a FED148C21"}]},{"@type":"WebSite","@id":"https:\/\/facowood.com\/#website","url":"https:\/\/facowood.com\/","name":"Facowood","description":"","publisher":{"@id":"https:\/\/facowood.com\/#organization"},"potentialAction":[{"@type":"SearchAction","target":{"@type":"EntryPoint","urlTemplate":"https:\/\/facowood.com\/?s={search_term_string}"},"query-input":"required name=search_term_string"}],"inLanguage":"en-GB"},{"@type":"Organization","@id":"https:\/\/facowood.com\/#organization","name":"Facowood","url":"https:\/\/facowood.com\/","logo":{"@type":"ImageObject","inLanguage":"en-GB","@id":"https:\/\/facowood.com\/#\/schema\/logo\/image\/","url":"https:\/\/facowood.com\/wp-content\/uploads\/2023\/11\/logo_svg.svg","contentUrl":"https:\/\/facowood.com\/wp-content\/uploads\/2023\/11\/logo_svg.svg","width":134,"height":56,"caption":"Facowood"},"image":{"@id":"https:\/\/facowood.com\/#\/schema\/logo\/image\/"}}]}},"_links":{"self":[{"href":"https:\/\/facowood.com\/en\/wp-json\/wp\/v2\/product\/3400","targetHints":{"allow":["GET"]}}],"collection":[{"href":"https:\/\/facowood.com\/en\/wp-json\/wp\/v2\/product"}],"about":[{"href":"https:\/\/facowood.com\/en\/wp-json\/wp\/v2\/types\/product"}],"replies":[{"embeddable":true,"href":"https:\/\/facowood.com\/en\/wp-json\/wp\/v2\/comments?post=3400"}],"wp:featuredmedia":[{"embeddable":true,"href":"https:\/\/facowood.com\/en\/wp-json\/wp\/v2\/media\/3403"}],"wp:attachment":[{"href":"https:\/\/facowood.com\/en\/wp-json\/wp\/v2\/media?parent=3400"}],"wp:term":[{"taxonomy":"product_cat","embeddable":true,"href":"https:\/\/facowood.com\/en\/wp-json\/wp\/v2\/product_cat?post=3400"},{"taxonomy":"product_tag","embeddable":true,"href":"https:\/\/facowood.com\/en\/wp-json\/wp\/v2\/product_tag?post=3400"}],"curies":[{"name":"wp","href":"https:\/\/api.w.org\/{rel}","templated":true}]}}