{"id":1919,"date":"2023-11-24T09:12:20","date_gmt":"2023-11-24T09:12:20","guid":{"rendered":"https:\/\/facowood.com\/?post_type=product&#038;p=1919"},"modified":"2023-12-12T06:17:41","modified_gmt":"2023-12-12T06:17:41","slug":"san-go-ngoai-troi-fe145h22","status":"publish","type":"product","link":"https:\/\/facowood.com\/en\/product\/san-go-ngoai-troi-fe145h22\/","title":{"rendered":"S\u00e0n g\u1ed7 ngo\u00e0i tr\u1eddi FE145H22"},"content":{"rendered":"<p><strong>1. \u1ee8ng d\u1ee5ng:<\/strong><\/p>\n<p>L\u00e1t s\u00e0n g\u1ed7 ngo\u00e0i tr\u1eddi, s\u00e0n h\u1ed3 b\u01a1i, s\u00e0n ban c\u00f4ng v\u00e0 s\u00e2n t\u01b0\u1ee3ng, b\u1ebfn t\u00e0u, du thuy\u1ec1n, l\u1ed1i \u0111i v\u00e0 s\u00e0n h\u00e0nh lang&#8230;&#8230;&#8230;<\/p>\n<p><strong>2. \u01afu \u0111i\u1ec3m g\u1ed7 nh\u1ef1a ngo\u00e0i tr\u1eddi<\/strong><\/p>\n<p>S\u00e0n g\u1ed7 ngo\u00e0i tr\u1eddi c\u00f3 nhi\u1ec1u \u01b0u \u0111i\u1ec3m nh\u01b0 ch\u1ed1ng ch\u1ecbu th\u1eddi ti\u1ebft, ch\u1ed1ng tr\u01a1n tr\u01b0\u1ee3t, ch\u1ed1ng tia UV, \u0111a d\u1ea1ng m\u00e0u s\u1eafc, d\u1ec5 l\u1eafp \u0111\u1eb7t, d\u1ec5 b\u1ea3o qu\u1ea3n, v\u00e0 mang l\u1ea1i v\u1ebb \u0111\u1eb9p t\u1ef1 nhi\u00ean cho kh\u00f4ng gian. S\u00e0n g\u1ed7 ngo\u00e0i tr\u1eddi c\u00f3 th\u1ec3 \u0111\u01b0\u1ee3c l\u00e0m t\u1eeb g\u1ed7 t\u1ef1 nhi\u00ean ho\u1eb7c g\u1ed7 nh\u1ef1a, t\u00f9y theo nhu c\u1ea7u v\u00e0 ng\u00e2n s\u00e1ch c\u1ee7a kh\u00e1ch h\u00e0ng.<\/p>","protected":false},"excerpt":{"rendered":"<p><strong>Code:<\/strong> FE145H22<\/p>\n<p><strong>Size:<\/strong> 145x22x2900mm<\/p>","protected":false},"featured_media":1847,"comment_status":"open","ping_status":"closed","template":"","meta":[],"product_cat":[17],"product_tag":[],"class_list":["post-1919","product","type-product","status-publish","has-post-thumbnail","hentry","product_cat-san-go-ngoai-troi","pa_mau-sac-coffee","pa_mau-sac-wood"],"acf":[],"yoast_head":"<!-- This site is optimized with the Yoast SEO plugin v21.5 - https:\/\/yoast.com\/wordpress\/plugins\/seo\/ -->\n<title>S\u00e0n g\u1ed7 ngo\u00e0i tr\u1eddi FE145H22 - Facowood<\/title>\n<meta name=\"robots\" content=\"index, follow, max-snippet:-1, max-image-preview:large, max-video-preview:-1\" \/>\n<link rel=\"canonical\" href=\"https:\/\/facowood.com\/en\/product\/san-go-ngoai-troi-fe145h22\/\" \/>\n<meta property=\"og:locale\" content=\"en_GB\" \/>\n<meta property=\"og:type\" content=\"article\" \/>\n<meta property=\"og:title\" content=\"S\u00e0n g\u1ed7 ngo\u00e0i tr\u1eddi FE145H22 - Facowood\" \/>\n<meta property=\"og:description\" content=\"Code: FE145H22  Size: 145x22x2900mm\" \/>\n<meta property=\"og:url\" content=\"https:\/\/facowood.com\/en\/product\/san-go-ngoai-troi-fe145h22\/\" \/>\n<meta property=\"og:site_name\" content=\"Facowood\" \/>\n<meta property=\"article:modified_time\" content=\"2023-12-12T06:17:41+00:00\" \/>\n<meta property=\"og:image\" content=\"https:\/\/facowood.com\/wp-content\/uploads\/2023\/11\/FE145H22.C.png\" \/>\n\t<meta property=\"og:image:width\" content=\"1040\" \/>\n\t<meta property=\"og:image:height\" content=\"720\" \/>\n\t<meta property=\"og:image:type\" content=\"image\/png\" \/>\n<meta name=\"twitter:card\" content=\"summary_large_image\" \/>\n<meta name=\"twitter:label1\" content=\"Estimated reading time\" \/>\n\t<meta name=\"twitter:data1\" content=\"1 minute\" \/>\n<script type=\"application\/ld+json\" class=\"yoast-schema-graph\">{\"@context\":\"https:\/\/schema.org\",\"@graph\":[{\"@type\":\"WebPage\",\"@id\":\"https:\/\/facowood.com\/san-pham\/san-go-ngoai-troi-fe145h22\/\",\"url\":\"https:\/\/facowood.com\/san-pham\/san-go-ngoai-troi-fe145h22\/\",\"name\":\"S\u00e0n g\u1ed7 ngo\u00e0i tr\u1eddi FE145H22 - Facowood\",\"isPartOf\":{\"@id\":\"https:\/\/facowood.com\/#website\"},\"datePublished\":\"2023-11-24T09:12:20+00:00\",\"dateModified\":\"2023-12-12T06:17:41+00:00\",\"breadcrumb\":{\"@id\":\"https:\/\/facowood.com\/san-pham\/san-go-ngoai-troi-fe145h22\/#breadcrumb\"},\"inLanguage\":\"en-GB\",\"potentialAction\":[{\"@type\":\"ReadAction\",\"target\":[\"https:\/\/facowood.com\/san-pham\/san-go-ngoai-troi-fe145h22\/\"]}]},{\"@type\":\"BreadcrumbList\",\"@id\":\"https:\/\/facowood.com\/san-pham\/san-go-ngoai-troi-fe145h22\/#breadcrumb\",\"itemListElement\":[{\"@type\":\"ListItem\",\"position\":1,\"name\":\"Trang ch\u1ee7\",\"item\":\"https:\/\/facowood.com\/\"},{\"@type\":\"ListItem\",\"position\":2,\"name\":\"C\u1eeda h\u00e0ng\",\"item\":\"https:\/\/facowood.com\/cua-hang\/\"},{\"@type\":\"ListItem\",\"position\":3,\"name\":\"S\u00e0n g\u1ed7 ngo\u00e0i tr\u1eddi FE145H22\"}]},{\"@type\":\"WebSite\",\"@id\":\"https:\/\/facowood.com\/#website\",\"url\":\"https:\/\/facowood.com\/\",\"name\":\"Facowood\",\"description\":\"\",\"publisher\":{\"@id\":\"https:\/\/facowood.com\/#organization\"},\"potentialAction\":[{\"@type\":\"SearchAction\",\"target\":{\"@type\":\"EntryPoint\",\"urlTemplate\":\"https:\/\/facowood.com\/?s={search_term_string}\"},\"query-input\":\"required name=search_term_string\"}],\"inLanguage\":\"en-GB\"},{\"@type\":\"Organization\",\"@id\":\"https:\/\/facowood.com\/#organization\",\"name\":\"Facowood\",\"url\":\"https:\/\/facowood.com\/\",\"logo\":{\"@type\":\"ImageObject\",\"inLanguage\":\"en-GB\",\"@id\":\"https:\/\/facowood.com\/#\/schema\/logo\/image\/\",\"url\":\"https:\/\/facowood.com\/wp-content\/uploads\/2023\/11\/logo_svg.svg\",\"contentUrl\":\"https:\/\/facowood.com\/wp-content\/uploads\/2023\/11\/logo_svg.svg\",\"width\":134,\"height\":56,\"caption\":\"Facowood\"},\"image\":{\"@id\":\"https:\/\/facowood.com\/#\/schema\/logo\/image\/\"}}]}<\/script>\n<!-- \/ Yoast SEO plugin. -->","yoast_head_json":{"title":"S\u00e0n g\u1ed7 ngo\u00e0i tr\u1eddi FE145H22 - Facowood","robots":{"index":"index","follow":"follow","max-snippet":"max-snippet:-1","max-image-preview":"max-image-preview:large","max-video-preview":"max-video-preview:-1"},"canonical":"https:\/\/facowood.com\/en\/product\/san-go-ngoai-troi-fe145h22\/","og_locale":"en_GB","og_type":"article","og_title":"S\u00e0n g\u1ed7 ngo\u00e0i tr\u1eddi FE145H22 - Facowood","og_description":"Code: FE145H22  Size: 145x22x2900mm","og_url":"https:\/\/facowood.com\/en\/product\/san-go-ngoai-troi-fe145h22\/","og_site_name":"Facowood","article_modified_time":"2023-12-12T06:17:41+00:00","og_image":[{"width":1040,"height":720,"url":"https:\/\/facowood.com\/wp-content\/uploads\/2023\/11\/FE145H22.C.png","type":"image\/png"}],"twitter_card":"summary_large_image","twitter_misc":{"Estimated reading time":"1 minute"},"schema":{"@context":"https:\/\/schema.org","@graph":[{"@type":"WebPage","@id":"https:\/\/facowood.com\/san-pham\/san-go-ngoai-troi-fe145h22\/","url":"https:\/\/facowood.com\/san-pham\/san-go-ngoai-troi-fe145h22\/","name":"S\u00e0n g\u1ed7 ngo\u00e0i tr\u1eddi FE145H22 - Facowood","isPartOf":{"@id":"https:\/\/facowood.com\/#website"},"datePublished":"2023-11-24T09:12:20+00:00","dateModified":"2023-12-12T06:17:41+00:00","breadcrumb":{"@id":"https:\/\/facowood.com\/san-pham\/san-go-ngoai-troi-fe145h22\/#breadcrumb"},"inLanguage":"en-GB","potentialAction":[{"@type":"ReadAction","target":["https:\/\/facowood.com\/san-pham\/san-go-ngoai-troi-fe145h22\/"]}]},{"@type":"BreadcrumbList","@id":"https:\/\/facowood.com\/san-pham\/san-go-ngoai-troi-fe145h22\/#breadcrumb","itemListElement":[{"@type":"ListItem","position":1,"name":"Trang ch\u1ee7","item":"https:\/\/facowood.com\/"},{"@type":"ListItem","position":2,"name":"C\u1eeda h\u00e0ng","item":"https:\/\/facowood.com\/cua-hang\/"},{"@type":"ListItem","position":3,"name":"S\u00e0n g\u1ed7 ngo\u00e0i tr\u1eddi FE145H22"}]},{"@type":"WebSite","@id":"https:\/\/facowood.com\/#website","url":"https:\/\/facowood.com\/","name":"Facowood","description":"","publisher":{"@id":"https:\/\/facowood.com\/#organization"},"potentialAction":[{"@type":"SearchAction","target":{"@type":"EntryPoint","urlTemplate":"https:\/\/facowood.com\/?s={search_term_string}"},"query-input":"required name=search_term_string"}],"inLanguage":"en-GB"},{"@type":"Organization","@id":"https:\/\/facowood.com\/#organization","name":"Facowood","url":"https:\/\/facowood.com\/","logo":{"@type":"ImageObject","inLanguage":"en-GB","@id":"https:\/\/facowood.com\/#\/schema\/logo\/image\/","url":"https:\/\/facowood.com\/wp-content\/uploads\/2023\/11\/logo_svg.svg","contentUrl":"https:\/\/facowood.com\/wp-content\/uploads\/2023\/11\/logo_svg.svg","width":134,"height":56,"caption":"Facowood"},"image":{"@id":"https:\/\/facowood.com\/#\/schema\/logo\/image\/"}}]}},"_links":{"self":[{"href":"https:\/\/facowood.com\/en\/wp-json\/wp\/v2\/product\/1919","targetHints":{"allow":["GET"]}}],"collection":[{"href":"https:\/\/facowood.com\/en\/wp-json\/wp\/v2\/product"}],"about":[{"href":"https:\/\/facowood.com\/en\/wp-json\/wp\/v2\/types\/product"}],"replies":[{"embeddable":true,"href":"https:\/\/facowood.com\/en\/wp-json\/wp\/v2\/comments?post=1919"}],"wp:featuredmedia":[{"embeddable":true,"href":"https:\/\/facowood.com\/en\/wp-json\/wp\/v2\/media\/1847"}],"wp:attachment":[{"href":"https:\/\/facowood.com\/en\/wp-json\/wp\/v2\/media?parent=1919"}],"wp:term":[{"taxonomy":"product_cat","embeddable":true,"href":"https:\/\/facowood.com\/en\/wp-json\/wp\/v2\/product_cat?post=1919"},{"taxonomy":"product_tag","embeddable":true,"href":"https:\/\/facowood.com\/en\/wp-json\/wp\/v2\/product_tag?post=1919"}],"curies":[{"name":"wp","href":"https:\/\/api.w.org\/{rel}","templated":true}]}}