{"id":1900,"date":"2023-11-24T08:54:04","date_gmt":"2023-11-24T08:54:04","guid":{"rendered":"https:\/\/facowood.com\/?post_type=product&#038;p=1900"},"modified":"2023-12-12T06:41:16","modified_gmt":"2023-12-12T06:41:16","slug":"tam-op-tuong-fc159w10","status":"publish","type":"product","link":"https:\/\/facowood.com\/en\/product\/tam-op-tuong-fc159w10\/","title":{"rendered":"T\u1ea5m \u1ed1p t\u01b0\u1eddng FC159S10"},"content":{"rendered":"<p><strong>\u1ee8ng d\u1ee5ng:<\/strong> D\u00f9ng \u0111\u1ec3 \u1ed1p tr\u1ea7n, \u1ed1p t\u01b0\u1eddng, lamri&#8230;..(tr\u00e1nh \u00e1nh n\u1eafng tr\u1ef1c ti\u1ebfp)<\/p>\n<p><em><strong>L\u01b0u \u00fd:<\/strong> <\/em>Khi s\u1eed d\u1ee5ng n\u00ean d\u00f9ng h\u1ec7 x\u01b0\u01a1ng th\u00e9p h\u1ed9p\/s\u1eaft h\u1ed9p \u0111\u1ec3 t\u1ea1o m\u1eb7t ph\u1eb3ng v\u00e0 li\u00ean k\u1ebft v\u1edbi t\u1ea5m g\u1ed7 b\u1eb1ng v\u00edt t\u1ef1 khoan. Kho\u1ea3ng c\u00e1ch t\u1ed1i \u0111a gi\u1eefa c\u00e1c x\u01b0\u01a1ng v\u1edbi nhau l\u00e0 350mm.<\/p>\n<p><strong>\u01afu \u0111i\u1ec3m:<\/strong> ch\u1ed1ng ch\u1ecbu th\u1eddi ti\u1ebft, ch\u1ed1ng tr\u01a1n tr\u01b0\u1ee3t, ch\u1ed1ng tia UV, \u0111a d\u1ea1ng m\u00e0u s\u1eafc, d\u1ec5 l\u1eafp \u0111\u1eb7t, d\u1ec5 b\u1ea3o qu\u1ea3n, v\u00e0 mang l\u1ea1i v\u1ebb \u0111\u1eb9p t\u1ef1 nhi\u00ean cho kh\u00f4ng gian. S\u00e0n g\u1ed7 ngo\u00e0i tr\u1eddi c\u00f3 th\u1ec3 \u0111\u01b0\u1ee3c l\u00e0m t\u1eeb g\u1ed7 t\u1ef1 nhi\u00ean ho\u1eb7c g\u1ed7 nh\u1ef1a, t\u00f9y theo nhu c\u1ea7u v\u00e0 ng\u00e2n s\u00e1ch c\u1ee7a kh\u00e1ch h\u00e0ng.<\/p>","protected":false},"excerpt":{"rendered":"<p><strong>Code:<\/strong> FC159S10<\/p>\n<p><strong>Size:<\/strong> 159x10x2900mm<\/p>","protected":false},"featured_media":1836,"comment_status":"open","ping_status":"closed","template":"","meta":[],"product_cat":[18],"product_tag":[],"class_list":["post-1900","product","type-product","status-publish","has-post-thumbnail","hentry","product_cat-tam-op-tuong-phu-pvdf","pa_mau-sac-cherry","pa_mau-sac-royal-teak","pa_mau-sac-walnut"],"acf":[],"yoast_head":"<!-- This site is optimized with the Yoast SEO plugin v21.5 - https:\/\/yoast.com\/wordpress\/plugins\/seo\/ -->\n<title>T\u1ea5m \u1ed1p t\u01b0\u1eddng FC159S10 - Facowood<\/title>\n<meta name=\"robots\" content=\"index, follow, max-snippet:-1, max-image-preview:large, max-video-preview:-1\" \/>\n<link rel=\"canonical\" href=\"https:\/\/facowood.com\/en\/product\/tam-op-tuong-fc159w10\/\" \/>\n<meta property=\"og:locale\" content=\"en_GB\" \/>\n<meta property=\"og:type\" content=\"article\" \/>\n<meta property=\"og:title\" content=\"T\u1ea5m \u1ed1p t\u01b0\u1eddng FC159S10 - Facowood\" \/>\n<meta property=\"og:description\" content=\"Code: FC159S10  Size: 159x10x2900mm\" \/>\n<meta property=\"og:url\" content=\"https:\/\/facowood.com\/en\/product\/tam-op-tuong-fc159w10\/\" \/>\n<meta property=\"og:site_name\" content=\"Facowood\" \/>\n<meta property=\"article:modified_time\" content=\"2023-12-12T06:41:16+00:00\" \/>\n<meta property=\"og:image\" content=\"https:\/\/facowood.com\/wp-content\/uploads\/2023\/11\/FC159S10.C.png\" \/>\n\t<meta property=\"og:image:width\" content=\"1040\" \/>\n\t<meta property=\"og:image:height\" content=\"720\" \/>\n\t<meta property=\"og:image:type\" content=\"image\/png\" \/>\n<meta name=\"twitter:card\" content=\"summary_large_image\" \/>\n<meta name=\"twitter:label1\" content=\"Estimated reading time\" \/>\n\t<meta name=\"twitter:data1\" content=\"1 minute\" \/>\n<script type=\"application\/ld+json\" class=\"yoast-schema-graph\">{\"@context\":\"https:\/\/schema.org\",\"@graph\":[{\"@type\":\"WebPage\",\"@id\":\"https:\/\/facowood.com\/san-pham\/tam-op-tuong-fc159w10\/\",\"url\":\"https:\/\/facowood.com\/san-pham\/tam-op-tuong-fc159w10\/\",\"name\":\"T\u1ea5m \u1ed1p t\u01b0\u1eddng FC159S10 - Facowood\",\"isPartOf\":{\"@id\":\"https:\/\/facowood.com\/#website\"},\"datePublished\":\"2023-11-24T08:54:04+00:00\",\"dateModified\":\"2023-12-12T06:41:16+00:00\",\"breadcrumb\":{\"@id\":\"https:\/\/facowood.com\/san-pham\/tam-op-tuong-fc159w10\/#breadcrumb\"},\"inLanguage\":\"en-GB\",\"potentialAction\":[{\"@type\":\"ReadAction\",\"target\":[\"https:\/\/facowood.com\/san-pham\/tam-op-tuong-fc159w10\/\"]}]},{\"@type\":\"BreadcrumbList\",\"@id\":\"https:\/\/facowood.com\/san-pham\/tam-op-tuong-fc159w10\/#breadcrumb\",\"itemListElement\":[{\"@type\":\"ListItem\",\"position\":1,\"name\":\"Trang ch\u1ee7\",\"item\":\"https:\/\/facowood.com\/\"},{\"@type\":\"ListItem\",\"position\":2,\"name\":\"C\u1eeda h\u00e0ng\",\"item\":\"https:\/\/facowood.com\/cua-hang\/\"},{\"@type\":\"ListItem\",\"position\":3,\"name\":\"T\u1ea5m \u1ed1p t\u01b0\u1eddng FC159S10\"}]},{\"@type\":\"WebSite\",\"@id\":\"https:\/\/facowood.com\/#website\",\"url\":\"https:\/\/facowood.com\/\",\"name\":\"Facowood\",\"description\":\"\",\"publisher\":{\"@id\":\"https:\/\/facowood.com\/#organization\"},\"potentialAction\":[{\"@type\":\"SearchAction\",\"target\":{\"@type\":\"EntryPoint\",\"urlTemplate\":\"https:\/\/facowood.com\/?s={search_term_string}\"},\"query-input\":\"required name=search_term_string\"}],\"inLanguage\":\"en-GB\"},{\"@type\":\"Organization\",\"@id\":\"https:\/\/facowood.com\/#organization\",\"name\":\"Facowood\",\"url\":\"https:\/\/facowood.com\/\",\"logo\":{\"@type\":\"ImageObject\",\"inLanguage\":\"en-GB\",\"@id\":\"https:\/\/facowood.com\/#\/schema\/logo\/image\/\",\"url\":\"https:\/\/facowood.com\/wp-content\/uploads\/2023\/11\/logo_svg.svg\",\"contentUrl\":\"https:\/\/facowood.com\/wp-content\/uploads\/2023\/11\/logo_svg.svg\",\"width\":134,\"height\":56,\"caption\":\"Facowood\"},\"image\":{\"@id\":\"https:\/\/facowood.com\/#\/schema\/logo\/image\/\"}}]}<\/script>\n<!-- \/ Yoast SEO plugin. -->","yoast_head_json":{"title":"T\u1ea5m \u1ed1p t\u01b0\u1eddng FC159S10 - Facowood","robots":{"index":"index","follow":"follow","max-snippet":"max-snippet:-1","max-image-preview":"max-image-preview:large","max-video-preview":"max-video-preview:-1"},"canonical":"https:\/\/facowood.com\/en\/product\/tam-op-tuong-fc159w10\/","og_locale":"en_GB","og_type":"article","og_title":"T\u1ea5m \u1ed1p t\u01b0\u1eddng FC159S10 - Facowood","og_description":"Code: FC159S10  Size: 159x10x2900mm","og_url":"https:\/\/facowood.com\/en\/product\/tam-op-tuong-fc159w10\/","og_site_name":"Facowood","article_modified_time":"2023-12-12T06:41:16+00:00","og_image":[{"width":1040,"height":720,"url":"https:\/\/facowood.com\/wp-content\/uploads\/2023\/11\/FC159S10.C.png","type":"image\/png"}],"twitter_card":"summary_large_image","twitter_misc":{"Estimated reading time":"1 minute"},"schema":{"@context":"https:\/\/schema.org","@graph":[{"@type":"WebPage","@id":"https:\/\/facowood.com\/san-pham\/tam-op-tuong-fc159w10\/","url":"https:\/\/facowood.com\/san-pham\/tam-op-tuong-fc159w10\/","name":"T\u1ea5m \u1ed1p t\u01b0\u1eddng FC159S10 - Facowood","isPartOf":{"@id":"https:\/\/facowood.com\/#website"},"datePublished":"2023-11-24T08:54:04+00:00","dateModified":"2023-12-12T06:41:16+00:00","breadcrumb":{"@id":"https:\/\/facowood.com\/san-pham\/tam-op-tuong-fc159w10\/#breadcrumb"},"inLanguage":"en-GB","potentialAction":[{"@type":"ReadAction","target":["https:\/\/facowood.com\/san-pham\/tam-op-tuong-fc159w10\/"]}]},{"@type":"BreadcrumbList","@id":"https:\/\/facowood.com\/san-pham\/tam-op-tuong-fc159w10\/#breadcrumb","itemListElement":[{"@type":"ListItem","position":1,"name":"Trang ch\u1ee7","item":"https:\/\/facowood.com\/"},{"@type":"ListItem","position":2,"name":"C\u1eeda h\u00e0ng","item":"https:\/\/facowood.com\/cua-hang\/"},{"@type":"ListItem","position":3,"name":"T\u1ea5m \u1ed1p t\u01b0\u1eddng FC159S10"}]},{"@type":"WebSite","@id":"https:\/\/facowood.com\/#website","url":"https:\/\/facowood.com\/","name":"Facowood","description":"","publisher":{"@id":"https:\/\/facowood.com\/#organization"},"potentialAction":[{"@type":"SearchAction","target":{"@type":"EntryPoint","urlTemplate":"https:\/\/facowood.com\/?s={search_term_string}"},"query-input":"required name=search_term_string"}],"inLanguage":"en-GB"},{"@type":"Organization","@id":"https:\/\/facowood.com\/#organization","name":"Facowood","url":"https:\/\/facowood.com\/","logo":{"@type":"ImageObject","inLanguage":"en-GB","@id":"https:\/\/facowood.com\/#\/schema\/logo\/image\/","url":"https:\/\/facowood.com\/wp-content\/uploads\/2023\/11\/logo_svg.svg","contentUrl":"https:\/\/facowood.com\/wp-content\/uploads\/2023\/11\/logo_svg.svg","width":134,"height":56,"caption":"Facowood"},"image":{"@id":"https:\/\/facowood.com\/#\/schema\/logo\/image\/"}}]}},"_links":{"self":[{"href":"https:\/\/facowood.com\/en\/wp-json\/wp\/v2\/product\/1900","targetHints":{"allow":["GET"]}}],"collection":[{"href":"https:\/\/facowood.com\/en\/wp-json\/wp\/v2\/product"}],"about":[{"href":"https:\/\/facowood.com\/en\/wp-json\/wp\/v2\/types\/product"}],"replies":[{"embeddable":true,"href":"https:\/\/facowood.com\/en\/wp-json\/wp\/v2\/comments?post=1900"}],"wp:featuredmedia":[{"embeddable":true,"href":"https:\/\/facowood.com\/en\/wp-json\/wp\/v2\/media\/1836"}],"wp:attachment":[{"href":"https:\/\/facowood.com\/en\/wp-json\/wp\/v2\/media?parent=1900"}],"wp:term":[{"taxonomy":"product_cat","embeddable":true,"href":"https:\/\/facowood.com\/en\/wp-json\/wp\/v2\/product_cat?post=1900"},{"taxonomy":"product_tag","embeddable":true,"href":"https:\/\/facowood.com\/en\/wp-json\/wp\/v2\/product_tag?post=1900"}],"curies":[{"name":"wp","href":"https:\/\/api.w.org\/{rel}","templated":true}]}}